{"id":41760,"date":"2026-05-12T13:11:54","date_gmt":"2026-05-12T17:11:54","guid":{"rendered":"https:\/\/www.jak-s.com\/?post_type=product&#038;p=41760"},"modified":"2026-05-12T13:11:54","modified_gmt":"2026-05-12T17:11:54","slug":"alice","status":"publish","type":"product","link":"https:\/\/www.jak-s.com\/fr\/produits\/soldes\/sac-a-bandouliere-2\/alice\/","title":{"rendered":"ALICE"},"content":{"rendered":"","protected":false},"excerpt":{"rendered":"","protected":false},"featured_media":41764,"comment_status":"closed","ping_status":"closed","template":"","meta":[],"product_brand":[],"product_cat":[1004,111],"product_tag":[],"class_list":{"0":"post-41760","1":"product","2":"type-product","3":"status-publish","4":"has-post-thumbnail","6":"product_cat-sac-a-bandouliere-2","7":"product_cat-soldes","9":"first","10":"instock","11":"sale","12":"taxable","13":"shipping-taxable","14":"purchasable","15":"product-type-variable"},"yoast_head":"<!-- This site is optimized with the Yoast SEO plugin v27.3 - https:\/\/yoast.com\/product\/yoast-seo-wordpress\/ -->\n<title>ALICE - Jak&#039;s | Pr\u00eat-\u00e0-oser | Sacs \u00e0 mains | Boutique en ligne<\/title>\n<meta name=\"robots\" content=\"index, follow, max-snippet:-1, max-image-preview:large, max-video-preview:-1\" \/>\n<link rel=\"canonical\" href=\"https:\/\/www.jak-s.com\/fr\/produits\/soldes\/sac-a-bandouliere-2\/alice\/\" \/>\n<meta property=\"og:locale\" content=\"fr_FR\" \/>\n<meta property=\"og:type\" content=\"article\" \/>\n<meta property=\"og:title\" content=\"ALICE - Jak&#039;s | Pr\u00eat-\u00e0-oser | Sacs \u00e0 mains | Boutique en ligne\" \/>\n<meta property=\"og:url\" content=\"https:\/\/www.jak-s.com\/fr\/produits\/soldes\/sac-a-bandouliere-2\/alice\/\" \/>\n<meta property=\"og:site_name\" content=\"Jak&#039;s | Pr\u00eat-\u00e0-oser | Sacs \u00e0 mains | Boutique en ligne\" \/>\n<meta property=\"article:publisher\" content=\"https:\/\/www.facebook.com\/jaks.concours\" \/>\n<meta property=\"og:image\" content=\"https:\/\/www.jak-s.com\/wp-content\/uploads\/2026\/05\/Photoroom_20260512_130404.jpg\" \/>\n\t<meta property=\"og:image:width\" content=\"708\" \/>\n\t<meta property=\"og:image:height\" content=\"680\" \/>\n\t<meta property=\"og:image:type\" content=\"image\/jpeg\" \/>\n<meta name=\"twitter:card\" content=\"summary_large_image\" \/>\n<meta name=\"twitter:label1\" content=\"Dur\u00e9e de lecture estim\u00e9e\" \/>\n\t<meta name=\"twitter:data1\" content=\"1 minute\" \/>\n<script type=\"application\/ld+json\" class=\"yoast-schema-graph\">{\"@context\":\"https:\\\/\\\/schema.org\",\"@graph\":[{\"@type\":\"WebPage\",\"@id\":\"https:\\\/\\\/www.jak-s.com\\\/fr\\\/produits\\\/soldes\\\/sac-a-bandouliere-2\\\/alice\\\/\",\"url\":\"https:\\\/\\\/www.jak-s.com\\\/fr\\\/produits\\\/soldes\\\/sac-a-bandouliere-2\\\/alice\\\/\",\"name\":\"ALICE - Jak&#039;s | Pr\u00eat-\u00e0-oser | Sacs \u00e0 mains | Boutique en ligne\",\"isPartOf\":{\"@id\":\"https:\\\/\\\/www.jak-s.com\\\/fr\\\/#website\"},\"primaryImageOfPage\":{\"@id\":\"https:\\\/\\\/www.jak-s.com\\\/fr\\\/produits\\\/soldes\\\/sac-a-bandouliere-2\\\/alice\\\/#primaryimage\"},\"image\":{\"@id\":\"https:\\\/\\\/www.jak-s.com\\\/fr\\\/produits\\\/soldes\\\/sac-a-bandouliere-2\\\/alice\\\/#primaryimage\"},\"thumbnailUrl\":\"https:\\\/\\\/www.jak-s.com\\\/wp-content\\\/uploads\\\/2026\\\/05\\\/Photoroom_20260512_130404.jpg\",\"datePublished\":\"2026-05-12T17:11:54+00:00\",\"breadcrumb\":{\"@id\":\"https:\\\/\\\/www.jak-s.com\\\/fr\\\/produits\\\/soldes\\\/sac-a-bandouliere-2\\\/alice\\\/#breadcrumb\"},\"inLanguage\":\"fr-FR\",\"potentialAction\":[{\"@type\":\"ReadAction\",\"target\":[\"https:\\\/\\\/www.jak-s.com\\\/fr\\\/produits\\\/soldes\\\/sac-a-bandouliere-2\\\/alice\\\/\"]}]},{\"@type\":\"ImageObject\",\"inLanguage\":\"fr-FR\",\"@id\":\"https:\\\/\\\/www.jak-s.com\\\/fr\\\/produits\\\/soldes\\\/sac-a-bandouliere-2\\\/alice\\\/#primaryimage\",\"url\":\"https:\\\/\\\/www.jak-s.com\\\/wp-content\\\/uploads\\\/2026\\\/05\\\/Photoroom_20260512_130404.jpg\",\"contentUrl\":\"https:\\\/\\\/www.jak-s.com\\\/wp-content\\\/uploads\\\/2026\\\/05\\\/Photoroom_20260512_130404.jpg\",\"width\":708,\"height\":680},{\"@type\":\"BreadcrumbList\",\"@id\":\"https:\\\/\\\/www.jak-s.com\\\/fr\\\/produits\\\/soldes\\\/sac-a-bandouliere-2\\\/alice\\\/#breadcrumb\",\"itemListElement\":[{\"@type\":\"ListItem\",\"position\":1,\"name\":\"Boutique\",\"item\":\"https:\\\/\\\/www.jak-s.com\\\/fr\\\/boutique\\\/\"},{\"@type\":\"ListItem\",\"position\":2,\"name\":\"Soldes\",\"item\":\"https:\\\/\\\/www.jak-s.com\\\/fr\\\/collections\\\/soldes\\\/\"},{\"@type\":\"ListItem\",\"position\":3,\"name\":\"ALICE\"}]},{\"@type\":\"WebSite\",\"@id\":\"https:\\\/\\\/www.jak-s.com\\\/fr\\\/#website\",\"url\":\"https:\\\/\\\/www.jak-s.com\\\/fr\\\/\",\"name\":\"Jak&#039;s | Pr\u00eat-\u00e0-oser | Sacs \u00e0 mains | Boutique en ligne\",\"description\":\"\",\"publisher\":{\"@id\":\"https:\\\/\\\/www.jak-s.com\\\/fr\\\/#organization\"},\"potentialAction\":[{\"@type\":\"SearchAction\",\"target\":{\"@type\":\"EntryPoint\",\"urlTemplate\":\"https:\\\/\\\/www.jak-s.com\\\/fr\\\/?s={search_term_string}\"},\"query-input\":{\"@type\":\"PropertyValueSpecification\",\"valueRequired\":true,\"valueName\":\"search_term_string\"}}],\"inLanguage\":\"fr-FR\"},{\"@type\":\"Organization\",\"@id\":\"https:\\\/\\\/www.jak-s.com\\\/fr\\\/#organization\",\"name\":\"Jak's\",\"url\":\"https:\\\/\\\/www.jak-s.com\\\/fr\\\/\",\"logo\":{\"@type\":\"ImageObject\",\"inLanguage\":\"fr-FR\",\"@id\":\"https:\\\/\\\/www.jak-s.com\\\/fr\\\/#\\\/schema\\\/logo\\\/image\\\/\",\"url\":\"https:\\\/\\\/www.jak-s.com\\\/wp-content\\\/uploads\\\/2020\\\/10\\\/logo-jaks-fr.png\",\"contentUrl\":\"https:\\\/\\\/www.jak-s.com\\\/wp-content\\\/uploads\\\/2020\\\/10\\\/logo-jaks-fr.png\",\"width\":134,\"height\":134,\"caption\":\"Jak's\"},\"image\":{\"@id\":\"https:\\\/\\\/www.jak-s.com\\\/fr\\\/#\\\/schema\\\/logo\\\/image\\\/\"},\"sameAs\":[\"https:\\\/\\\/www.facebook.com\\\/jaks.concours\",\"https:\\\/\\\/www.instagram.com\\\/jaks_sacs_a_mains\\\/\"]}]}<\/script>\n<!-- \/ Yoast SEO plugin. -->","yoast_head_json":{"title":"ALICE - Jak&#039;s | Pr\u00eat-\u00e0-oser | Sacs \u00e0 mains | Boutique en ligne","robots":{"index":"index","follow":"follow","max-snippet":"max-snippet:-1","max-image-preview":"max-image-preview:large","max-video-preview":"max-video-preview:-1"},"canonical":"https:\/\/www.jak-s.com\/fr\/produits\/soldes\/sac-a-bandouliere-2\/alice\/","og_locale":"fr_FR","og_type":"article","og_title":"ALICE - Jak&#039;s | Pr\u00eat-\u00e0-oser | Sacs \u00e0 mains | Boutique en ligne","og_url":"https:\/\/www.jak-s.com\/fr\/produits\/soldes\/sac-a-bandouliere-2\/alice\/","og_site_name":"Jak&#039;s | Pr\u00eat-\u00e0-oser | Sacs \u00e0 mains | Boutique en ligne","article_publisher":"https:\/\/www.facebook.com\/jaks.concours","og_image":[{"width":708,"height":680,"url":"https:\/\/www.jak-s.com\/wp-content\/uploads\/2026\/05\/Photoroom_20260512_130404.jpg","type":"image\/jpeg"}],"twitter_card":"summary_large_image","twitter_misc":{"Dur\u00e9e de lecture estim\u00e9e":"1 minute"},"schema":{"@context":"https:\/\/schema.org","@graph":[{"@type":"WebPage","@id":"https:\/\/www.jak-s.com\/fr\/produits\/soldes\/sac-a-bandouliere-2\/alice\/","url":"https:\/\/www.jak-s.com\/fr\/produits\/soldes\/sac-a-bandouliere-2\/alice\/","name":"ALICE - Jak&#039;s | Pr\u00eat-\u00e0-oser | Sacs \u00e0 mains | Boutique en ligne","isPartOf":{"@id":"https:\/\/www.jak-s.com\/fr\/#website"},"primaryImageOfPage":{"@id":"https:\/\/www.jak-s.com\/fr\/produits\/soldes\/sac-a-bandouliere-2\/alice\/#primaryimage"},"image":{"@id":"https:\/\/www.jak-s.com\/fr\/produits\/soldes\/sac-a-bandouliere-2\/alice\/#primaryimage"},"thumbnailUrl":"https:\/\/www.jak-s.com\/wp-content\/uploads\/2026\/05\/Photoroom_20260512_130404.jpg","datePublished":"2026-05-12T17:11:54+00:00","breadcrumb":{"@id":"https:\/\/www.jak-s.com\/fr\/produits\/soldes\/sac-a-bandouliere-2\/alice\/#breadcrumb"},"inLanguage":"fr-FR","potentialAction":[{"@type":"ReadAction","target":["https:\/\/www.jak-s.com\/fr\/produits\/soldes\/sac-a-bandouliere-2\/alice\/"]}]},{"@type":"ImageObject","inLanguage":"fr-FR","@id":"https:\/\/www.jak-s.com\/fr\/produits\/soldes\/sac-a-bandouliere-2\/alice\/#primaryimage","url":"https:\/\/www.jak-s.com\/wp-content\/uploads\/2026\/05\/Photoroom_20260512_130404.jpg","contentUrl":"https:\/\/www.jak-s.com\/wp-content\/uploads\/2026\/05\/Photoroom_20260512_130404.jpg","width":708,"height":680},{"@type":"BreadcrumbList","@id":"https:\/\/www.jak-s.com\/fr\/produits\/soldes\/sac-a-bandouliere-2\/alice\/#breadcrumb","itemListElement":[{"@type":"ListItem","position":1,"name":"Boutique","item":"https:\/\/www.jak-s.com\/fr\/boutique\/"},{"@type":"ListItem","position":2,"name":"Soldes","item":"https:\/\/www.jak-s.com\/fr\/collections\/soldes\/"},{"@type":"ListItem","position":3,"name":"ALICE"}]},{"@type":"WebSite","@id":"https:\/\/www.jak-s.com\/fr\/#website","url":"https:\/\/www.jak-s.com\/fr\/","name":"Jak&#039;s | Pr\u00eat-\u00e0-oser | Sacs \u00e0 mains | Boutique en ligne","description":"","publisher":{"@id":"https:\/\/www.jak-s.com\/fr\/#organization"},"potentialAction":[{"@type":"SearchAction","target":{"@type":"EntryPoint","urlTemplate":"https:\/\/www.jak-s.com\/fr\/?s={search_term_string}"},"query-input":{"@type":"PropertyValueSpecification","valueRequired":true,"valueName":"search_term_string"}}],"inLanguage":"fr-FR"},{"@type":"Organization","@id":"https:\/\/www.jak-s.com\/fr\/#organization","name":"Jak's","url":"https:\/\/www.jak-s.com\/fr\/","logo":{"@type":"ImageObject","inLanguage":"fr-FR","@id":"https:\/\/www.jak-s.com\/fr\/#\/schema\/logo\/image\/","url":"https:\/\/www.jak-s.com\/wp-content\/uploads\/2020\/10\/logo-jaks-fr.png","contentUrl":"https:\/\/www.jak-s.com\/wp-content\/uploads\/2020\/10\/logo-jaks-fr.png","width":134,"height":134,"caption":"Jak's"},"image":{"@id":"https:\/\/www.jak-s.com\/fr\/#\/schema\/logo\/image\/"},"sameAs":["https:\/\/www.facebook.com\/jaks.concours","https:\/\/www.instagram.com\/jaks_sacs_a_mains\/"]}]}},"_links":{"self":[{"href":"https:\/\/www.jak-s.com\/fr\/wp-json\/wp\/v2\/product\/41760","targetHints":{"allow":["GET"]}}],"collection":[{"href":"https:\/\/www.jak-s.com\/fr\/wp-json\/wp\/v2\/product"}],"about":[{"href":"https:\/\/www.jak-s.com\/fr\/wp-json\/wp\/v2\/types\/product"}],"replies":[{"embeddable":true,"href":"https:\/\/www.jak-s.com\/fr\/wp-json\/wp\/v2\/comments?post=41760"}],"wp:featuredmedia":[{"embeddable":true,"href":"https:\/\/www.jak-s.com\/fr\/wp-json\/wp\/v2\/media\/41764"}],"wp:attachment":[{"href":"https:\/\/www.jak-s.com\/fr\/wp-json\/wp\/v2\/media?parent=41760"}],"wp:term":[{"taxonomy":"product_brand","embeddable":true,"href":"https:\/\/www.jak-s.com\/fr\/wp-json\/wp\/v2\/product_brand?post=41760"},{"taxonomy":"product_cat","embeddable":true,"href":"https:\/\/www.jak-s.com\/fr\/wp-json\/wp\/v2\/product_cat?post=41760"},{"taxonomy":"product_tag","embeddable":true,"href":"https:\/\/www.jak-s.com\/fr\/wp-json\/wp\/v2\/product_tag?post=41760"}],"curies":[{"name":"wp","href":"https:\/\/api.w.org\/{rel}","templated":true}]}}