{"id":40580,"date":"2026-01-20T12:51:22","date_gmt":"2026-01-20T17:51:22","guid":{"rendered":"https:\/\/www.jak-s.com\/?post_type=product&#038;p=40580"},"modified":"2026-03-17T19:01:56","modified_gmt":"2026-03-17T23:01:56","slug":"petit-sac-a-bandouliere-6","status":"publish","type":"product","link":"https:\/\/www.jak-s.com\/fr\/produits\/printemps-2026\/sac-a-bandouliere-printemps-2026\/petit-sac-a-bandouliere-6\/","title":{"rendered":"Petit sac \u00e0 bandouli\u00e8re"},"content":{"rendered":"","protected":false},"excerpt":{"rendered":"<p>Ce petit sac \u00e0 bandouli\u00e8re classique conviendra \u00e0 tous vos d\u00e9placements. Vous aimerez ses 2 sections distinctes et ses nombreux compartiments pour ranger cartes, argent et effets personnels. Une ouverture entre les 2 sections permet de ranger et d\u2019avoir acc\u00e8s au t\u00e9l\u00e9phone rapidement.<\/p>\n<ul>\n<li>Bandouli\u00e8re ajustable<\/li>\n<li>Nombreux compartiments pour cartes et argent<\/li>\n<li>Pochette ext\u00e9rieure avec fermoir \u00e0 l\u2019arri\u00e8re<\/li>\n<li>Lavable \u00e0 la machine<\/li>\n<\/ul>\n","protected":false},"featured_media":40587,"comment_status":"closed","ping_status":"closed","template":"","meta":[],"product_brand":[],"product_cat":[1333,1327,1328],"product_tag":[],"class_list":{"0":"post-40580","1":"product","2":"type-product","3":"status-publish","4":"has-post-thumbnail","6":"product_cat-accessoires-printemps-2026","7":"product_cat-printemps-2026","8":"product_cat-sac-a-bandouliere-printemps-2026","10":"first","11":"instock","12":"taxable","13":"shipping-taxable","14":"purchasable","15":"product-type-variable"},"yoast_head":"<!-- This site is optimized with the Yoast SEO plugin v27.3 - https:\/\/yoast.com\/product\/yoast-seo-wordpress\/ -->\n<title>Petit sac \u00e0 bandouli\u00e8re - Jak&#039;s | Pr\u00eat-\u00e0-oser | Sacs \u00e0 mains | Boutique en ligne<\/title>\n<meta name=\"robots\" content=\"index, follow, max-snippet:-1, max-image-preview:large, max-video-preview:-1\" \/>\n<link rel=\"canonical\" href=\"https:\/\/www.jak-s.com\/fr\/produits\/printemps-2026\/sac-a-bandouliere-printemps-2026\/petit-sac-a-bandouliere-6\/\" \/>\n<meta property=\"og:locale\" content=\"fr_FR\" \/>\n<meta property=\"og:type\" content=\"article\" \/>\n<meta property=\"og:title\" content=\"Petit sac \u00e0 bandouli\u00e8re - Jak&#039;s | Pr\u00eat-\u00e0-oser | Sacs \u00e0 mains | Boutique en ligne\" \/>\n<meta property=\"og:description\" content=\"Ce petit sac \u00e0 bandouli\u00e8re classique conviendra \u00e0 tous vos d\u00e9placements. Vous aimerez ses 2 sections distinctes et ses nombreux compartiments pour ranger cartes, argent et effets personnels. Une ouverture entre les 2 sections permet de ranger et d\u2019avoir acc\u00e8s au t\u00e9l\u00e9phone rapidement.   Bandouli\u00e8re ajustable  Nombreux compartiments pour cartes et argent  Pochette ext\u00e9rieure avec fermoir \u00e0 l\u2019arri\u00e8re  Lavable \u00e0 la machine\" \/>\n<meta property=\"og:url\" content=\"https:\/\/www.jak-s.com\/fr\/produits\/printemps-2026\/sac-a-bandouliere-printemps-2026\/petit-sac-a-bandouliere-6\/\" \/>\n<meta property=\"og:site_name\" content=\"Jak&#039;s | Pr\u00eat-\u00e0-oser | Sacs \u00e0 mains | Boutique en ligne\" \/>\n<meta property=\"article:publisher\" content=\"https:\/\/www.facebook.com\/jaks.concours\" \/>\n<meta property=\"article:modified_time\" content=\"2026-03-17T23:01:56+00:00\" \/>\n<meta property=\"og:image\" content=\"https:\/\/www.jak-s.com\/wp-content\/uploads\/2026\/01\/ACC-200-noi.jpg\" \/>\n\t<meta property=\"og:image:width\" content=\"2250\" \/>\n\t<meta property=\"og:image:height\" content=\"2250\" \/>\n\t<meta property=\"og:image:type\" content=\"image\/jpeg\" \/>\n<meta name=\"twitter:card\" content=\"summary_large_image\" \/>\n<meta name=\"twitter:label1\" content=\"Dur\u00e9e de lecture estim\u00e9e\" \/>\n\t<meta name=\"twitter:data1\" content=\"1 minute\" \/>\n<script type=\"application\/ld+json\" class=\"yoast-schema-graph\">{\"@context\":\"https:\\\/\\\/schema.org\",\"@graph\":[{\"@type\":\"WebPage\",\"@id\":\"https:\\\/\\\/www.jak-s.com\\\/fr\\\/produits\\\/printemps-2026\\\/sac-a-bandouliere-printemps-2026\\\/petit-sac-a-bandouliere-6\\\/\",\"url\":\"https:\\\/\\\/www.jak-s.com\\\/fr\\\/produits\\\/printemps-2026\\\/sac-a-bandouliere-printemps-2026\\\/petit-sac-a-bandouliere-6\\\/\",\"name\":\"Petit sac \u00e0 bandouli\u00e8re - Jak&#039;s | Pr\u00eat-\u00e0-oser | Sacs \u00e0 mains | Boutique en ligne\",\"isPartOf\":{\"@id\":\"https:\\\/\\\/www.jak-s.com\\\/fr\\\/#website\"},\"primaryImageOfPage\":{\"@id\":\"https:\\\/\\\/www.jak-s.com\\\/fr\\\/produits\\\/printemps-2026\\\/sac-a-bandouliere-printemps-2026\\\/petit-sac-a-bandouliere-6\\\/#primaryimage\"},\"image\":{\"@id\":\"https:\\\/\\\/www.jak-s.com\\\/fr\\\/produits\\\/printemps-2026\\\/sac-a-bandouliere-printemps-2026\\\/petit-sac-a-bandouliere-6\\\/#primaryimage\"},\"thumbnailUrl\":\"https:\\\/\\\/www.jak-s.com\\\/wp-content\\\/uploads\\\/2026\\\/01\\\/ACC-200-noi.jpg\",\"datePublished\":\"2026-01-20T17:51:22+00:00\",\"dateModified\":\"2026-03-17T23:01:56+00:00\",\"breadcrumb\":{\"@id\":\"https:\\\/\\\/www.jak-s.com\\\/fr\\\/produits\\\/printemps-2026\\\/sac-a-bandouliere-printemps-2026\\\/petit-sac-a-bandouliere-6\\\/#breadcrumb\"},\"inLanguage\":\"fr-FR\",\"potentialAction\":[{\"@type\":\"ReadAction\",\"target\":[\"https:\\\/\\\/www.jak-s.com\\\/fr\\\/produits\\\/printemps-2026\\\/sac-a-bandouliere-printemps-2026\\\/petit-sac-a-bandouliere-6\\\/\"]}]},{\"@type\":\"ImageObject\",\"inLanguage\":\"fr-FR\",\"@id\":\"https:\\\/\\\/www.jak-s.com\\\/fr\\\/produits\\\/printemps-2026\\\/sac-a-bandouliere-printemps-2026\\\/petit-sac-a-bandouliere-6\\\/#primaryimage\",\"url\":\"https:\\\/\\\/www.jak-s.com\\\/wp-content\\\/uploads\\\/2026\\\/01\\\/ACC-200-noi.jpg\",\"contentUrl\":\"https:\\\/\\\/www.jak-s.com\\\/wp-content\\\/uploads\\\/2026\\\/01\\\/ACC-200-noi.jpg\",\"width\":2250,\"height\":2250},{\"@type\":\"BreadcrumbList\",\"@id\":\"https:\\\/\\\/www.jak-s.com\\\/fr\\\/produits\\\/printemps-2026\\\/sac-a-bandouliere-printemps-2026\\\/petit-sac-a-bandouliere-6\\\/#breadcrumb\",\"itemListElement\":[{\"@type\":\"ListItem\",\"position\":1,\"name\":\"Boutique\",\"item\":\"https:\\\/\\\/www.jak-s.com\\\/fr\\\/boutique\\\/\"},{\"@type\":\"ListItem\",\"position\":2,\"name\":\"Printemps 2026\",\"item\":\"https:\\\/\\\/www.jak-s.com\\\/fr\\\/collections\\\/printemps-2026\\\/\"},{\"@type\":\"ListItem\",\"position\":3,\"name\":\"Petit sac \u00e0 bandouli\u00e8re\"}]},{\"@type\":\"WebSite\",\"@id\":\"https:\\\/\\\/www.jak-s.com\\\/fr\\\/#website\",\"url\":\"https:\\\/\\\/www.jak-s.com\\\/fr\\\/\",\"name\":\"Jak&#039;s | Pr\u00eat-\u00e0-oser | Sacs \u00e0 mains | Boutique en ligne\",\"description\":\"\",\"publisher\":{\"@id\":\"https:\\\/\\\/www.jak-s.com\\\/fr\\\/#organization\"},\"potentialAction\":[{\"@type\":\"SearchAction\",\"target\":{\"@type\":\"EntryPoint\",\"urlTemplate\":\"https:\\\/\\\/www.jak-s.com\\\/fr\\\/?s={search_term_string}\"},\"query-input\":{\"@type\":\"PropertyValueSpecification\",\"valueRequired\":true,\"valueName\":\"search_term_string\"}}],\"inLanguage\":\"fr-FR\"},{\"@type\":\"Organization\",\"@id\":\"https:\\\/\\\/www.jak-s.com\\\/fr\\\/#organization\",\"name\":\"Jak's\",\"url\":\"https:\\\/\\\/www.jak-s.com\\\/fr\\\/\",\"logo\":{\"@type\":\"ImageObject\",\"inLanguage\":\"fr-FR\",\"@id\":\"https:\\\/\\\/www.jak-s.com\\\/fr\\\/#\\\/schema\\\/logo\\\/image\\\/\",\"url\":\"https:\\\/\\\/www.jak-s.com\\\/wp-content\\\/uploads\\\/2020\\\/10\\\/logo-jaks-fr.png\",\"contentUrl\":\"https:\\\/\\\/www.jak-s.com\\\/wp-content\\\/uploads\\\/2020\\\/10\\\/logo-jaks-fr.png\",\"width\":134,\"height\":134,\"caption\":\"Jak's\"},\"image\":{\"@id\":\"https:\\\/\\\/www.jak-s.com\\\/fr\\\/#\\\/schema\\\/logo\\\/image\\\/\"},\"sameAs\":[\"https:\\\/\\\/www.facebook.com\\\/jaks.concours\",\"https:\\\/\\\/www.instagram.com\\\/jaks_sacs_a_mains\\\/\"]}]}<\/script>\n<!-- \/ Yoast SEO plugin. -->","yoast_head_json":{"title":"Petit sac \u00e0 bandouli\u00e8re - Jak&#039;s | Pr\u00eat-\u00e0-oser | Sacs \u00e0 mains | Boutique en ligne","robots":{"index":"index","follow":"follow","max-snippet":"max-snippet:-1","max-image-preview":"max-image-preview:large","max-video-preview":"max-video-preview:-1"},"canonical":"https:\/\/www.jak-s.com\/fr\/produits\/printemps-2026\/sac-a-bandouliere-printemps-2026\/petit-sac-a-bandouliere-6\/","og_locale":"fr_FR","og_type":"article","og_title":"Petit sac \u00e0 bandouli\u00e8re - Jak&#039;s | Pr\u00eat-\u00e0-oser | Sacs \u00e0 mains | Boutique en ligne","og_description":"Ce petit sac \u00e0 bandouli\u00e8re classique conviendra \u00e0 tous vos d\u00e9placements. Vous aimerez ses 2 sections distinctes et ses nombreux compartiments pour ranger cartes, argent et effets personnels. Une ouverture entre les 2 sections permet de ranger et d\u2019avoir acc\u00e8s au t\u00e9l\u00e9phone rapidement.   Bandouli\u00e8re ajustable  Nombreux compartiments pour cartes et argent  Pochette ext\u00e9rieure avec fermoir \u00e0 l\u2019arri\u00e8re  Lavable \u00e0 la machine","og_url":"https:\/\/www.jak-s.com\/fr\/produits\/printemps-2026\/sac-a-bandouliere-printemps-2026\/petit-sac-a-bandouliere-6\/","og_site_name":"Jak&#039;s | Pr\u00eat-\u00e0-oser | Sacs \u00e0 mains | Boutique en ligne","article_publisher":"https:\/\/www.facebook.com\/jaks.concours","article_modified_time":"2026-03-17T23:01:56+00:00","og_image":[{"width":2250,"height":2250,"url":"https:\/\/www.jak-s.com\/wp-content\/uploads\/2026\/01\/ACC-200-noi.jpg","type":"image\/jpeg"}],"twitter_card":"summary_large_image","twitter_misc":{"Dur\u00e9e de lecture estim\u00e9e":"1 minute"},"schema":{"@context":"https:\/\/schema.org","@graph":[{"@type":"WebPage","@id":"https:\/\/www.jak-s.com\/fr\/produits\/printemps-2026\/sac-a-bandouliere-printemps-2026\/petit-sac-a-bandouliere-6\/","url":"https:\/\/www.jak-s.com\/fr\/produits\/printemps-2026\/sac-a-bandouliere-printemps-2026\/petit-sac-a-bandouliere-6\/","name":"Petit sac \u00e0 bandouli\u00e8re - Jak&#039;s | Pr\u00eat-\u00e0-oser | Sacs \u00e0 mains | Boutique en ligne","isPartOf":{"@id":"https:\/\/www.jak-s.com\/fr\/#website"},"primaryImageOfPage":{"@id":"https:\/\/www.jak-s.com\/fr\/produits\/printemps-2026\/sac-a-bandouliere-printemps-2026\/petit-sac-a-bandouliere-6\/#primaryimage"},"image":{"@id":"https:\/\/www.jak-s.com\/fr\/produits\/printemps-2026\/sac-a-bandouliere-printemps-2026\/petit-sac-a-bandouliere-6\/#primaryimage"},"thumbnailUrl":"https:\/\/www.jak-s.com\/wp-content\/uploads\/2026\/01\/ACC-200-noi.jpg","datePublished":"2026-01-20T17:51:22+00:00","dateModified":"2026-03-17T23:01:56+00:00","breadcrumb":{"@id":"https:\/\/www.jak-s.com\/fr\/produits\/printemps-2026\/sac-a-bandouliere-printemps-2026\/petit-sac-a-bandouliere-6\/#breadcrumb"},"inLanguage":"fr-FR","potentialAction":[{"@type":"ReadAction","target":["https:\/\/www.jak-s.com\/fr\/produits\/printemps-2026\/sac-a-bandouliere-printemps-2026\/petit-sac-a-bandouliere-6\/"]}]},{"@type":"ImageObject","inLanguage":"fr-FR","@id":"https:\/\/www.jak-s.com\/fr\/produits\/printemps-2026\/sac-a-bandouliere-printemps-2026\/petit-sac-a-bandouliere-6\/#primaryimage","url":"https:\/\/www.jak-s.com\/wp-content\/uploads\/2026\/01\/ACC-200-noi.jpg","contentUrl":"https:\/\/www.jak-s.com\/wp-content\/uploads\/2026\/01\/ACC-200-noi.jpg","width":2250,"height":2250},{"@type":"BreadcrumbList","@id":"https:\/\/www.jak-s.com\/fr\/produits\/printemps-2026\/sac-a-bandouliere-printemps-2026\/petit-sac-a-bandouliere-6\/#breadcrumb","itemListElement":[{"@type":"ListItem","position":1,"name":"Boutique","item":"https:\/\/www.jak-s.com\/fr\/boutique\/"},{"@type":"ListItem","position":2,"name":"Printemps 2026","item":"https:\/\/www.jak-s.com\/fr\/collections\/printemps-2026\/"},{"@type":"ListItem","position":3,"name":"Petit sac \u00e0 bandouli\u00e8re"}]},{"@type":"WebSite","@id":"https:\/\/www.jak-s.com\/fr\/#website","url":"https:\/\/www.jak-s.com\/fr\/","name":"Jak&#039;s | Pr\u00eat-\u00e0-oser | Sacs \u00e0 mains | Boutique en ligne","description":"","publisher":{"@id":"https:\/\/www.jak-s.com\/fr\/#organization"},"potentialAction":[{"@type":"SearchAction","target":{"@type":"EntryPoint","urlTemplate":"https:\/\/www.jak-s.com\/fr\/?s={search_term_string}"},"query-input":{"@type":"PropertyValueSpecification","valueRequired":true,"valueName":"search_term_string"}}],"inLanguage":"fr-FR"},{"@type":"Organization","@id":"https:\/\/www.jak-s.com\/fr\/#organization","name":"Jak's","url":"https:\/\/www.jak-s.com\/fr\/","logo":{"@type":"ImageObject","inLanguage":"fr-FR","@id":"https:\/\/www.jak-s.com\/fr\/#\/schema\/logo\/image\/","url":"https:\/\/www.jak-s.com\/wp-content\/uploads\/2020\/10\/logo-jaks-fr.png","contentUrl":"https:\/\/www.jak-s.com\/wp-content\/uploads\/2020\/10\/logo-jaks-fr.png","width":134,"height":134,"caption":"Jak's"},"image":{"@id":"https:\/\/www.jak-s.com\/fr\/#\/schema\/logo\/image\/"},"sameAs":["https:\/\/www.facebook.com\/jaks.concours","https:\/\/www.instagram.com\/jaks_sacs_a_mains\/"]}]}},"_links":{"self":[{"href":"https:\/\/www.jak-s.com\/fr\/wp-json\/wp\/v2\/product\/40580","targetHints":{"allow":["GET"]}}],"collection":[{"href":"https:\/\/www.jak-s.com\/fr\/wp-json\/wp\/v2\/product"}],"about":[{"href":"https:\/\/www.jak-s.com\/fr\/wp-json\/wp\/v2\/types\/product"}],"replies":[{"embeddable":true,"href":"https:\/\/www.jak-s.com\/fr\/wp-json\/wp\/v2\/comments?post=40580"}],"wp:featuredmedia":[{"embeddable":true,"href":"https:\/\/www.jak-s.com\/fr\/wp-json\/wp\/v2\/media\/40587"}],"wp:attachment":[{"href":"https:\/\/www.jak-s.com\/fr\/wp-json\/wp\/v2\/media?parent=40580"}],"wp:term":[{"taxonomy":"product_brand","embeddable":true,"href":"https:\/\/www.jak-s.com\/fr\/wp-json\/wp\/v2\/product_brand?post=40580"},{"taxonomy":"product_cat","embeddable":true,"href":"https:\/\/www.jak-s.com\/fr\/wp-json\/wp\/v2\/product_cat?post=40580"},{"taxonomy":"product_tag","embeddable":true,"href":"https:\/\/www.jak-s.com\/fr\/wp-json\/wp\/v2\/product_tag?post=40580"}],"curies":[{"name":"wp","href":"https:\/\/api.w.org\/{rel}","templated":true}]}}