{"id":40498,"date":"2026-01-20T11:49:11","date_gmt":"2026-01-20T16:49:11","guid":{"rendered":"https:\/\/www.jak-s.com\/?post_type=product&#038;p=40498"},"modified":"2026-04-01T09:33:10","modified_gmt":"2026-04-01T13:33:10","slug":"malte","status":"publish","type":"product","link":"https:\/\/www.jak-s.com\/fr\/produits\/printemps-2026\/sac-a-main-printemps-2026\/malte\/","title":{"rendered":"Malte"},"content":{"rendered":"","protected":false},"excerpt":{"rendered":"<p>Vous serez charm\u00e9 par ce sac fourre-tout unique qui offre une grande capacit\u00e9 de rangement gr\u00e2ce \u00e0 son format. Ses lignes \u00e9pur\u00e9es et sa broderie ton sur ton lui conf\u00e8re une allure intemporelle et \u00e9l\u00e9gante. Il se porte confortablement \u00e0 l\u2019\u00e9paule, au bras ou \u00e0 la main. Il poss\u00e8de une sangle \u00e0 l\u2019arri\u00e8re permettant de le fixer sur le manche d\u2019une valise de cabine.<\/p>\n<p>C\u2019est un compagnon id\u00e9al pour le magasinage, les cours, le travail ou les voyages, alliant fonctionnalit\u00e9 et style d\u00e9contract\u00e9.<\/p>\n<ul>\n<li>Ganses (2) \u00e0 l\u2019\u00e9paule<\/li>\n<li>Sangle ext\u00e9rieure incluant petite pochette avec fermoir pour transporter le sac sur une valise<\/li>\n<li>Pochette int\u00e9rieure avec fermoir<\/li>\n<li>Lavable \u00e0 la machine<\/li>\n<\/ul>\n","protected":false},"featured_media":40509,"comment_status":"closed","ping_status":"closed","template":"","meta":[],"product_brand":[],"product_cat":[1327,1330],"product_tag":[],"class_list":{"0":"post-40498","1":"product","2":"type-product","3":"status-publish","4":"has-post-thumbnail","6":"product_cat-printemps-2026","7":"product_cat-sac-a-main-printemps-2026","9":"first","10":"instock","11":"taxable","12":"shipping-taxable","13":"purchasable","14":"product-type-variable"},"yoast_head":"<!-- This site is optimized with the Yoast SEO plugin v27.3 - https:\/\/yoast.com\/product\/yoast-seo-wordpress\/ -->\n<title>Malte - Jak&#039;s | Pr\u00eat-\u00e0-oser | Sacs \u00e0 mains | Boutique en ligne<\/title>\n<meta name=\"robots\" content=\"index, follow, max-snippet:-1, max-image-preview:large, max-video-preview:-1\" \/>\n<link rel=\"canonical\" href=\"https:\/\/www.jak-s.com\/fr\/produits\/printemps-2026\/sac-a-main-printemps-2026\/malte\/\" \/>\n<meta property=\"og:locale\" content=\"fr_FR\" \/>\n<meta property=\"og:type\" content=\"article\" \/>\n<meta property=\"og:title\" content=\"Malte - Jak&#039;s | Pr\u00eat-\u00e0-oser | Sacs \u00e0 mains | Boutique en ligne\" \/>\n<meta property=\"og:description\" content=\"Vous serez charm\u00e9 par ce sac fourre-tout unique qui offre une grande capacit\u00e9 de rangement gr\u00e2ce \u00e0 son format. Ses lignes \u00e9pur\u00e9es et sa broderie ton sur ton lui conf\u00e8re une allure intemporelle et \u00e9l\u00e9gante. Il se porte confortablement \u00e0 l\u2019\u00e9paule, au bras ou \u00e0 la main. Il poss\u00e8de une sangle \u00e0 l\u2019arri\u00e8re permettant de le fixer sur le manche d\u2019une valise de cabine.  C\u2019est un compagnon id\u00e9al pour le magasinage, les cours, le travail ou les voyages, alliant fonctionnalit\u00e9 et style d\u00e9contract\u00e9.   Ganses (2) \u00e0 l\u2019\u00e9paule  Sangle ext\u00e9rieure incluant petite pochette avec fermoir pour transporter le sac sur une valise  Pochette int\u00e9rieure avec fermoir  Lavable \u00e0 la machine\" \/>\n<meta property=\"og:url\" content=\"https:\/\/www.jak-s.com\/fr\/produits\/printemps-2026\/sac-a-main-printemps-2026\/malte\/\" \/>\n<meta property=\"og:site_name\" content=\"Jak&#039;s | Pr\u00eat-\u00e0-oser | Sacs \u00e0 mains | Boutique en ligne\" \/>\n<meta property=\"article:publisher\" content=\"https:\/\/www.facebook.com\/jaks.concours\" \/>\n<meta property=\"article:modified_time\" content=\"2026-04-01T13:33:10+00:00\" \/>\n<meta property=\"og:image\" content=\"https:\/\/www.jak-s.com\/wp-content\/uploads\/2026\/01\/JAK-453-noi.jpg\" \/>\n\t<meta property=\"og:image:width\" content=\"2250\" \/>\n\t<meta property=\"og:image:height\" content=\"2250\" \/>\n\t<meta property=\"og:image:type\" content=\"image\/jpeg\" \/>\n<meta name=\"twitter:card\" content=\"summary_large_image\" \/>\n<meta name=\"twitter:label1\" content=\"Dur\u00e9e de lecture estim\u00e9e\" \/>\n\t<meta name=\"twitter:data1\" content=\"1 minute\" \/>\n<script type=\"application\/ld+json\" class=\"yoast-schema-graph\">{\"@context\":\"https:\\\/\\\/schema.org\",\"@graph\":[{\"@type\":\"WebPage\",\"@id\":\"https:\\\/\\\/www.jak-s.com\\\/fr\\\/produits\\\/printemps-2026\\\/sac-a-main-printemps-2026\\\/malte\\\/\",\"url\":\"https:\\\/\\\/www.jak-s.com\\\/fr\\\/produits\\\/printemps-2026\\\/sac-a-main-printemps-2026\\\/malte\\\/\",\"name\":\"Malte - Jak&#039;s | Pr\u00eat-\u00e0-oser | Sacs \u00e0 mains | Boutique en ligne\",\"isPartOf\":{\"@id\":\"https:\\\/\\\/www.jak-s.com\\\/fr\\\/#website\"},\"primaryImageOfPage\":{\"@id\":\"https:\\\/\\\/www.jak-s.com\\\/fr\\\/produits\\\/printemps-2026\\\/sac-a-main-printemps-2026\\\/malte\\\/#primaryimage\"},\"image\":{\"@id\":\"https:\\\/\\\/www.jak-s.com\\\/fr\\\/produits\\\/printemps-2026\\\/sac-a-main-printemps-2026\\\/malte\\\/#primaryimage\"},\"thumbnailUrl\":\"https:\\\/\\\/www.jak-s.com\\\/wp-content\\\/uploads\\\/2026\\\/01\\\/JAK-453-noi.jpg\",\"datePublished\":\"2026-01-20T16:49:11+00:00\",\"dateModified\":\"2026-04-01T13:33:10+00:00\",\"breadcrumb\":{\"@id\":\"https:\\\/\\\/www.jak-s.com\\\/fr\\\/produits\\\/printemps-2026\\\/sac-a-main-printemps-2026\\\/malte\\\/#breadcrumb\"},\"inLanguage\":\"fr-FR\",\"potentialAction\":[{\"@type\":\"ReadAction\",\"target\":[\"https:\\\/\\\/www.jak-s.com\\\/fr\\\/produits\\\/printemps-2026\\\/sac-a-main-printemps-2026\\\/malte\\\/\"]}]},{\"@type\":\"ImageObject\",\"inLanguage\":\"fr-FR\",\"@id\":\"https:\\\/\\\/www.jak-s.com\\\/fr\\\/produits\\\/printemps-2026\\\/sac-a-main-printemps-2026\\\/malte\\\/#primaryimage\",\"url\":\"https:\\\/\\\/www.jak-s.com\\\/wp-content\\\/uploads\\\/2026\\\/01\\\/JAK-453-noi.jpg\",\"contentUrl\":\"https:\\\/\\\/www.jak-s.com\\\/wp-content\\\/uploads\\\/2026\\\/01\\\/JAK-453-noi.jpg\",\"width\":2250,\"height\":2250},{\"@type\":\"BreadcrumbList\",\"@id\":\"https:\\\/\\\/www.jak-s.com\\\/fr\\\/produits\\\/printemps-2026\\\/sac-a-main-printemps-2026\\\/malte\\\/#breadcrumb\",\"itemListElement\":[{\"@type\":\"ListItem\",\"position\":1,\"name\":\"Boutique\",\"item\":\"https:\\\/\\\/www.jak-s.com\\\/fr\\\/boutique\\\/\"},{\"@type\":\"ListItem\",\"position\":2,\"name\":\"Printemps 2026\",\"item\":\"https:\\\/\\\/www.jak-s.com\\\/fr\\\/collections\\\/printemps-2026\\\/\"},{\"@type\":\"ListItem\",\"position\":3,\"name\":\"Malte\"}]},{\"@type\":\"WebSite\",\"@id\":\"https:\\\/\\\/www.jak-s.com\\\/fr\\\/#website\",\"url\":\"https:\\\/\\\/www.jak-s.com\\\/fr\\\/\",\"name\":\"Jak&#039;s | Pr\u00eat-\u00e0-oser | Sacs \u00e0 mains | Boutique en ligne\",\"description\":\"\",\"publisher\":{\"@id\":\"https:\\\/\\\/www.jak-s.com\\\/fr\\\/#organization\"},\"potentialAction\":[{\"@type\":\"SearchAction\",\"target\":{\"@type\":\"EntryPoint\",\"urlTemplate\":\"https:\\\/\\\/www.jak-s.com\\\/fr\\\/?s={search_term_string}\"},\"query-input\":{\"@type\":\"PropertyValueSpecification\",\"valueRequired\":true,\"valueName\":\"search_term_string\"}}],\"inLanguage\":\"fr-FR\"},{\"@type\":\"Organization\",\"@id\":\"https:\\\/\\\/www.jak-s.com\\\/fr\\\/#organization\",\"name\":\"Jak's\",\"url\":\"https:\\\/\\\/www.jak-s.com\\\/fr\\\/\",\"logo\":{\"@type\":\"ImageObject\",\"inLanguage\":\"fr-FR\",\"@id\":\"https:\\\/\\\/www.jak-s.com\\\/fr\\\/#\\\/schema\\\/logo\\\/image\\\/\",\"url\":\"https:\\\/\\\/www.jak-s.com\\\/wp-content\\\/uploads\\\/2020\\\/10\\\/logo-jaks-fr.png\",\"contentUrl\":\"https:\\\/\\\/www.jak-s.com\\\/wp-content\\\/uploads\\\/2020\\\/10\\\/logo-jaks-fr.png\",\"width\":134,\"height\":134,\"caption\":\"Jak's\"},\"image\":{\"@id\":\"https:\\\/\\\/www.jak-s.com\\\/fr\\\/#\\\/schema\\\/logo\\\/image\\\/\"},\"sameAs\":[\"https:\\\/\\\/www.facebook.com\\\/jaks.concours\",\"https:\\\/\\\/www.instagram.com\\\/jaks_sacs_a_mains\\\/\"]}]}<\/script>\n<!-- \/ Yoast SEO plugin. -->","yoast_head_json":{"title":"Malte - Jak&#039;s | Pr\u00eat-\u00e0-oser | Sacs \u00e0 mains | Boutique en ligne","robots":{"index":"index","follow":"follow","max-snippet":"max-snippet:-1","max-image-preview":"max-image-preview:large","max-video-preview":"max-video-preview:-1"},"canonical":"https:\/\/www.jak-s.com\/fr\/produits\/printemps-2026\/sac-a-main-printemps-2026\/malte\/","og_locale":"fr_FR","og_type":"article","og_title":"Malte - Jak&#039;s | Pr\u00eat-\u00e0-oser | Sacs \u00e0 mains | Boutique en ligne","og_description":"Vous serez charm\u00e9 par ce sac fourre-tout unique qui offre une grande capacit\u00e9 de rangement gr\u00e2ce \u00e0 son format. Ses lignes \u00e9pur\u00e9es et sa broderie ton sur ton lui conf\u00e8re une allure intemporelle et \u00e9l\u00e9gante. Il se porte confortablement \u00e0 l\u2019\u00e9paule, au bras ou \u00e0 la main. Il poss\u00e8de une sangle \u00e0 l\u2019arri\u00e8re permettant de le fixer sur le manche d\u2019une valise de cabine.  C\u2019est un compagnon id\u00e9al pour le magasinage, les cours, le travail ou les voyages, alliant fonctionnalit\u00e9 et style d\u00e9contract\u00e9.   Ganses (2) \u00e0 l\u2019\u00e9paule  Sangle ext\u00e9rieure incluant petite pochette avec fermoir pour transporter le sac sur une valise  Pochette int\u00e9rieure avec fermoir  Lavable \u00e0 la machine","og_url":"https:\/\/www.jak-s.com\/fr\/produits\/printemps-2026\/sac-a-main-printemps-2026\/malte\/","og_site_name":"Jak&#039;s | Pr\u00eat-\u00e0-oser | Sacs \u00e0 mains | Boutique en ligne","article_publisher":"https:\/\/www.facebook.com\/jaks.concours","article_modified_time":"2026-04-01T13:33:10+00:00","og_image":[{"width":2250,"height":2250,"url":"https:\/\/www.jak-s.com\/wp-content\/uploads\/2026\/01\/JAK-453-noi.jpg","type":"image\/jpeg"}],"twitter_card":"summary_large_image","twitter_misc":{"Dur\u00e9e de lecture estim\u00e9e":"1 minute"},"schema":{"@context":"https:\/\/schema.org","@graph":[{"@type":"WebPage","@id":"https:\/\/www.jak-s.com\/fr\/produits\/printemps-2026\/sac-a-main-printemps-2026\/malte\/","url":"https:\/\/www.jak-s.com\/fr\/produits\/printemps-2026\/sac-a-main-printemps-2026\/malte\/","name":"Malte - Jak&#039;s | Pr\u00eat-\u00e0-oser | Sacs \u00e0 mains | Boutique en ligne","isPartOf":{"@id":"https:\/\/www.jak-s.com\/fr\/#website"},"primaryImageOfPage":{"@id":"https:\/\/www.jak-s.com\/fr\/produits\/printemps-2026\/sac-a-main-printemps-2026\/malte\/#primaryimage"},"image":{"@id":"https:\/\/www.jak-s.com\/fr\/produits\/printemps-2026\/sac-a-main-printemps-2026\/malte\/#primaryimage"},"thumbnailUrl":"https:\/\/www.jak-s.com\/wp-content\/uploads\/2026\/01\/JAK-453-noi.jpg","datePublished":"2026-01-20T16:49:11+00:00","dateModified":"2026-04-01T13:33:10+00:00","breadcrumb":{"@id":"https:\/\/www.jak-s.com\/fr\/produits\/printemps-2026\/sac-a-main-printemps-2026\/malte\/#breadcrumb"},"inLanguage":"fr-FR","potentialAction":[{"@type":"ReadAction","target":["https:\/\/www.jak-s.com\/fr\/produits\/printemps-2026\/sac-a-main-printemps-2026\/malte\/"]}]},{"@type":"ImageObject","inLanguage":"fr-FR","@id":"https:\/\/www.jak-s.com\/fr\/produits\/printemps-2026\/sac-a-main-printemps-2026\/malte\/#primaryimage","url":"https:\/\/www.jak-s.com\/wp-content\/uploads\/2026\/01\/JAK-453-noi.jpg","contentUrl":"https:\/\/www.jak-s.com\/wp-content\/uploads\/2026\/01\/JAK-453-noi.jpg","width":2250,"height":2250},{"@type":"BreadcrumbList","@id":"https:\/\/www.jak-s.com\/fr\/produits\/printemps-2026\/sac-a-main-printemps-2026\/malte\/#breadcrumb","itemListElement":[{"@type":"ListItem","position":1,"name":"Boutique","item":"https:\/\/www.jak-s.com\/fr\/boutique\/"},{"@type":"ListItem","position":2,"name":"Printemps 2026","item":"https:\/\/www.jak-s.com\/fr\/collections\/printemps-2026\/"},{"@type":"ListItem","position":3,"name":"Malte"}]},{"@type":"WebSite","@id":"https:\/\/www.jak-s.com\/fr\/#website","url":"https:\/\/www.jak-s.com\/fr\/","name":"Jak&#039;s | Pr\u00eat-\u00e0-oser | Sacs \u00e0 mains | Boutique en ligne","description":"","publisher":{"@id":"https:\/\/www.jak-s.com\/fr\/#organization"},"potentialAction":[{"@type":"SearchAction","target":{"@type":"EntryPoint","urlTemplate":"https:\/\/www.jak-s.com\/fr\/?s={search_term_string}"},"query-input":{"@type":"PropertyValueSpecification","valueRequired":true,"valueName":"search_term_string"}}],"inLanguage":"fr-FR"},{"@type":"Organization","@id":"https:\/\/www.jak-s.com\/fr\/#organization","name":"Jak's","url":"https:\/\/www.jak-s.com\/fr\/","logo":{"@type":"ImageObject","inLanguage":"fr-FR","@id":"https:\/\/www.jak-s.com\/fr\/#\/schema\/logo\/image\/","url":"https:\/\/www.jak-s.com\/wp-content\/uploads\/2020\/10\/logo-jaks-fr.png","contentUrl":"https:\/\/www.jak-s.com\/wp-content\/uploads\/2020\/10\/logo-jaks-fr.png","width":134,"height":134,"caption":"Jak's"},"image":{"@id":"https:\/\/www.jak-s.com\/fr\/#\/schema\/logo\/image\/"},"sameAs":["https:\/\/www.facebook.com\/jaks.concours","https:\/\/www.instagram.com\/jaks_sacs_a_mains\/"]}]}},"_links":{"self":[{"href":"https:\/\/www.jak-s.com\/fr\/wp-json\/wp\/v2\/product\/40498","targetHints":{"allow":["GET"]}}],"collection":[{"href":"https:\/\/www.jak-s.com\/fr\/wp-json\/wp\/v2\/product"}],"about":[{"href":"https:\/\/www.jak-s.com\/fr\/wp-json\/wp\/v2\/types\/product"}],"replies":[{"embeddable":true,"href":"https:\/\/www.jak-s.com\/fr\/wp-json\/wp\/v2\/comments?post=40498"}],"wp:featuredmedia":[{"embeddable":true,"href":"https:\/\/www.jak-s.com\/fr\/wp-json\/wp\/v2\/media\/40509"}],"wp:attachment":[{"href":"https:\/\/www.jak-s.com\/fr\/wp-json\/wp\/v2\/media?parent=40498"}],"wp:term":[{"taxonomy":"product_brand","embeddable":true,"href":"https:\/\/www.jak-s.com\/fr\/wp-json\/wp\/v2\/product_brand?post=40498"},{"taxonomy":"product_cat","embeddable":true,"href":"https:\/\/www.jak-s.com\/fr\/wp-json\/wp\/v2\/product_cat?post=40498"},{"taxonomy":"product_tag","embeddable":true,"href":"https:\/\/www.jak-s.com\/fr\/wp-json\/wp\/v2\/product_tag?post=40498"}],"curies":[{"name":"wp","href":"https:\/\/api.w.org\/{rel}","templated":true}]}}