{"id":40260,"date":"2026-01-12T12:47:55","date_gmt":"2026-01-12T17:47:55","guid":{"rendered":"https:\/\/www.jak-s.com\/?post_type=product&#038;p=40260"},"modified":"2026-03-19T13:55:00","modified_gmt":"2026-03-19T17:55:00","slug":"tenerife","status":"publish","type":"product","link":"https:\/\/www.jak-s.com\/fr\/produits\/printemps-2026\/sac-a-dos-printemps-2026\/tenerife\/","title":{"rendered":"Tenerife"},"content":{"rendered":"","protected":false},"excerpt":{"rendered":"<p>Ce sac \u00e0 dos monosangle combine fonctionnalit\u00e9 et f\u00e9minit\u00e9. Sa jolie broderie de fleurs lui conf\u00e8re une allure f\u00e9minine et intemporelle. En plus de loger parfaitement vos essentiels, on adore sa poign\u00e9e tr\u00e8s pratique quand vient le temps de le prendre.<\/p>\n<ul>\n<li>Monosangle ajustable<\/li>\n<li>Poign\u00e9e de transport<\/li>\n<li>Pochette ext\u00e9rieure pour t\u00e9l\u00e9phone mobile<\/li>\n<li>Pochette ext\u00e9rieure avec fermoir \u00e0 l\u2019avant<\/li>\n<li>Pochette ext\u00e9rieure avec fermoir \u00e0 l\u2019arri\u00e8re<\/li>\n<li>Pochettes (2) int\u00e9rieures avec fermoir<\/li>\n<li>Pochettes (2) int\u00e9rieures sans fermoir<\/li>\n<li>Attache-cl\u00e9s<\/li>\n<li>Porte-bouteille<\/li>\n<li>Lavable \u00e0 la machine<\/li>\n<\/ul>\n<p>&nbsp;<\/p>\n","protected":false},"featured_media":40193,"comment_status":"closed","ping_status":"closed","template":"","meta":[],"product_brand":[],"product_cat":[1327,1329],"product_tag":[],"class_list":{"0":"post-40260","1":"product","2":"type-product","3":"status-publish","4":"has-post-thumbnail","6":"product_cat-printemps-2026","7":"product_cat-sac-a-dos-printemps-2026","9":"first","10":"instock","11":"taxable","12":"shipping-taxable","13":"purchasable","14":"product-type-variable"},"yoast_head":"<!-- This site is optimized with the Yoast SEO plugin v27.3 - https:\/\/yoast.com\/product\/yoast-seo-wordpress\/ -->\n<title>Tenerife - Jak&#039;s | Pr\u00eat-\u00e0-oser | Sacs \u00e0 mains | Boutique en ligne<\/title>\n<meta name=\"robots\" content=\"index, follow, max-snippet:-1, max-image-preview:large, max-video-preview:-1\" \/>\n<link rel=\"canonical\" href=\"https:\/\/www.jak-s.com\/fr\/produits\/printemps-2026\/sac-a-dos-printemps-2026\/tenerife\/\" \/>\n<meta property=\"og:locale\" content=\"fr_FR\" \/>\n<meta property=\"og:type\" content=\"article\" \/>\n<meta property=\"og:title\" content=\"Tenerife - Jak&#039;s | Pr\u00eat-\u00e0-oser | Sacs \u00e0 mains | Boutique en ligne\" \/>\n<meta property=\"og:description\" content=\"Ce sac \u00e0 dos monosangle combine fonctionnalit\u00e9 et f\u00e9minit\u00e9. Sa jolie broderie de fleurs lui conf\u00e8re une allure f\u00e9minine et intemporelle. En plus de loger parfaitement vos essentiels, on adore sa poign\u00e9e tr\u00e8s pratique quand vient le temps de le prendre.   Monosangle ajustable  Poign\u00e9e de transport  Pochette ext\u00e9rieure pour t\u00e9l\u00e9phone mobile  Pochette ext\u00e9rieure avec fermoir \u00e0 l\u2019avant  Pochette ext\u00e9rieure avec fermoir \u00e0 l\u2019arri\u00e8re  Pochettes (2) int\u00e9rieures avec fermoir  Pochettes (2) int\u00e9rieures sans fermoir  Attache-cl\u00e9s  Porte-bouteille  Lavable \u00e0 la machine  &nbsp;\" \/>\n<meta property=\"og:url\" content=\"https:\/\/www.jak-s.com\/fr\/produits\/printemps-2026\/sac-a-dos-printemps-2026\/tenerife\/\" \/>\n<meta property=\"og:site_name\" content=\"Jak&#039;s | Pr\u00eat-\u00e0-oser | Sacs \u00e0 mains | Boutique en ligne\" \/>\n<meta property=\"article:publisher\" content=\"https:\/\/www.facebook.com\/jaks.concours\" \/>\n<meta property=\"article:modified_time\" content=\"2026-03-19T17:55:00+00:00\" \/>\n<meta property=\"og:image\" content=\"https:\/\/www.jak-s.com\/wp-content\/uploads\/2026\/01\/JAK-439-mar.jpg\" \/>\n\t<meta property=\"og:image:width\" content=\"2250\" \/>\n\t<meta property=\"og:image:height\" content=\"2250\" \/>\n\t<meta property=\"og:image:type\" content=\"image\/jpeg\" \/>\n<meta name=\"twitter:card\" content=\"summary_large_image\" \/>\n<meta name=\"twitter:label1\" content=\"Dur\u00e9e de lecture estim\u00e9e\" \/>\n\t<meta name=\"twitter:data1\" content=\"1 minute\" \/>\n<script type=\"application\/ld+json\" class=\"yoast-schema-graph\">{\"@context\":\"https:\\\/\\\/schema.org\",\"@graph\":[{\"@type\":\"WebPage\",\"@id\":\"https:\\\/\\\/www.jak-s.com\\\/fr\\\/produits\\\/printemps-2026\\\/sac-a-dos-printemps-2026\\\/tenerife\\\/\",\"url\":\"https:\\\/\\\/www.jak-s.com\\\/fr\\\/produits\\\/printemps-2026\\\/sac-a-dos-printemps-2026\\\/tenerife\\\/\",\"name\":\"Tenerife - Jak&#039;s | Pr\u00eat-\u00e0-oser | Sacs \u00e0 mains | Boutique en ligne\",\"isPartOf\":{\"@id\":\"https:\\\/\\\/www.jak-s.com\\\/fr\\\/#website\"},\"primaryImageOfPage\":{\"@id\":\"https:\\\/\\\/www.jak-s.com\\\/fr\\\/produits\\\/printemps-2026\\\/sac-a-dos-printemps-2026\\\/tenerife\\\/#primaryimage\"},\"image\":{\"@id\":\"https:\\\/\\\/www.jak-s.com\\\/fr\\\/produits\\\/printemps-2026\\\/sac-a-dos-printemps-2026\\\/tenerife\\\/#primaryimage\"},\"thumbnailUrl\":\"https:\\\/\\\/www.jak-s.com\\\/wp-content\\\/uploads\\\/2026\\\/01\\\/JAK-439-mar.jpg\",\"datePublished\":\"2026-01-12T17:47:55+00:00\",\"dateModified\":\"2026-03-19T17:55:00+00:00\",\"breadcrumb\":{\"@id\":\"https:\\\/\\\/www.jak-s.com\\\/fr\\\/produits\\\/printemps-2026\\\/sac-a-dos-printemps-2026\\\/tenerife\\\/#breadcrumb\"},\"inLanguage\":\"fr-FR\",\"potentialAction\":[{\"@type\":\"ReadAction\",\"target\":[\"https:\\\/\\\/www.jak-s.com\\\/fr\\\/produits\\\/printemps-2026\\\/sac-a-dos-printemps-2026\\\/tenerife\\\/\"]}]},{\"@type\":\"ImageObject\",\"inLanguage\":\"fr-FR\",\"@id\":\"https:\\\/\\\/www.jak-s.com\\\/fr\\\/produits\\\/printemps-2026\\\/sac-a-dos-printemps-2026\\\/tenerife\\\/#primaryimage\",\"url\":\"https:\\\/\\\/www.jak-s.com\\\/wp-content\\\/uploads\\\/2026\\\/01\\\/JAK-439-mar.jpg\",\"contentUrl\":\"https:\\\/\\\/www.jak-s.com\\\/wp-content\\\/uploads\\\/2026\\\/01\\\/JAK-439-mar.jpg\",\"width\":2250,\"height\":2250},{\"@type\":\"BreadcrumbList\",\"@id\":\"https:\\\/\\\/www.jak-s.com\\\/fr\\\/produits\\\/printemps-2026\\\/sac-a-dos-printemps-2026\\\/tenerife\\\/#breadcrumb\",\"itemListElement\":[{\"@type\":\"ListItem\",\"position\":1,\"name\":\"Boutique\",\"item\":\"https:\\\/\\\/www.jak-s.com\\\/fr\\\/boutique\\\/\"},{\"@type\":\"ListItem\",\"position\":2,\"name\":\"Printemps 2026\",\"item\":\"https:\\\/\\\/www.jak-s.com\\\/fr\\\/collections\\\/printemps-2026\\\/\"},{\"@type\":\"ListItem\",\"position\":3,\"name\":\"Tenerife\"}]},{\"@type\":\"WebSite\",\"@id\":\"https:\\\/\\\/www.jak-s.com\\\/fr\\\/#website\",\"url\":\"https:\\\/\\\/www.jak-s.com\\\/fr\\\/\",\"name\":\"Jak&#039;s | Pr\u00eat-\u00e0-oser | Sacs \u00e0 mains | Boutique en ligne\",\"description\":\"\",\"publisher\":{\"@id\":\"https:\\\/\\\/www.jak-s.com\\\/fr\\\/#organization\"},\"potentialAction\":[{\"@type\":\"SearchAction\",\"target\":{\"@type\":\"EntryPoint\",\"urlTemplate\":\"https:\\\/\\\/www.jak-s.com\\\/fr\\\/?s={search_term_string}\"},\"query-input\":{\"@type\":\"PropertyValueSpecification\",\"valueRequired\":true,\"valueName\":\"search_term_string\"}}],\"inLanguage\":\"fr-FR\"},{\"@type\":\"Organization\",\"@id\":\"https:\\\/\\\/www.jak-s.com\\\/fr\\\/#organization\",\"name\":\"Jak's\",\"url\":\"https:\\\/\\\/www.jak-s.com\\\/fr\\\/\",\"logo\":{\"@type\":\"ImageObject\",\"inLanguage\":\"fr-FR\",\"@id\":\"https:\\\/\\\/www.jak-s.com\\\/fr\\\/#\\\/schema\\\/logo\\\/image\\\/\",\"url\":\"https:\\\/\\\/www.jak-s.com\\\/wp-content\\\/uploads\\\/2020\\\/10\\\/logo-jaks-fr.png\",\"contentUrl\":\"https:\\\/\\\/www.jak-s.com\\\/wp-content\\\/uploads\\\/2020\\\/10\\\/logo-jaks-fr.png\",\"width\":134,\"height\":134,\"caption\":\"Jak's\"},\"image\":{\"@id\":\"https:\\\/\\\/www.jak-s.com\\\/fr\\\/#\\\/schema\\\/logo\\\/image\\\/\"},\"sameAs\":[\"https:\\\/\\\/www.facebook.com\\\/jaks.concours\",\"https:\\\/\\\/www.instagram.com\\\/jaks_sacs_a_mains\\\/\"]}]}<\/script>\n<!-- \/ Yoast SEO plugin. -->","yoast_head_json":{"title":"Tenerife - Jak&#039;s | Pr\u00eat-\u00e0-oser | Sacs \u00e0 mains | Boutique en ligne","robots":{"index":"index","follow":"follow","max-snippet":"max-snippet:-1","max-image-preview":"max-image-preview:large","max-video-preview":"max-video-preview:-1"},"canonical":"https:\/\/www.jak-s.com\/fr\/produits\/printemps-2026\/sac-a-dos-printemps-2026\/tenerife\/","og_locale":"fr_FR","og_type":"article","og_title":"Tenerife - Jak&#039;s | Pr\u00eat-\u00e0-oser | Sacs \u00e0 mains | Boutique en ligne","og_description":"Ce sac \u00e0 dos monosangle combine fonctionnalit\u00e9 et f\u00e9minit\u00e9. Sa jolie broderie de fleurs lui conf\u00e8re une allure f\u00e9minine et intemporelle. En plus de loger parfaitement vos essentiels, on adore sa poign\u00e9e tr\u00e8s pratique quand vient le temps de le prendre.   Monosangle ajustable  Poign\u00e9e de transport  Pochette ext\u00e9rieure pour t\u00e9l\u00e9phone mobile  Pochette ext\u00e9rieure avec fermoir \u00e0 l\u2019avant  Pochette ext\u00e9rieure avec fermoir \u00e0 l\u2019arri\u00e8re  Pochettes (2) int\u00e9rieures avec fermoir  Pochettes (2) int\u00e9rieures sans fermoir  Attache-cl\u00e9s  Porte-bouteille  Lavable \u00e0 la machine  &nbsp;","og_url":"https:\/\/www.jak-s.com\/fr\/produits\/printemps-2026\/sac-a-dos-printemps-2026\/tenerife\/","og_site_name":"Jak&#039;s | Pr\u00eat-\u00e0-oser | Sacs \u00e0 mains | Boutique en ligne","article_publisher":"https:\/\/www.facebook.com\/jaks.concours","article_modified_time":"2026-03-19T17:55:00+00:00","og_image":[{"width":2250,"height":2250,"url":"https:\/\/www.jak-s.com\/wp-content\/uploads\/2026\/01\/JAK-439-mar.jpg","type":"image\/jpeg"}],"twitter_card":"summary_large_image","twitter_misc":{"Dur\u00e9e de lecture estim\u00e9e":"1 minute"},"schema":{"@context":"https:\/\/schema.org","@graph":[{"@type":"WebPage","@id":"https:\/\/www.jak-s.com\/fr\/produits\/printemps-2026\/sac-a-dos-printemps-2026\/tenerife\/","url":"https:\/\/www.jak-s.com\/fr\/produits\/printemps-2026\/sac-a-dos-printemps-2026\/tenerife\/","name":"Tenerife - Jak&#039;s | Pr\u00eat-\u00e0-oser | Sacs \u00e0 mains | Boutique en ligne","isPartOf":{"@id":"https:\/\/www.jak-s.com\/fr\/#website"},"primaryImageOfPage":{"@id":"https:\/\/www.jak-s.com\/fr\/produits\/printemps-2026\/sac-a-dos-printemps-2026\/tenerife\/#primaryimage"},"image":{"@id":"https:\/\/www.jak-s.com\/fr\/produits\/printemps-2026\/sac-a-dos-printemps-2026\/tenerife\/#primaryimage"},"thumbnailUrl":"https:\/\/www.jak-s.com\/wp-content\/uploads\/2026\/01\/JAK-439-mar.jpg","datePublished":"2026-01-12T17:47:55+00:00","dateModified":"2026-03-19T17:55:00+00:00","breadcrumb":{"@id":"https:\/\/www.jak-s.com\/fr\/produits\/printemps-2026\/sac-a-dos-printemps-2026\/tenerife\/#breadcrumb"},"inLanguage":"fr-FR","potentialAction":[{"@type":"ReadAction","target":["https:\/\/www.jak-s.com\/fr\/produits\/printemps-2026\/sac-a-dos-printemps-2026\/tenerife\/"]}]},{"@type":"ImageObject","inLanguage":"fr-FR","@id":"https:\/\/www.jak-s.com\/fr\/produits\/printemps-2026\/sac-a-dos-printemps-2026\/tenerife\/#primaryimage","url":"https:\/\/www.jak-s.com\/wp-content\/uploads\/2026\/01\/JAK-439-mar.jpg","contentUrl":"https:\/\/www.jak-s.com\/wp-content\/uploads\/2026\/01\/JAK-439-mar.jpg","width":2250,"height":2250},{"@type":"BreadcrumbList","@id":"https:\/\/www.jak-s.com\/fr\/produits\/printemps-2026\/sac-a-dos-printemps-2026\/tenerife\/#breadcrumb","itemListElement":[{"@type":"ListItem","position":1,"name":"Boutique","item":"https:\/\/www.jak-s.com\/fr\/boutique\/"},{"@type":"ListItem","position":2,"name":"Printemps 2026","item":"https:\/\/www.jak-s.com\/fr\/collections\/printemps-2026\/"},{"@type":"ListItem","position":3,"name":"Tenerife"}]},{"@type":"WebSite","@id":"https:\/\/www.jak-s.com\/fr\/#website","url":"https:\/\/www.jak-s.com\/fr\/","name":"Jak&#039;s | Pr\u00eat-\u00e0-oser | Sacs \u00e0 mains | Boutique en ligne","description":"","publisher":{"@id":"https:\/\/www.jak-s.com\/fr\/#organization"},"potentialAction":[{"@type":"SearchAction","target":{"@type":"EntryPoint","urlTemplate":"https:\/\/www.jak-s.com\/fr\/?s={search_term_string}"},"query-input":{"@type":"PropertyValueSpecification","valueRequired":true,"valueName":"search_term_string"}}],"inLanguage":"fr-FR"},{"@type":"Organization","@id":"https:\/\/www.jak-s.com\/fr\/#organization","name":"Jak's","url":"https:\/\/www.jak-s.com\/fr\/","logo":{"@type":"ImageObject","inLanguage":"fr-FR","@id":"https:\/\/www.jak-s.com\/fr\/#\/schema\/logo\/image\/","url":"https:\/\/www.jak-s.com\/wp-content\/uploads\/2020\/10\/logo-jaks-fr.png","contentUrl":"https:\/\/www.jak-s.com\/wp-content\/uploads\/2020\/10\/logo-jaks-fr.png","width":134,"height":134,"caption":"Jak's"},"image":{"@id":"https:\/\/www.jak-s.com\/fr\/#\/schema\/logo\/image\/"},"sameAs":["https:\/\/www.facebook.com\/jaks.concours","https:\/\/www.instagram.com\/jaks_sacs_a_mains\/"]}]}},"_links":{"self":[{"href":"https:\/\/www.jak-s.com\/fr\/wp-json\/wp\/v2\/product\/40260","targetHints":{"allow":["GET"]}}],"collection":[{"href":"https:\/\/www.jak-s.com\/fr\/wp-json\/wp\/v2\/product"}],"about":[{"href":"https:\/\/www.jak-s.com\/fr\/wp-json\/wp\/v2\/types\/product"}],"replies":[{"embeddable":true,"href":"https:\/\/www.jak-s.com\/fr\/wp-json\/wp\/v2\/comments?post=40260"}],"wp:featuredmedia":[{"embeddable":true,"href":"https:\/\/www.jak-s.com\/fr\/wp-json\/wp\/v2\/media\/40193"}],"wp:attachment":[{"href":"https:\/\/www.jak-s.com\/fr\/wp-json\/wp\/v2\/media?parent=40260"}],"wp:term":[{"taxonomy":"product_brand","embeddable":true,"href":"https:\/\/www.jak-s.com\/fr\/wp-json\/wp\/v2\/product_brand?post=40260"},{"taxonomy":"product_cat","embeddable":true,"href":"https:\/\/www.jak-s.com\/fr\/wp-json\/wp\/v2\/product_cat?post=40260"},{"taxonomy":"product_tag","embeddable":true,"href":"https:\/\/www.jak-s.com\/fr\/wp-json\/wp\/v2\/product_tag?post=40260"}],"curies":[{"name":"wp","href":"https:\/\/api.w.org\/{rel}","templated":true}]}}