{"id":39170,"date":"2025-06-18T13:36:52","date_gmt":"2025-06-18T17:36:52","guid":{"rendered":"https:\/\/www.jak-s.com\/?post_type=product&#038;p=39170"},"modified":"2026-03-09T12:05:47","modified_gmt":"2026-03-09T16:05:47","slug":"petit-sac-a-bandouliere-3","status":"publish","type":"product","link":"https:\/\/www.jak-s.com\/fr\/produits\/automne-2025\/accessoires-automne-2025\/petit-sac-a-bandouliere-3\/","title":{"rendered":"Petit sac \u00e0 bandouli\u00e8re"},"content":{"rendered":"","protected":false},"excerpt":{"rendered":"<p>Ce petit sac \u00e0 bandouli\u00e8re avec une illustration bor\u00e9ale conviendra \u00e0 tous vos d\u00e9placements. Vous aimerez ses nombreux compartiments pour ranger cartes, argent, t\u00e9l\u00e9phone et effets personnels.<\/p>\n<ul>\n<li>Nombreux compartiments pour cartes et argent<\/li>\n<li>Bandouli\u00e8re ajustable<\/li>\n<li>Pochette ext\u00e9rieure avec fermoir \u00e0 l\u2019arri\u00e8re<\/li>\n<li>Lavable \u00e0 la machine<\/li>\n<\/ul>\n<p>&nbsp;<\/p>\n<p>&nbsp;<\/p>\n<p>&nbsp;<\/p>\n<p>&nbsp;<\/p>\n","protected":false},"featured_media":38809,"comment_status":"closed","ping_status":"closed","template":"","meta":[],"product_brand":[],"product_cat":[1305,910,1304,111],"product_tag":[],"class_list":{"0":"post-39170","1":"product","2":"type-product","3":"status-publish","4":"has-post-thumbnail","6":"product_cat-accessoires-automne-2025","7":"product_cat-accessoires-3","8":"product_cat-automne-2025","9":"product_cat-soldes","11":"first","12":"instock","13":"sale","14":"taxable","15":"shipping-taxable","16":"purchasable","17":"product-type-variable"},"yoast_head":"<!-- This site is optimized with the Yoast SEO plugin v27.3 - https:\/\/yoast.com\/product\/yoast-seo-wordpress\/ -->\n<title>Petit sac \u00e0 bandouli\u00e8re - Jak&#039;s | Pr\u00eat-\u00e0-oser | Sacs \u00e0 mains | Boutique en ligne<\/title>\n<meta name=\"robots\" content=\"index, follow, max-snippet:-1, max-image-preview:large, max-video-preview:-1\" \/>\n<link rel=\"canonical\" href=\"https:\/\/www.jak-s.com\/fr\/produits\/automne-2025\/accessoires-automne-2025\/petit-sac-a-bandouliere-3\/\" \/>\n<meta property=\"og:locale\" content=\"fr_FR\" \/>\n<meta property=\"og:type\" content=\"article\" \/>\n<meta property=\"og:title\" content=\"Petit sac \u00e0 bandouli\u00e8re - Jak&#039;s | Pr\u00eat-\u00e0-oser | Sacs \u00e0 mains | Boutique en ligne\" \/>\n<meta property=\"og:description\" content=\"Ce petit sac \u00e0 bandouli\u00e8re avec une illustration bor\u00e9ale conviendra \u00e0 tous vos d\u00e9placements. Vous aimerez ses nombreux compartiments pour ranger cartes, argent, t\u00e9l\u00e9phone et effets personnels.   Nombreux compartiments pour cartes et argent  Bandouli\u00e8re ajustable  Pochette ext\u00e9rieure avec fermoir \u00e0 l\u2019arri\u00e8re  Lavable \u00e0 la machine  &nbsp;  &nbsp;  &nbsp;  &nbsp;\" \/>\n<meta property=\"og:url\" content=\"https:\/\/www.jak-s.com\/fr\/produits\/automne-2025\/accessoires-automne-2025\/petit-sac-a-bandouliere-3\/\" \/>\n<meta property=\"og:site_name\" content=\"Jak&#039;s | Pr\u00eat-\u00e0-oser | Sacs \u00e0 mains | Boutique en ligne\" \/>\n<meta property=\"article:publisher\" content=\"https:\/\/www.facebook.com\/jaks.concours\" \/>\n<meta property=\"article:modified_time\" content=\"2026-03-09T16:05:47+00:00\" \/>\n<meta property=\"og:image\" content=\"https:\/\/www.jak-s.com\/wp-content\/uploads\/2025\/06\/ACC198-bordeau.jpg\" \/>\n\t<meta property=\"og:image:width\" content=\"1500\" \/>\n\t<meta property=\"og:image:height\" content=\"1500\" \/>\n\t<meta property=\"og:image:type\" content=\"image\/jpeg\" \/>\n<meta name=\"twitter:card\" content=\"summary_large_image\" \/>\n<meta name=\"twitter:label1\" content=\"Dur\u00e9e de lecture estim\u00e9e\" \/>\n\t<meta name=\"twitter:data1\" content=\"1 minute\" \/>\n<script type=\"application\/ld+json\" class=\"yoast-schema-graph\">{\"@context\":\"https:\\\/\\\/schema.org\",\"@graph\":[{\"@type\":\"WebPage\",\"@id\":\"https:\\\/\\\/www.jak-s.com\\\/fr\\\/produits\\\/automne-2025\\\/accessoires-automne-2025\\\/petit-sac-a-bandouliere-3\\\/\",\"url\":\"https:\\\/\\\/www.jak-s.com\\\/fr\\\/produits\\\/automne-2025\\\/accessoires-automne-2025\\\/petit-sac-a-bandouliere-3\\\/\",\"name\":\"Petit sac \u00e0 bandouli\u00e8re - Jak&#039;s | Pr\u00eat-\u00e0-oser | Sacs \u00e0 mains | Boutique en ligne\",\"isPartOf\":{\"@id\":\"https:\\\/\\\/www.jak-s.com\\\/fr\\\/#website\"},\"primaryImageOfPage\":{\"@id\":\"https:\\\/\\\/www.jak-s.com\\\/fr\\\/produits\\\/automne-2025\\\/accessoires-automne-2025\\\/petit-sac-a-bandouliere-3\\\/#primaryimage\"},\"image\":{\"@id\":\"https:\\\/\\\/www.jak-s.com\\\/fr\\\/produits\\\/automne-2025\\\/accessoires-automne-2025\\\/petit-sac-a-bandouliere-3\\\/#primaryimage\"},\"thumbnailUrl\":\"https:\\\/\\\/www.jak-s.com\\\/wp-content\\\/uploads\\\/2025\\\/06\\\/ACC198-bordeau.jpg\",\"datePublished\":\"2025-06-18T17:36:52+00:00\",\"dateModified\":\"2026-03-09T16:05:47+00:00\",\"breadcrumb\":{\"@id\":\"https:\\\/\\\/www.jak-s.com\\\/fr\\\/produits\\\/automne-2025\\\/accessoires-automne-2025\\\/petit-sac-a-bandouliere-3\\\/#breadcrumb\"},\"inLanguage\":\"fr-FR\",\"potentialAction\":[{\"@type\":\"ReadAction\",\"target\":[\"https:\\\/\\\/www.jak-s.com\\\/fr\\\/produits\\\/automne-2025\\\/accessoires-automne-2025\\\/petit-sac-a-bandouliere-3\\\/\"]}]},{\"@type\":\"ImageObject\",\"inLanguage\":\"fr-FR\",\"@id\":\"https:\\\/\\\/www.jak-s.com\\\/fr\\\/produits\\\/automne-2025\\\/accessoires-automne-2025\\\/petit-sac-a-bandouliere-3\\\/#primaryimage\",\"url\":\"https:\\\/\\\/www.jak-s.com\\\/wp-content\\\/uploads\\\/2025\\\/06\\\/ACC198-bordeau.jpg\",\"contentUrl\":\"https:\\\/\\\/www.jak-s.com\\\/wp-content\\\/uploads\\\/2025\\\/06\\\/ACC198-bordeau.jpg\",\"width\":1500,\"height\":1500},{\"@type\":\"BreadcrumbList\",\"@id\":\"https:\\\/\\\/www.jak-s.com\\\/fr\\\/produits\\\/automne-2025\\\/accessoires-automne-2025\\\/petit-sac-a-bandouliere-3\\\/#breadcrumb\",\"itemListElement\":[{\"@type\":\"ListItem\",\"position\":1,\"name\":\"Boutique\",\"item\":\"https:\\\/\\\/www.jak-s.com\\\/fr\\\/boutique\\\/\"},{\"@type\":\"ListItem\",\"position\":2,\"name\":\"Automne 2025\",\"item\":\"https:\\\/\\\/www.jak-s.com\\\/fr\\\/collections\\\/automne-2025\\\/\"},{\"@type\":\"ListItem\",\"position\":3,\"name\":\"Petit sac \u00e0 bandouli\u00e8re\"}]},{\"@type\":\"WebSite\",\"@id\":\"https:\\\/\\\/www.jak-s.com\\\/fr\\\/#website\",\"url\":\"https:\\\/\\\/www.jak-s.com\\\/fr\\\/\",\"name\":\"Jak&#039;s | Pr\u00eat-\u00e0-oser | Sacs \u00e0 mains | Boutique en ligne\",\"description\":\"\",\"publisher\":{\"@id\":\"https:\\\/\\\/www.jak-s.com\\\/fr\\\/#organization\"},\"potentialAction\":[{\"@type\":\"SearchAction\",\"target\":{\"@type\":\"EntryPoint\",\"urlTemplate\":\"https:\\\/\\\/www.jak-s.com\\\/fr\\\/?s={search_term_string}\"},\"query-input\":{\"@type\":\"PropertyValueSpecification\",\"valueRequired\":true,\"valueName\":\"search_term_string\"}}],\"inLanguage\":\"fr-FR\"},{\"@type\":\"Organization\",\"@id\":\"https:\\\/\\\/www.jak-s.com\\\/fr\\\/#organization\",\"name\":\"Jak's\",\"url\":\"https:\\\/\\\/www.jak-s.com\\\/fr\\\/\",\"logo\":{\"@type\":\"ImageObject\",\"inLanguage\":\"fr-FR\",\"@id\":\"https:\\\/\\\/www.jak-s.com\\\/fr\\\/#\\\/schema\\\/logo\\\/image\\\/\",\"url\":\"https:\\\/\\\/www.jak-s.com\\\/wp-content\\\/uploads\\\/2020\\\/10\\\/logo-jaks-fr.png\",\"contentUrl\":\"https:\\\/\\\/www.jak-s.com\\\/wp-content\\\/uploads\\\/2020\\\/10\\\/logo-jaks-fr.png\",\"width\":134,\"height\":134,\"caption\":\"Jak's\"},\"image\":{\"@id\":\"https:\\\/\\\/www.jak-s.com\\\/fr\\\/#\\\/schema\\\/logo\\\/image\\\/\"},\"sameAs\":[\"https:\\\/\\\/www.facebook.com\\\/jaks.concours\",\"https:\\\/\\\/www.instagram.com\\\/jaks_sacs_a_mains\\\/\"]}]}<\/script>\n<!-- \/ Yoast SEO plugin. -->","yoast_head_json":{"title":"Petit sac \u00e0 bandouli\u00e8re - Jak&#039;s | Pr\u00eat-\u00e0-oser | Sacs \u00e0 mains | Boutique en ligne","robots":{"index":"index","follow":"follow","max-snippet":"max-snippet:-1","max-image-preview":"max-image-preview:large","max-video-preview":"max-video-preview:-1"},"canonical":"https:\/\/www.jak-s.com\/fr\/produits\/automne-2025\/accessoires-automne-2025\/petit-sac-a-bandouliere-3\/","og_locale":"fr_FR","og_type":"article","og_title":"Petit sac \u00e0 bandouli\u00e8re - Jak&#039;s | Pr\u00eat-\u00e0-oser | Sacs \u00e0 mains | Boutique en ligne","og_description":"Ce petit sac \u00e0 bandouli\u00e8re avec une illustration bor\u00e9ale conviendra \u00e0 tous vos d\u00e9placements. Vous aimerez ses nombreux compartiments pour ranger cartes, argent, t\u00e9l\u00e9phone et effets personnels.   Nombreux compartiments pour cartes et argent  Bandouli\u00e8re ajustable  Pochette ext\u00e9rieure avec fermoir \u00e0 l\u2019arri\u00e8re  Lavable \u00e0 la machine  &nbsp;  &nbsp;  &nbsp;  &nbsp;","og_url":"https:\/\/www.jak-s.com\/fr\/produits\/automne-2025\/accessoires-automne-2025\/petit-sac-a-bandouliere-3\/","og_site_name":"Jak&#039;s | Pr\u00eat-\u00e0-oser | Sacs \u00e0 mains | Boutique en ligne","article_publisher":"https:\/\/www.facebook.com\/jaks.concours","article_modified_time":"2026-03-09T16:05:47+00:00","og_image":[{"width":1500,"height":1500,"url":"https:\/\/www.jak-s.com\/wp-content\/uploads\/2025\/06\/ACC198-bordeau.jpg","type":"image\/jpeg"}],"twitter_card":"summary_large_image","twitter_misc":{"Dur\u00e9e de lecture estim\u00e9e":"1 minute"},"schema":{"@context":"https:\/\/schema.org","@graph":[{"@type":"WebPage","@id":"https:\/\/www.jak-s.com\/fr\/produits\/automne-2025\/accessoires-automne-2025\/petit-sac-a-bandouliere-3\/","url":"https:\/\/www.jak-s.com\/fr\/produits\/automne-2025\/accessoires-automne-2025\/petit-sac-a-bandouliere-3\/","name":"Petit sac \u00e0 bandouli\u00e8re - Jak&#039;s | Pr\u00eat-\u00e0-oser | Sacs \u00e0 mains | Boutique en ligne","isPartOf":{"@id":"https:\/\/www.jak-s.com\/fr\/#website"},"primaryImageOfPage":{"@id":"https:\/\/www.jak-s.com\/fr\/produits\/automne-2025\/accessoires-automne-2025\/petit-sac-a-bandouliere-3\/#primaryimage"},"image":{"@id":"https:\/\/www.jak-s.com\/fr\/produits\/automne-2025\/accessoires-automne-2025\/petit-sac-a-bandouliere-3\/#primaryimage"},"thumbnailUrl":"https:\/\/www.jak-s.com\/wp-content\/uploads\/2025\/06\/ACC198-bordeau.jpg","datePublished":"2025-06-18T17:36:52+00:00","dateModified":"2026-03-09T16:05:47+00:00","breadcrumb":{"@id":"https:\/\/www.jak-s.com\/fr\/produits\/automne-2025\/accessoires-automne-2025\/petit-sac-a-bandouliere-3\/#breadcrumb"},"inLanguage":"fr-FR","potentialAction":[{"@type":"ReadAction","target":["https:\/\/www.jak-s.com\/fr\/produits\/automne-2025\/accessoires-automne-2025\/petit-sac-a-bandouliere-3\/"]}]},{"@type":"ImageObject","inLanguage":"fr-FR","@id":"https:\/\/www.jak-s.com\/fr\/produits\/automne-2025\/accessoires-automne-2025\/petit-sac-a-bandouliere-3\/#primaryimage","url":"https:\/\/www.jak-s.com\/wp-content\/uploads\/2025\/06\/ACC198-bordeau.jpg","contentUrl":"https:\/\/www.jak-s.com\/wp-content\/uploads\/2025\/06\/ACC198-bordeau.jpg","width":1500,"height":1500},{"@type":"BreadcrumbList","@id":"https:\/\/www.jak-s.com\/fr\/produits\/automne-2025\/accessoires-automne-2025\/petit-sac-a-bandouliere-3\/#breadcrumb","itemListElement":[{"@type":"ListItem","position":1,"name":"Boutique","item":"https:\/\/www.jak-s.com\/fr\/boutique\/"},{"@type":"ListItem","position":2,"name":"Automne 2025","item":"https:\/\/www.jak-s.com\/fr\/collections\/automne-2025\/"},{"@type":"ListItem","position":3,"name":"Petit sac \u00e0 bandouli\u00e8re"}]},{"@type":"WebSite","@id":"https:\/\/www.jak-s.com\/fr\/#website","url":"https:\/\/www.jak-s.com\/fr\/","name":"Jak&#039;s | Pr\u00eat-\u00e0-oser | Sacs \u00e0 mains | Boutique en ligne","description":"","publisher":{"@id":"https:\/\/www.jak-s.com\/fr\/#organization"},"potentialAction":[{"@type":"SearchAction","target":{"@type":"EntryPoint","urlTemplate":"https:\/\/www.jak-s.com\/fr\/?s={search_term_string}"},"query-input":{"@type":"PropertyValueSpecification","valueRequired":true,"valueName":"search_term_string"}}],"inLanguage":"fr-FR"},{"@type":"Organization","@id":"https:\/\/www.jak-s.com\/fr\/#organization","name":"Jak's","url":"https:\/\/www.jak-s.com\/fr\/","logo":{"@type":"ImageObject","inLanguage":"fr-FR","@id":"https:\/\/www.jak-s.com\/fr\/#\/schema\/logo\/image\/","url":"https:\/\/www.jak-s.com\/wp-content\/uploads\/2020\/10\/logo-jaks-fr.png","contentUrl":"https:\/\/www.jak-s.com\/wp-content\/uploads\/2020\/10\/logo-jaks-fr.png","width":134,"height":134,"caption":"Jak's"},"image":{"@id":"https:\/\/www.jak-s.com\/fr\/#\/schema\/logo\/image\/"},"sameAs":["https:\/\/www.facebook.com\/jaks.concours","https:\/\/www.instagram.com\/jaks_sacs_a_mains\/"]}]}},"_links":{"self":[{"href":"https:\/\/www.jak-s.com\/fr\/wp-json\/wp\/v2\/product\/39170","targetHints":{"allow":["GET"]}}],"collection":[{"href":"https:\/\/www.jak-s.com\/fr\/wp-json\/wp\/v2\/product"}],"about":[{"href":"https:\/\/www.jak-s.com\/fr\/wp-json\/wp\/v2\/types\/product"}],"replies":[{"embeddable":true,"href":"https:\/\/www.jak-s.com\/fr\/wp-json\/wp\/v2\/comments?post=39170"}],"wp:featuredmedia":[{"embeddable":true,"href":"https:\/\/www.jak-s.com\/fr\/wp-json\/wp\/v2\/media\/38809"}],"wp:attachment":[{"href":"https:\/\/www.jak-s.com\/fr\/wp-json\/wp\/v2\/media?parent=39170"}],"wp:term":[{"taxonomy":"product_brand","embeddable":true,"href":"https:\/\/www.jak-s.com\/fr\/wp-json\/wp\/v2\/product_brand?post=39170"},{"taxonomy":"product_cat","embeddable":true,"href":"https:\/\/www.jak-s.com\/fr\/wp-json\/wp\/v2\/product_cat?post=39170"},{"taxonomy":"product_tag","embeddable":true,"href":"https:\/\/www.jak-s.com\/fr\/wp-json\/wp\/v2\/product_tag?post=39170"}],"curies":[{"name":"wp","href":"https:\/\/api.w.org\/{rel}","templated":true}]}}