{"id":39068,"date":"2025-06-17T13:35:09","date_gmt":"2025-06-17T17:35:09","guid":{"rendered":"https:\/\/www.jak-s.com\/?post_type=product&#038;p=39068"},"modified":"2026-04-14T15:10:27","modified_gmt":"2026-04-14T19:10:27","slug":"cactus","status":"publish","type":"product","link":"https:\/\/www.jak-s.com\/fr\/produits\/automne-2025\/sac-a-dos-automne-2025\/cactus\/","title":{"rendered":"Cactus"},"content":{"rendered":"","protected":false},"excerpt":{"rendered":"<p>Ce sac \u00e0 dos au design \u00e9pur\u00e9 combine fonctionnalit\u00e9 et f\u00e9minit\u00e9. Sa fine illustration d\u2019arbre\u00a0 lui conf\u00e8re une allure f\u00e9minine et intemporelle. En plus de loger parfaitement vos essentiels, on adore sa poign\u00e9e tr\u00e8s pratique quand vient le temps de le prendre.<\/p>\n<ul>\n<li>Monosangle ajustable<\/li>\n<li>Poign\u00e9e de transport<\/li>\n<li>Pochette ext\u00e9rieure pour t\u00e9l\u00e9phone mobile<\/li>\n<li>Pochettes ext\u00e9rieures (2) avec fermoir \u00e0 l\u2019avant<\/li>\n<li>Pochette ext\u00e9rieure avec fermoir \u00e0 l\u2019arri\u00e8re<\/li>\n<li>Pochettes (2) int\u00e9rieures avec fermoir<\/li>\n<li>Pochettes (2) int\u00e9rieures sans fermoir<\/li>\n<li>Attache-cl\u00e9s<\/li>\n<li>Porte-bouteille<\/li>\n<li>Lavable \u00e0 la machine<\/li>\n<\/ul>\n","protected":false},"featured_media":39549,"comment_status":"closed","ping_status":"closed","template":"","meta":[],"product_brand":[],"product_cat":[1304,1307,1005,111],"product_tag":[],"class_list":{"0":"post-39068","1":"product","2":"type-product","3":"status-publish","4":"has-post-thumbnail","6":"product_cat-automne-2025","7":"product_cat-sac-a-dos-automne-2025","8":"product_cat-sac-a-dos-2","9":"product_cat-soldes","11":"first","12":"instock","13":"sale","14":"taxable","15":"shipping-taxable","16":"purchasable","17":"product-type-variable"},"yoast_head":"<!-- This site is optimized with the Yoast SEO plugin v27.3 - https:\/\/yoast.com\/product\/yoast-seo-wordpress\/ -->\n<title>Cactus - Jak&#039;s | Pr\u00eat-\u00e0-oser | Sacs \u00e0 mains | Boutique en ligne<\/title>\n<meta name=\"robots\" content=\"index, follow, max-snippet:-1, max-image-preview:large, max-video-preview:-1\" \/>\n<link rel=\"canonical\" href=\"https:\/\/www.jak-s.com\/fr\/produits\/automne-2025\/sac-a-dos-automne-2025\/cactus\/\" \/>\n<meta property=\"og:locale\" content=\"fr_FR\" \/>\n<meta property=\"og:type\" content=\"article\" \/>\n<meta property=\"og:title\" content=\"Cactus - Jak&#039;s | Pr\u00eat-\u00e0-oser | Sacs \u00e0 mains | Boutique en ligne\" \/>\n<meta property=\"og:description\" content=\"Ce sac \u00e0 dos au design \u00e9pur\u00e9 combine fonctionnalit\u00e9 et f\u00e9minit\u00e9. Sa fine illustration d\u2019arbre\u00a0 lui conf\u00e8re une allure f\u00e9minine et intemporelle. En plus de loger parfaitement vos essentiels, on adore sa poign\u00e9e tr\u00e8s pratique quand vient le temps de le prendre.   Monosangle ajustable  Poign\u00e9e de transport  Pochette ext\u00e9rieure pour t\u00e9l\u00e9phone mobile  Pochettes ext\u00e9rieures (2) avec fermoir \u00e0 l\u2019avant  Pochette ext\u00e9rieure avec fermoir \u00e0 l\u2019arri\u00e8re  Pochettes (2) int\u00e9rieures avec fermoir  Pochettes (2) int\u00e9rieures sans fermoir  Attache-cl\u00e9s  Porte-bouteille  Lavable \u00e0 la machine\" \/>\n<meta property=\"og:url\" content=\"https:\/\/www.jak-s.com\/fr\/produits\/automne-2025\/sac-a-dos-automne-2025\/cactus\/\" \/>\n<meta property=\"og:site_name\" content=\"Jak&#039;s | Pr\u00eat-\u00e0-oser | Sacs \u00e0 mains | Boutique en ligne\" \/>\n<meta property=\"article:publisher\" content=\"https:\/\/www.facebook.com\/jaks.concours\" \/>\n<meta property=\"article:modified_time\" content=\"2026-04-14T19:10:27+00:00\" \/>\n<meta property=\"og:image\" content=\"https:\/\/www.jak-s.com\/wp-content\/uploads\/2025\/06\/JAK424-bordeau-5.jpg\" \/>\n\t<meta property=\"og:image:width\" content=\"1500\" \/>\n\t<meta property=\"og:image:height\" content=\"1500\" \/>\n\t<meta property=\"og:image:type\" content=\"image\/jpeg\" \/>\n<meta name=\"twitter:card\" content=\"summary_large_image\" \/>\n<meta name=\"twitter:label1\" content=\"Dur\u00e9e de lecture estim\u00e9e\" \/>\n\t<meta name=\"twitter:data1\" content=\"1 minute\" \/>\n<script type=\"application\/ld+json\" class=\"yoast-schema-graph\">{\"@context\":\"https:\\\/\\\/schema.org\",\"@graph\":[{\"@type\":\"WebPage\",\"@id\":\"https:\\\/\\\/www.jak-s.com\\\/fr\\\/produits\\\/automne-2025\\\/sac-a-dos-automne-2025\\\/cactus\\\/\",\"url\":\"https:\\\/\\\/www.jak-s.com\\\/fr\\\/produits\\\/automne-2025\\\/sac-a-dos-automne-2025\\\/cactus\\\/\",\"name\":\"Cactus - Jak&#039;s | Pr\u00eat-\u00e0-oser | Sacs \u00e0 mains | Boutique en ligne\",\"isPartOf\":{\"@id\":\"https:\\\/\\\/www.jak-s.com\\\/fr\\\/#website\"},\"primaryImageOfPage\":{\"@id\":\"https:\\\/\\\/www.jak-s.com\\\/fr\\\/produits\\\/automne-2025\\\/sac-a-dos-automne-2025\\\/cactus\\\/#primaryimage\"},\"image\":{\"@id\":\"https:\\\/\\\/www.jak-s.com\\\/fr\\\/produits\\\/automne-2025\\\/sac-a-dos-automne-2025\\\/cactus\\\/#primaryimage\"},\"thumbnailUrl\":\"https:\\\/\\\/www.jak-s.com\\\/wp-content\\\/uploads\\\/2025\\\/06\\\/JAK424-bordeau-5.jpg\",\"datePublished\":\"2025-06-17T17:35:09+00:00\",\"dateModified\":\"2026-04-14T19:10:27+00:00\",\"breadcrumb\":{\"@id\":\"https:\\\/\\\/www.jak-s.com\\\/fr\\\/produits\\\/automne-2025\\\/sac-a-dos-automne-2025\\\/cactus\\\/#breadcrumb\"},\"inLanguage\":\"fr-FR\",\"potentialAction\":[{\"@type\":\"ReadAction\",\"target\":[\"https:\\\/\\\/www.jak-s.com\\\/fr\\\/produits\\\/automne-2025\\\/sac-a-dos-automne-2025\\\/cactus\\\/\"]}]},{\"@type\":\"ImageObject\",\"inLanguage\":\"fr-FR\",\"@id\":\"https:\\\/\\\/www.jak-s.com\\\/fr\\\/produits\\\/automne-2025\\\/sac-a-dos-automne-2025\\\/cactus\\\/#primaryimage\",\"url\":\"https:\\\/\\\/www.jak-s.com\\\/wp-content\\\/uploads\\\/2025\\\/06\\\/JAK424-bordeau-5.jpg\",\"contentUrl\":\"https:\\\/\\\/www.jak-s.com\\\/wp-content\\\/uploads\\\/2025\\\/06\\\/JAK424-bordeau-5.jpg\",\"width\":1500,\"height\":1500},{\"@type\":\"BreadcrumbList\",\"@id\":\"https:\\\/\\\/www.jak-s.com\\\/fr\\\/produits\\\/automne-2025\\\/sac-a-dos-automne-2025\\\/cactus\\\/#breadcrumb\",\"itemListElement\":[{\"@type\":\"ListItem\",\"position\":1,\"name\":\"Boutique\",\"item\":\"https:\\\/\\\/www.jak-s.com\\\/fr\\\/boutique\\\/\"},{\"@type\":\"ListItem\",\"position\":2,\"name\":\"Automne 2025\",\"item\":\"https:\\\/\\\/www.jak-s.com\\\/fr\\\/collections\\\/automne-2025\\\/\"},{\"@type\":\"ListItem\",\"position\":3,\"name\":\"Sac \u00e0 dos\",\"item\":\"https:\\\/\\\/www.jak-s.com\\\/fr\\\/collections\\\/automne-2025\\\/sac-a-dos-automne-2025\\\/\"},{\"@type\":\"ListItem\",\"position\":4,\"name\":\"Cactus\"}]},{\"@type\":\"WebSite\",\"@id\":\"https:\\\/\\\/www.jak-s.com\\\/fr\\\/#website\",\"url\":\"https:\\\/\\\/www.jak-s.com\\\/fr\\\/\",\"name\":\"Jak&#039;s | Pr\u00eat-\u00e0-oser | Sacs \u00e0 mains | Boutique en ligne\",\"description\":\"\",\"publisher\":{\"@id\":\"https:\\\/\\\/www.jak-s.com\\\/fr\\\/#organization\"},\"potentialAction\":[{\"@type\":\"SearchAction\",\"target\":{\"@type\":\"EntryPoint\",\"urlTemplate\":\"https:\\\/\\\/www.jak-s.com\\\/fr\\\/?s={search_term_string}\"},\"query-input\":{\"@type\":\"PropertyValueSpecification\",\"valueRequired\":true,\"valueName\":\"search_term_string\"}}],\"inLanguage\":\"fr-FR\"},{\"@type\":\"Organization\",\"@id\":\"https:\\\/\\\/www.jak-s.com\\\/fr\\\/#organization\",\"name\":\"Jak's\",\"url\":\"https:\\\/\\\/www.jak-s.com\\\/fr\\\/\",\"logo\":{\"@type\":\"ImageObject\",\"inLanguage\":\"fr-FR\",\"@id\":\"https:\\\/\\\/www.jak-s.com\\\/fr\\\/#\\\/schema\\\/logo\\\/image\\\/\",\"url\":\"https:\\\/\\\/www.jak-s.com\\\/wp-content\\\/uploads\\\/2020\\\/10\\\/logo-jaks-fr.png\",\"contentUrl\":\"https:\\\/\\\/www.jak-s.com\\\/wp-content\\\/uploads\\\/2020\\\/10\\\/logo-jaks-fr.png\",\"width\":134,\"height\":134,\"caption\":\"Jak's\"},\"image\":{\"@id\":\"https:\\\/\\\/www.jak-s.com\\\/fr\\\/#\\\/schema\\\/logo\\\/image\\\/\"},\"sameAs\":[\"https:\\\/\\\/www.facebook.com\\\/jaks.concours\",\"https:\\\/\\\/www.instagram.com\\\/jaks_sacs_a_mains\\\/\"]}]}<\/script>\n<!-- \/ Yoast SEO plugin. -->","yoast_head_json":{"title":"Cactus - Jak&#039;s | Pr\u00eat-\u00e0-oser | Sacs \u00e0 mains | Boutique en ligne","robots":{"index":"index","follow":"follow","max-snippet":"max-snippet:-1","max-image-preview":"max-image-preview:large","max-video-preview":"max-video-preview:-1"},"canonical":"https:\/\/www.jak-s.com\/fr\/produits\/automne-2025\/sac-a-dos-automne-2025\/cactus\/","og_locale":"fr_FR","og_type":"article","og_title":"Cactus - Jak&#039;s | Pr\u00eat-\u00e0-oser | Sacs \u00e0 mains | Boutique en ligne","og_description":"Ce sac \u00e0 dos au design \u00e9pur\u00e9 combine fonctionnalit\u00e9 et f\u00e9minit\u00e9. Sa fine illustration d\u2019arbre\u00a0 lui conf\u00e8re une allure f\u00e9minine et intemporelle. En plus de loger parfaitement vos essentiels, on adore sa poign\u00e9e tr\u00e8s pratique quand vient le temps de le prendre.   Monosangle ajustable  Poign\u00e9e de transport  Pochette ext\u00e9rieure pour t\u00e9l\u00e9phone mobile  Pochettes ext\u00e9rieures (2) avec fermoir \u00e0 l\u2019avant  Pochette ext\u00e9rieure avec fermoir \u00e0 l\u2019arri\u00e8re  Pochettes (2) int\u00e9rieures avec fermoir  Pochettes (2) int\u00e9rieures sans fermoir  Attache-cl\u00e9s  Porte-bouteille  Lavable \u00e0 la machine","og_url":"https:\/\/www.jak-s.com\/fr\/produits\/automne-2025\/sac-a-dos-automne-2025\/cactus\/","og_site_name":"Jak&#039;s | Pr\u00eat-\u00e0-oser | Sacs \u00e0 mains | Boutique en ligne","article_publisher":"https:\/\/www.facebook.com\/jaks.concours","article_modified_time":"2026-04-14T19:10:27+00:00","og_image":[{"width":1500,"height":1500,"url":"https:\/\/www.jak-s.com\/wp-content\/uploads\/2025\/06\/JAK424-bordeau-5.jpg","type":"image\/jpeg"}],"twitter_card":"summary_large_image","twitter_misc":{"Dur\u00e9e de lecture estim\u00e9e":"1 minute"},"schema":{"@context":"https:\/\/schema.org","@graph":[{"@type":"WebPage","@id":"https:\/\/www.jak-s.com\/fr\/produits\/automne-2025\/sac-a-dos-automne-2025\/cactus\/","url":"https:\/\/www.jak-s.com\/fr\/produits\/automne-2025\/sac-a-dos-automne-2025\/cactus\/","name":"Cactus - Jak&#039;s | Pr\u00eat-\u00e0-oser | Sacs \u00e0 mains | Boutique en ligne","isPartOf":{"@id":"https:\/\/www.jak-s.com\/fr\/#website"},"primaryImageOfPage":{"@id":"https:\/\/www.jak-s.com\/fr\/produits\/automne-2025\/sac-a-dos-automne-2025\/cactus\/#primaryimage"},"image":{"@id":"https:\/\/www.jak-s.com\/fr\/produits\/automne-2025\/sac-a-dos-automne-2025\/cactus\/#primaryimage"},"thumbnailUrl":"https:\/\/www.jak-s.com\/wp-content\/uploads\/2025\/06\/JAK424-bordeau-5.jpg","datePublished":"2025-06-17T17:35:09+00:00","dateModified":"2026-04-14T19:10:27+00:00","breadcrumb":{"@id":"https:\/\/www.jak-s.com\/fr\/produits\/automne-2025\/sac-a-dos-automne-2025\/cactus\/#breadcrumb"},"inLanguage":"fr-FR","potentialAction":[{"@type":"ReadAction","target":["https:\/\/www.jak-s.com\/fr\/produits\/automne-2025\/sac-a-dos-automne-2025\/cactus\/"]}]},{"@type":"ImageObject","inLanguage":"fr-FR","@id":"https:\/\/www.jak-s.com\/fr\/produits\/automne-2025\/sac-a-dos-automne-2025\/cactus\/#primaryimage","url":"https:\/\/www.jak-s.com\/wp-content\/uploads\/2025\/06\/JAK424-bordeau-5.jpg","contentUrl":"https:\/\/www.jak-s.com\/wp-content\/uploads\/2025\/06\/JAK424-bordeau-5.jpg","width":1500,"height":1500},{"@type":"BreadcrumbList","@id":"https:\/\/www.jak-s.com\/fr\/produits\/automne-2025\/sac-a-dos-automne-2025\/cactus\/#breadcrumb","itemListElement":[{"@type":"ListItem","position":1,"name":"Boutique","item":"https:\/\/www.jak-s.com\/fr\/boutique\/"},{"@type":"ListItem","position":2,"name":"Automne 2025","item":"https:\/\/www.jak-s.com\/fr\/collections\/automne-2025\/"},{"@type":"ListItem","position":3,"name":"Sac \u00e0 dos","item":"https:\/\/www.jak-s.com\/fr\/collections\/automne-2025\/sac-a-dos-automne-2025\/"},{"@type":"ListItem","position":4,"name":"Cactus"}]},{"@type":"WebSite","@id":"https:\/\/www.jak-s.com\/fr\/#website","url":"https:\/\/www.jak-s.com\/fr\/","name":"Jak&#039;s | Pr\u00eat-\u00e0-oser | Sacs \u00e0 mains | Boutique en ligne","description":"","publisher":{"@id":"https:\/\/www.jak-s.com\/fr\/#organization"},"potentialAction":[{"@type":"SearchAction","target":{"@type":"EntryPoint","urlTemplate":"https:\/\/www.jak-s.com\/fr\/?s={search_term_string}"},"query-input":{"@type":"PropertyValueSpecification","valueRequired":true,"valueName":"search_term_string"}}],"inLanguage":"fr-FR"},{"@type":"Organization","@id":"https:\/\/www.jak-s.com\/fr\/#organization","name":"Jak's","url":"https:\/\/www.jak-s.com\/fr\/","logo":{"@type":"ImageObject","inLanguage":"fr-FR","@id":"https:\/\/www.jak-s.com\/fr\/#\/schema\/logo\/image\/","url":"https:\/\/www.jak-s.com\/wp-content\/uploads\/2020\/10\/logo-jaks-fr.png","contentUrl":"https:\/\/www.jak-s.com\/wp-content\/uploads\/2020\/10\/logo-jaks-fr.png","width":134,"height":134,"caption":"Jak's"},"image":{"@id":"https:\/\/www.jak-s.com\/fr\/#\/schema\/logo\/image\/"},"sameAs":["https:\/\/www.facebook.com\/jaks.concours","https:\/\/www.instagram.com\/jaks_sacs_a_mains\/"]}]}},"_links":{"self":[{"href":"https:\/\/www.jak-s.com\/fr\/wp-json\/wp\/v2\/product\/39068","targetHints":{"allow":["GET"]}}],"collection":[{"href":"https:\/\/www.jak-s.com\/fr\/wp-json\/wp\/v2\/product"}],"about":[{"href":"https:\/\/www.jak-s.com\/fr\/wp-json\/wp\/v2\/types\/product"}],"replies":[{"embeddable":true,"href":"https:\/\/www.jak-s.com\/fr\/wp-json\/wp\/v2\/comments?post=39068"}],"wp:featuredmedia":[{"embeddable":true,"href":"https:\/\/www.jak-s.com\/fr\/wp-json\/wp\/v2\/media\/39549"}],"wp:attachment":[{"href":"https:\/\/www.jak-s.com\/fr\/wp-json\/wp\/v2\/media?parent=39068"}],"wp:term":[{"taxonomy":"product_brand","embeddable":true,"href":"https:\/\/www.jak-s.com\/fr\/wp-json\/wp\/v2\/product_brand?post=39068"},{"taxonomy":"product_cat","embeddable":true,"href":"https:\/\/www.jak-s.com\/fr\/wp-json\/wp\/v2\/product_cat?post=39068"},{"taxonomy":"product_tag","embeddable":true,"href":"https:\/\/www.jak-s.com\/fr\/wp-json\/wp\/v2\/product_tag?post=39068"}],"curies":[{"name":"wp","href":"https:\/\/api.w.org\/{rel}","templated":true}]}}