{"id":34891,"date":"2025-05-20T10:14:33","date_gmt":"2025-05-20T14:14:33","guid":{"rendered":"https:\/\/www.jak-s.com\/?post_type=product&#038;p=34891"},"modified":"2026-04-27T09:41:12","modified_gmt":"2026-04-27T13:41:12","slug":"boarder","status":"publish","type":"product","link":"https:\/\/www.jak-s.com\/fr\/produits\/recyclee\/boarder\/","title":{"rendered":"Boarder"},"content":{"rendered":"","protected":false},"excerpt":{"rendered":"<p>Ce\u00a0 mignon sac \u00e0 dos\u00a0 convertible fait de b\u00e2ches recycl\u00e9es est id\u00e9al pour vous suivre au quotidien avec style, fonctionnalit\u00e9 et l\u00e9g\u00e8ret\u00e9. Les nombreuses pochettes int\u00e9rieures et ext\u00e9rieures vous permettent de maximiser le rangement de vos effets.<\/p>\n<ul>\n<li>Pochette ext\u00e9rieure cach\u00e9e avec fermoir \u00e0 l\u2019avant;<\/li>\n<li>Grande pochette ext\u00e9rieure avec fermoir \u00e0 l\u2019arri\u00e8re;<\/li>\n<li>Grand compartiment int\u00e9rieur;<\/li>\n<li>Pochette int\u00e9rieure pour t\u00e9l\u00e9phone intelligent et crayons;<\/li>\n<li>Imperm\u00e9able;<\/li>\n<li>Facile \u00e0 nettoyer \u00e0 l\u2019aide d\u2019un linge doux<\/li>\n<\/ul>\n","protected":false},"featured_media":41348,"comment_status":"open","ping_status":"closed","template":"","meta":[],"product_brand":[],"product_cat":[1135],"product_tag":[],"class_list":{"0":"post-34891","1":"product","2":"type-product","3":"status-publish","4":"has-post-thumbnail","6":"product_cat-recyclee","8":"first","9":"instock","10":"sale","11":"taxable","12":"shipping-taxable","13":"purchasable","14":"product-type-variable"},"yoast_head":"<!-- This site is optimized with the Yoast SEO plugin v27.3 - https:\/\/yoast.com\/product\/yoast-seo-wordpress\/ -->\n<title>Boarder - Jak&#039;s | Pr\u00eat-\u00e0-oser | Sacs \u00e0 mains | Boutique en ligne<\/title>\n<meta name=\"robots\" content=\"index, follow, max-snippet:-1, max-image-preview:large, max-video-preview:-1\" \/>\n<link rel=\"canonical\" href=\"https:\/\/www.jak-s.com\/fr\/produits\/recyclee\/boarder\/\" \/>\n<meta property=\"og:locale\" content=\"fr_FR\" \/>\n<meta property=\"og:type\" content=\"article\" \/>\n<meta property=\"og:title\" content=\"Boarder - Jak&#039;s | Pr\u00eat-\u00e0-oser | Sacs \u00e0 mains | Boutique en ligne\" \/>\n<meta property=\"og:description\" content=\"Ce\u00a0 mignon sac \u00e0 dos\u00a0 convertible fait de b\u00e2ches recycl\u00e9es est id\u00e9al pour vous suivre au quotidien avec style, fonctionnalit\u00e9 et l\u00e9g\u00e8ret\u00e9. Les nombreuses pochettes int\u00e9rieures et ext\u00e9rieures vous permettent de maximiser le rangement de vos effets.   Pochette ext\u00e9rieure cach\u00e9e avec fermoir \u00e0 l\u2019avant;  Grande pochette ext\u00e9rieure avec fermoir \u00e0 l\u2019arri\u00e8re;  Grand compartiment int\u00e9rieur;  Pochette int\u00e9rieure pour t\u00e9l\u00e9phone intelligent et crayons;  Imperm\u00e9able;  Facile \u00e0 nettoyer \u00e0 l\u2019aide d\u2019un linge doux\" \/>\n<meta property=\"og:url\" content=\"https:\/\/www.jak-s.com\/fr\/produits\/recyclee\/boarder\/\" \/>\n<meta property=\"og:site_name\" content=\"Jak&#039;s | Pr\u00eat-\u00e0-oser | Sacs \u00e0 mains | Boutique en ligne\" \/>\n<meta property=\"article:publisher\" content=\"https:\/\/www.facebook.com\/jaks.concours\" \/>\n<meta property=\"article:modified_time\" content=\"2026-04-27T13:41:12+00:00\" \/>\n<meta property=\"og:image\" content=\"https:\/\/www.jak-s.com\/wp-content\/uploads\/2024\/02\/Photoroom_20260325_200431.jpeg\" \/>\n\t<meta property=\"og:image:width\" content=\"832\" \/>\n\t<meta property=\"og:image:height\" content=\"1070\" \/>\n\t<meta property=\"og:image:type\" content=\"image\/jpeg\" \/>\n<meta name=\"twitter:card\" content=\"summary_large_image\" \/>\n<meta name=\"twitter:label1\" content=\"Dur\u00e9e de lecture estim\u00e9e\" \/>\n\t<meta name=\"twitter:data1\" content=\"1 minute\" \/>\n<script type=\"application\/ld+json\" class=\"yoast-schema-graph\">{\"@context\":\"https:\\\/\\\/schema.org\",\"@graph\":[{\"@type\":\"WebPage\",\"@id\":\"https:\\\/\\\/www.jak-s.com\\\/fr\\\/produits\\\/recyclee\\\/boarder\\\/\",\"url\":\"https:\\\/\\\/www.jak-s.com\\\/fr\\\/produits\\\/recyclee\\\/boarder\\\/\",\"name\":\"Boarder - Jak&#039;s | Pr\u00eat-\u00e0-oser | Sacs \u00e0 mains | Boutique en ligne\",\"isPartOf\":{\"@id\":\"https:\\\/\\\/www.jak-s.com\\\/fr\\\/#website\"},\"primaryImageOfPage\":{\"@id\":\"https:\\\/\\\/www.jak-s.com\\\/fr\\\/produits\\\/recyclee\\\/boarder\\\/#primaryimage\"},\"image\":{\"@id\":\"https:\\\/\\\/www.jak-s.com\\\/fr\\\/produits\\\/recyclee\\\/boarder\\\/#primaryimage\"},\"thumbnailUrl\":\"https:\\\/\\\/www.jak-s.com\\\/wp-content\\\/uploads\\\/2024\\\/02\\\/Photoroom_20260325_200431.jpeg\",\"datePublished\":\"2025-05-20T14:14:33+00:00\",\"dateModified\":\"2026-04-27T13:41:12+00:00\",\"breadcrumb\":{\"@id\":\"https:\\\/\\\/www.jak-s.com\\\/fr\\\/produits\\\/recyclee\\\/boarder\\\/#breadcrumb\"},\"inLanguage\":\"fr-FR\",\"potentialAction\":[{\"@type\":\"ReadAction\",\"target\":[\"https:\\\/\\\/www.jak-s.com\\\/fr\\\/produits\\\/recyclee\\\/boarder\\\/\"]}]},{\"@type\":\"ImageObject\",\"inLanguage\":\"fr-FR\",\"@id\":\"https:\\\/\\\/www.jak-s.com\\\/fr\\\/produits\\\/recyclee\\\/boarder\\\/#primaryimage\",\"url\":\"https:\\\/\\\/www.jak-s.com\\\/wp-content\\\/uploads\\\/2024\\\/02\\\/Photoroom_20260325_200431.jpeg\",\"contentUrl\":\"https:\\\/\\\/www.jak-s.com\\\/wp-content\\\/uploads\\\/2024\\\/02\\\/Photoroom_20260325_200431.jpeg\",\"width\":832,\"height\":1070},{\"@type\":\"BreadcrumbList\",\"@id\":\"https:\\\/\\\/www.jak-s.com\\\/fr\\\/produits\\\/recyclee\\\/boarder\\\/#breadcrumb\",\"itemListElement\":[{\"@type\":\"ListItem\",\"position\":1,\"name\":\"Boutique\",\"item\":\"https:\\\/\\\/www.jak-s.com\\\/fr\\\/boutique\\\/\"},{\"@type\":\"ListItem\",\"position\":2,\"name\":\"Recycl\u00e9e\",\"item\":\"https:\\\/\\\/www.jak-s.com\\\/fr\\\/collections\\\/recyclee\\\/\"},{\"@type\":\"ListItem\",\"position\":3,\"name\":\"Boarder\"}]},{\"@type\":\"WebSite\",\"@id\":\"https:\\\/\\\/www.jak-s.com\\\/fr\\\/#website\",\"url\":\"https:\\\/\\\/www.jak-s.com\\\/fr\\\/\",\"name\":\"Jak&#039;s | Pr\u00eat-\u00e0-oser | Sacs \u00e0 mains | Boutique en ligne\",\"description\":\"\",\"publisher\":{\"@id\":\"https:\\\/\\\/www.jak-s.com\\\/fr\\\/#organization\"},\"potentialAction\":[{\"@type\":\"SearchAction\",\"target\":{\"@type\":\"EntryPoint\",\"urlTemplate\":\"https:\\\/\\\/www.jak-s.com\\\/fr\\\/?s={search_term_string}\"},\"query-input\":{\"@type\":\"PropertyValueSpecification\",\"valueRequired\":true,\"valueName\":\"search_term_string\"}}],\"inLanguage\":\"fr-FR\"},{\"@type\":\"Organization\",\"@id\":\"https:\\\/\\\/www.jak-s.com\\\/fr\\\/#organization\",\"name\":\"Jak's\",\"url\":\"https:\\\/\\\/www.jak-s.com\\\/fr\\\/\",\"logo\":{\"@type\":\"ImageObject\",\"inLanguage\":\"fr-FR\",\"@id\":\"https:\\\/\\\/www.jak-s.com\\\/fr\\\/#\\\/schema\\\/logo\\\/image\\\/\",\"url\":\"https:\\\/\\\/www.jak-s.com\\\/wp-content\\\/uploads\\\/2020\\\/10\\\/logo-jaks-fr.png\",\"contentUrl\":\"https:\\\/\\\/www.jak-s.com\\\/wp-content\\\/uploads\\\/2020\\\/10\\\/logo-jaks-fr.png\",\"width\":134,\"height\":134,\"caption\":\"Jak's\"},\"image\":{\"@id\":\"https:\\\/\\\/www.jak-s.com\\\/fr\\\/#\\\/schema\\\/logo\\\/image\\\/\"},\"sameAs\":[\"https:\\\/\\\/www.facebook.com\\\/jaks.concours\",\"https:\\\/\\\/www.instagram.com\\\/jaks_sacs_a_mains\\\/\"]}]}<\/script>\n<!-- \/ Yoast SEO plugin. -->","yoast_head_json":{"title":"Boarder - Jak&#039;s | Pr\u00eat-\u00e0-oser | Sacs \u00e0 mains | Boutique en ligne","robots":{"index":"index","follow":"follow","max-snippet":"max-snippet:-1","max-image-preview":"max-image-preview:large","max-video-preview":"max-video-preview:-1"},"canonical":"https:\/\/www.jak-s.com\/fr\/produits\/recyclee\/boarder\/","og_locale":"fr_FR","og_type":"article","og_title":"Boarder - Jak&#039;s | Pr\u00eat-\u00e0-oser | Sacs \u00e0 mains | Boutique en ligne","og_description":"Ce\u00a0 mignon sac \u00e0 dos\u00a0 convertible fait de b\u00e2ches recycl\u00e9es est id\u00e9al pour vous suivre au quotidien avec style, fonctionnalit\u00e9 et l\u00e9g\u00e8ret\u00e9. Les nombreuses pochettes int\u00e9rieures et ext\u00e9rieures vous permettent de maximiser le rangement de vos effets.   Pochette ext\u00e9rieure cach\u00e9e avec fermoir \u00e0 l\u2019avant;  Grande pochette ext\u00e9rieure avec fermoir \u00e0 l\u2019arri\u00e8re;  Grand compartiment int\u00e9rieur;  Pochette int\u00e9rieure pour t\u00e9l\u00e9phone intelligent et crayons;  Imperm\u00e9able;  Facile \u00e0 nettoyer \u00e0 l\u2019aide d\u2019un linge doux","og_url":"https:\/\/www.jak-s.com\/fr\/produits\/recyclee\/boarder\/","og_site_name":"Jak&#039;s | Pr\u00eat-\u00e0-oser | Sacs \u00e0 mains | Boutique en ligne","article_publisher":"https:\/\/www.facebook.com\/jaks.concours","article_modified_time":"2026-04-27T13:41:12+00:00","og_image":[{"width":832,"height":1070,"url":"https:\/\/www.jak-s.com\/wp-content\/uploads\/2024\/02\/Photoroom_20260325_200431.jpeg","type":"image\/jpeg"}],"twitter_card":"summary_large_image","twitter_misc":{"Dur\u00e9e de lecture estim\u00e9e":"1 minute"},"schema":{"@context":"https:\/\/schema.org","@graph":[{"@type":"WebPage","@id":"https:\/\/www.jak-s.com\/fr\/produits\/recyclee\/boarder\/","url":"https:\/\/www.jak-s.com\/fr\/produits\/recyclee\/boarder\/","name":"Boarder - Jak&#039;s | Pr\u00eat-\u00e0-oser | Sacs \u00e0 mains | Boutique en ligne","isPartOf":{"@id":"https:\/\/www.jak-s.com\/fr\/#website"},"primaryImageOfPage":{"@id":"https:\/\/www.jak-s.com\/fr\/produits\/recyclee\/boarder\/#primaryimage"},"image":{"@id":"https:\/\/www.jak-s.com\/fr\/produits\/recyclee\/boarder\/#primaryimage"},"thumbnailUrl":"https:\/\/www.jak-s.com\/wp-content\/uploads\/2024\/02\/Photoroom_20260325_200431.jpeg","datePublished":"2025-05-20T14:14:33+00:00","dateModified":"2026-04-27T13:41:12+00:00","breadcrumb":{"@id":"https:\/\/www.jak-s.com\/fr\/produits\/recyclee\/boarder\/#breadcrumb"},"inLanguage":"fr-FR","potentialAction":[{"@type":"ReadAction","target":["https:\/\/www.jak-s.com\/fr\/produits\/recyclee\/boarder\/"]}]},{"@type":"ImageObject","inLanguage":"fr-FR","@id":"https:\/\/www.jak-s.com\/fr\/produits\/recyclee\/boarder\/#primaryimage","url":"https:\/\/www.jak-s.com\/wp-content\/uploads\/2024\/02\/Photoroom_20260325_200431.jpeg","contentUrl":"https:\/\/www.jak-s.com\/wp-content\/uploads\/2024\/02\/Photoroom_20260325_200431.jpeg","width":832,"height":1070},{"@type":"BreadcrumbList","@id":"https:\/\/www.jak-s.com\/fr\/produits\/recyclee\/boarder\/#breadcrumb","itemListElement":[{"@type":"ListItem","position":1,"name":"Boutique","item":"https:\/\/www.jak-s.com\/fr\/boutique\/"},{"@type":"ListItem","position":2,"name":"Recycl\u00e9e","item":"https:\/\/www.jak-s.com\/fr\/collections\/recyclee\/"},{"@type":"ListItem","position":3,"name":"Boarder"}]},{"@type":"WebSite","@id":"https:\/\/www.jak-s.com\/fr\/#website","url":"https:\/\/www.jak-s.com\/fr\/","name":"Jak&#039;s | Pr\u00eat-\u00e0-oser | Sacs \u00e0 mains | Boutique en ligne","description":"","publisher":{"@id":"https:\/\/www.jak-s.com\/fr\/#organization"},"potentialAction":[{"@type":"SearchAction","target":{"@type":"EntryPoint","urlTemplate":"https:\/\/www.jak-s.com\/fr\/?s={search_term_string}"},"query-input":{"@type":"PropertyValueSpecification","valueRequired":true,"valueName":"search_term_string"}}],"inLanguage":"fr-FR"},{"@type":"Organization","@id":"https:\/\/www.jak-s.com\/fr\/#organization","name":"Jak's","url":"https:\/\/www.jak-s.com\/fr\/","logo":{"@type":"ImageObject","inLanguage":"fr-FR","@id":"https:\/\/www.jak-s.com\/fr\/#\/schema\/logo\/image\/","url":"https:\/\/www.jak-s.com\/wp-content\/uploads\/2020\/10\/logo-jaks-fr.png","contentUrl":"https:\/\/www.jak-s.com\/wp-content\/uploads\/2020\/10\/logo-jaks-fr.png","width":134,"height":134,"caption":"Jak's"},"image":{"@id":"https:\/\/www.jak-s.com\/fr\/#\/schema\/logo\/image\/"},"sameAs":["https:\/\/www.facebook.com\/jaks.concours","https:\/\/www.instagram.com\/jaks_sacs_a_mains\/"]}]}},"_links":{"self":[{"href":"https:\/\/www.jak-s.com\/fr\/wp-json\/wp\/v2\/product\/34891","targetHints":{"allow":["GET"]}}],"collection":[{"href":"https:\/\/www.jak-s.com\/fr\/wp-json\/wp\/v2\/product"}],"about":[{"href":"https:\/\/www.jak-s.com\/fr\/wp-json\/wp\/v2\/types\/product"}],"replies":[{"embeddable":true,"href":"https:\/\/www.jak-s.com\/fr\/wp-json\/wp\/v2\/comments?post=34891"}],"wp:featuredmedia":[{"embeddable":true,"href":"https:\/\/www.jak-s.com\/fr\/wp-json\/wp\/v2\/media\/41348"}],"wp:attachment":[{"href":"https:\/\/www.jak-s.com\/fr\/wp-json\/wp\/v2\/media?parent=34891"}],"wp:term":[{"taxonomy":"product_brand","embeddable":true,"href":"https:\/\/www.jak-s.com\/fr\/wp-json\/wp\/v2\/product_brand?post=34891"},{"taxonomy":"product_cat","embeddable":true,"href":"https:\/\/www.jak-s.com\/fr\/wp-json\/wp\/v2\/product_cat?post=34891"},{"taxonomy":"product_tag","embeddable":true,"href":"https:\/\/www.jak-s.com\/fr\/wp-json\/wp\/v2\/product_tag?post=34891"}],"curies":[{"name":"wp","href":"https:\/\/api.w.org\/{rel}","templated":true}]}}