{"id":34166,"date":"2023-12-19T11:52:19","date_gmt":"2023-12-19T16:52:19","guid":{"rendered":"https:\/\/www.jak-s.com\/?post_type=product&#038;p=34166"},"modified":"2026-04-21T14:15:44","modified_gmt":"2026-04-21T18:15:44","slug":"breva","status":"publish","type":"product","link":"https:\/\/www.jak-s.com\/fr\/produits\/soldes\/sac-convertible\/breva\/","title":{"rendered":"Breva"},"content":{"rendered":"","protected":false},"excerpt":{"rendered":"<p>Ce petit sac \u00e0 dos \u00a0peint \u00a0au design \u00e9pur\u00e9 combine fonctionnalit\u00e9 et f\u00e9minit\u00e9. En plus de loger parfaitement vos essentiels, on adore sa l\u00e9g\u00e8ret\u00e9 et \u00a0sa poign\u00e9e tr\u00e8s pratique quand vient le temps de le prendre.<\/p>\n<ul>\n<li>Ganses (2) ajustables<\/li>\n<li>Pochette avec fermoir \u00e0 l\u2019avant<\/li>\n<li>Pochette int\u00e9rieure avec fermoir<\/li>\n<li>Attache-cl\u00e9s<\/li>\n<li>Lavable \u00e0 la machine<\/li>\n<\/ul>\n","protected":false},"featured_media":39667,"comment_status":"open","ping_status":"closed","template":"","meta":[],"product_brand":[],"product_cat":[1006,111],"product_tag":[],"class_list":{"0":"post-34166","1":"product","2":"type-product","3":"status-publish","4":"has-post-thumbnail","6":"product_cat-sac-convertible","7":"product_cat-soldes","9":"first","10":"instock","11":"sale","12":"taxable","13":"shipping-taxable","14":"purchasable","15":"product-type-variable"},"yoast_head":"<!-- This site is optimized with the Yoast SEO plugin v27.3 - https:\/\/yoast.com\/product\/yoast-seo-wordpress\/ -->\n<title>Breva - Jak&#039;s | Pr\u00eat-\u00e0-oser | Sacs \u00e0 mains | Boutique en ligne<\/title>\n<meta name=\"robots\" content=\"index, follow, max-snippet:-1, max-image-preview:large, max-video-preview:-1\" \/>\n<link rel=\"canonical\" href=\"https:\/\/www.jak-s.com\/fr\/produits\/soldes\/sac-convertible\/breva\/\" \/>\n<meta property=\"og:locale\" content=\"fr_FR\" \/>\n<meta property=\"og:type\" content=\"article\" \/>\n<meta property=\"og:title\" content=\"Breva - Jak&#039;s | Pr\u00eat-\u00e0-oser | Sacs \u00e0 mains | Boutique en ligne\" \/>\n<meta property=\"og:description\" content=\"Ce petit sac \u00e0 dos \u00a0peint \u00a0au design \u00e9pur\u00e9 combine fonctionnalit\u00e9 et f\u00e9minit\u00e9. En plus de loger parfaitement vos essentiels, on adore sa l\u00e9g\u00e8ret\u00e9 et \u00a0sa poign\u00e9e tr\u00e8s pratique quand vient le temps de le prendre.   Ganses (2) ajustables  Pochette avec fermoir \u00e0 l\u2019avant  Pochette int\u00e9rieure avec fermoir  Attache-cl\u00e9s  Lavable \u00e0 la machine\" \/>\n<meta property=\"og:url\" content=\"https:\/\/www.jak-s.com\/fr\/produits\/soldes\/sac-convertible\/breva\/\" \/>\n<meta property=\"og:site_name\" content=\"Jak&#039;s | Pr\u00eat-\u00e0-oser | Sacs \u00e0 mains | Boutique en ligne\" \/>\n<meta property=\"article:publisher\" content=\"https:\/\/www.facebook.com\/jaks.concours\" \/>\n<meta property=\"article:modified_time\" content=\"2026-04-21T18:15:44+00:00\" \/>\n<meta property=\"og:image\" content=\"https:\/\/www.jak-s.com\/wp-content\/uploads\/2023\/12\/JAK-253-scaled.jpg\" \/>\n\t<meta property=\"og:image:width\" content=\"2560\" \/>\n\t<meta property=\"og:image:height\" content=\"1709\" \/>\n\t<meta property=\"og:image:type\" content=\"image\/jpeg\" \/>\n<meta name=\"twitter:card\" content=\"summary_large_image\" \/>\n<meta name=\"twitter:label1\" content=\"Dur\u00e9e de lecture estim\u00e9e\" \/>\n\t<meta name=\"twitter:data1\" content=\"1 minute\" \/>\n<script type=\"application\/ld+json\" class=\"yoast-schema-graph\">{\"@context\":\"https:\\\/\\\/schema.org\",\"@graph\":[{\"@type\":\"WebPage\",\"@id\":\"https:\\\/\\\/www.jak-s.com\\\/fr\\\/produits\\\/soldes\\\/sac-convertible\\\/breva\\\/\",\"url\":\"https:\\\/\\\/www.jak-s.com\\\/fr\\\/produits\\\/soldes\\\/sac-convertible\\\/breva\\\/\",\"name\":\"Breva - Jak&#039;s | Pr\u00eat-\u00e0-oser | Sacs \u00e0 mains | Boutique en ligne\",\"isPartOf\":{\"@id\":\"https:\\\/\\\/www.jak-s.com\\\/fr\\\/#website\"},\"primaryImageOfPage\":{\"@id\":\"https:\\\/\\\/www.jak-s.com\\\/fr\\\/produits\\\/soldes\\\/sac-convertible\\\/breva\\\/#primaryimage\"},\"image\":{\"@id\":\"https:\\\/\\\/www.jak-s.com\\\/fr\\\/produits\\\/soldes\\\/sac-convertible\\\/breva\\\/#primaryimage\"},\"thumbnailUrl\":\"https:\\\/\\\/www.jak-s.com\\\/wp-content\\\/uploads\\\/2023\\\/12\\\/JAK-253-scaled.jpg\",\"datePublished\":\"2023-12-19T16:52:19+00:00\",\"dateModified\":\"2026-04-21T18:15:44+00:00\",\"breadcrumb\":{\"@id\":\"https:\\\/\\\/www.jak-s.com\\\/fr\\\/produits\\\/soldes\\\/sac-convertible\\\/breva\\\/#breadcrumb\"},\"inLanguage\":\"fr-FR\",\"potentialAction\":[{\"@type\":\"ReadAction\",\"target\":[\"https:\\\/\\\/www.jak-s.com\\\/fr\\\/produits\\\/soldes\\\/sac-convertible\\\/breva\\\/\"]}]},{\"@type\":\"ImageObject\",\"inLanguage\":\"fr-FR\",\"@id\":\"https:\\\/\\\/www.jak-s.com\\\/fr\\\/produits\\\/soldes\\\/sac-convertible\\\/breva\\\/#primaryimage\",\"url\":\"https:\\\/\\\/www.jak-s.com\\\/wp-content\\\/uploads\\\/2023\\\/12\\\/JAK-253-scaled.jpg\",\"contentUrl\":\"https:\\\/\\\/www.jak-s.com\\\/wp-content\\\/uploads\\\/2023\\\/12\\\/JAK-253-scaled.jpg\",\"width\":2560,\"height\":1709},{\"@type\":\"BreadcrumbList\",\"@id\":\"https:\\\/\\\/www.jak-s.com\\\/fr\\\/produits\\\/soldes\\\/sac-convertible\\\/breva\\\/#breadcrumb\",\"itemListElement\":[{\"@type\":\"ListItem\",\"position\":1,\"name\":\"Boutique\",\"item\":\"https:\\\/\\\/www.jak-s.com\\\/fr\\\/boutique\\\/\"},{\"@type\":\"ListItem\",\"position\":2,\"name\":\"Soldes\",\"item\":\"https:\\\/\\\/www.jak-s.com\\\/fr\\\/collections\\\/soldes\\\/\"},{\"@type\":\"ListItem\",\"position\":3,\"name\":\"Breva\"}]},{\"@type\":\"WebSite\",\"@id\":\"https:\\\/\\\/www.jak-s.com\\\/fr\\\/#website\",\"url\":\"https:\\\/\\\/www.jak-s.com\\\/fr\\\/\",\"name\":\"Jak&#039;s | Pr\u00eat-\u00e0-oser | Sacs \u00e0 mains | Boutique en ligne\",\"description\":\"\",\"publisher\":{\"@id\":\"https:\\\/\\\/www.jak-s.com\\\/fr\\\/#organization\"},\"potentialAction\":[{\"@type\":\"SearchAction\",\"target\":{\"@type\":\"EntryPoint\",\"urlTemplate\":\"https:\\\/\\\/www.jak-s.com\\\/fr\\\/?s={search_term_string}\"},\"query-input\":{\"@type\":\"PropertyValueSpecification\",\"valueRequired\":true,\"valueName\":\"search_term_string\"}}],\"inLanguage\":\"fr-FR\"},{\"@type\":\"Organization\",\"@id\":\"https:\\\/\\\/www.jak-s.com\\\/fr\\\/#organization\",\"name\":\"Jak's\",\"url\":\"https:\\\/\\\/www.jak-s.com\\\/fr\\\/\",\"logo\":{\"@type\":\"ImageObject\",\"inLanguage\":\"fr-FR\",\"@id\":\"https:\\\/\\\/www.jak-s.com\\\/fr\\\/#\\\/schema\\\/logo\\\/image\\\/\",\"url\":\"https:\\\/\\\/www.jak-s.com\\\/wp-content\\\/uploads\\\/2020\\\/10\\\/logo-jaks-fr.png\",\"contentUrl\":\"https:\\\/\\\/www.jak-s.com\\\/wp-content\\\/uploads\\\/2020\\\/10\\\/logo-jaks-fr.png\",\"width\":134,\"height\":134,\"caption\":\"Jak's\"},\"image\":{\"@id\":\"https:\\\/\\\/www.jak-s.com\\\/fr\\\/#\\\/schema\\\/logo\\\/image\\\/\"},\"sameAs\":[\"https:\\\/\\\/www.facebook.com\\\/jaks.concours\",\"https:\\\/\\\/www.instagram.com\\\/jaks_sacs_a_mains\\\/\"]}]}<\/script>\n<!-- \/ Yoast SEO plugin. -->","yoast_head_json":{"title":"Breva - Jak&#039;s | Pr\u00eat-\u00e0-oser | Sacs \u00e0 mains | Boutique en ligne","robots":{"index":"index","follow":"follow","max-snippet":"max-snippet:-1","max-image-preview":"max-image-preview:large","max-video-preview":"max-video-preview:-1"},"canonical":"https:\/\/www.jak-s.com\/fr\/produits\/soldes\/sac-convertible\/breva\/","og_locale":"fr_FR","og_type":"article","og_title":"Breva - Jak&#039;s | Pr\u00eat-\u00e0-oser | Sacs \u00e0 mains | Boutique en ligne","og_description":"Ce petit sac \u00e0 dos \u00a0peint \u00a0au design \u00e9pur\u00e9 combine fonctionnalit\u00e9 et f\u00e9minit\u00e9. En plus de loger parfaitement vos essentiels, on adore sa l\u00e9g\u00e8ret\u00e9 et \u00a0sa poign\u00e9e tr\u00e8s pratique quand vient le temps de le prendre.   Ganses (2) ajustables  Pochette avec fermoir \u00e0 l\u2019avant  Pochette int\u00e9rieure avec fermoir  Attache-cl\u00e9s  Lavable \u00e0 la machine","og_url":"https:\/\/www.jak-s.com\/fr\/produits\/soldes\/sac-convertible\/breva\/","og_site_name":"Jak&#039;s | Pr\u00eat-\u00e0-oser | Sacs \u00e0 mains | Boutique en ligne","article_publisher":"https:\/\/www.facebook.com\/jaks.concours","article_modified_time":"2026-04-21T18:15:44+00:00","og_image":[{"width":2560,"height":1709,"url":"https:\/\/www.jak-s.com\/wp-content\/uploads\/2023\/12\/JAK-253-scaled.jpg","type":"image\/jpeg"}],"twitter_card":"summary_large_image","twitter_misc":{"Dur\u00e9e de lecture estim\u00e9e":"1 minute"},"schema":{"@context":"https:\/\/schema.org","@graph":[{"@type":"WebPage","@id":"https:\/\/www.jak-s.com\/fr\/produits\/soldes\/sac-convertible\/breva\/","url":"https:\/\/www.jak-s.com\/fr\/produits\/soldes\/sac-convertible\/breva\/","name":"Breva - Jak&#039;s | Pr\u00eat-\u00e0-oser | Sacs \u00e0 mains | Boutique en ligne","isPartOf":{"@id":"https:\/\/www.jak-s.com\/fr\/#website"},"primaryImageOfPage":{"@id":"https:\/\/www.jak-s.com\/fr\/produits\/soldes\/sac-convertible\/breva\/#primaryimage"},"image":{"@id":"https:\/\/www.jak-s.com\/fr\/produits\/soldes\/sac-convertible\/breva\/#primaryimage"},"thumbnailUrl":"https:\/\/www.jak-s.com\/wp-content\/uploads\/2023\/12\/JAK-253-scaled.jpg","datePublished":"2023-12-19T16:52:19+00:00","dateModified":"2026-04-21T18:15:44+00:00","breadcrumb":{"@id":"https:\/\/www.jak-s.com\/fr\/produits\/soldes\/sac-convertible\/breva\/#breadcrumb"},"inLanguage":"fr-FR","potentialAction":[{"@type":"ReadAction","target":["https:\/\/www.jak-s.com\/fr\/produits\/soldes\/sac-convertible\/breva\/"]}]},{"@type":"ImageObject","inLanguage":"fr-FR","@id":"https:\/\/www.jak-s.com\/fr\/produits\/soldes\/sac-convertible\/breva\/#primaryimage","url":"https:\/\/www.jak-s.com\/wp-content\/uploads\/2023\/12\/JAK-253-scaled.jpg","contentUrl":"https:\/\/www.jak-s.com\/wp-content\/uploads\/2023\/12\/JAK-253-scaled.jpg","width":2560,"height":1709},{"@type":"BreadcrumbList","@id":"https:\/\/www.jak-s.com\/fr\/produits\/soldes\/sac-convertible\/breva\/#breadcrumb","itemListElement":[{"@type":"ListItem","position":1,"name":"Boutique","item":"https:\/\/www.jak-s.com\/fr\/boutique\/"},{"@type":"ListItem","position":2,"name":"Soldes","item":"https:\/\/www.jak-s.com\/fr\/collections\/soldes\/"},{"@type":"ListItem","position":3,"name":"Breva"}]},{"@type":"WebSite","@id":"https:\/\/www.jak-s.com\/fr\/#website","url":"https:\/\/www.jak-s.com\/fr\/","name":"Jak&#039;s | Pr\u00eat-\u00e0-oser | Sacs \u00e0 mains | Boutique en ligne","description":"","publisher":{"@id":"https:\/\/www.jak-s.com\/fr\/#organization"},"potentialAction":[{"@type":"SearchAction","target":{"@type":"EntryPoint","urlTemplate":"https:\/\/www.jak-s.com\/fr\/?s={search_term_string}"},"query-input":{"@type":"PropertyValueSpecification","valueRequired":true,"valueName":"search_term_string"}}],"inLanguage":"fr-FR"},{"@type":"Organization","@id":"https:\/\/www.jak-s.com\/fr\/#organization","name":"Jak's","url":"https:\/\/www.jak-s.com\/fr\/","logo":{"@type":"ImageObject","inLanguage":"fr-FR","@id":"https:\/\/www.jak-s.com\/fr\/#\/schema\/logo\/image\/","url":"https:\/\/www.jak-s.com\/wp-content\/uploads\/2020\/10\/logo-jaks-fr.png","contentUrl":"https:\/\/www.jak-s.com\/wp-content\/uploads\/2020\/10\/logo-jaks-fr.png","width":134,"height":134,"caption":"Jak's"},"image":{"@id":"https:\/\/www.jak-s.com\/fr\/#\/schema\/logo\/image\/"},"sameAs":["https:\/\/www.facebook.com\/jaks.concours","https:\/\/www.instagram.com\/jaks_sacs_a_mains\/"]}]}},"_links":{"self":[{"href":"https:\/\/www.jak-s.com\/fr\/wp-json\/wp\/v2\/product\/34166","targetHints":{"allow":["GET"]}}],"collection":[{"href":"https:\/\/www.jak-s.com\/fr\/wp-json\/wp\/v2\/product"}],"about":[{"href":"https:\/\/www.jak-s.com\/fr\/wp-json\/wp\/v2\/types\/product"}],"replies":[{"embeddable":true,"href":"https:\/\/www.jak-s.com\/fr\/wp-json\/wp\/v2\/comments?post=34166"}],"wp:featuredmedia":[{"embeddable":true,"href":"https:\/\/www.jak-s.com\/fr\/wp-json\/wp\/v2\/media\/39667"}],"wp:attachment":[{"href":"https:\/\/www.jak-s.com\/fr\/wp-json\/wp\/v2\/media?parent=34166"}],"wp:term":[{"taxonomy":"product_brand","embeddable":true,"href":"https:\/\/www.jak-s.com\/fr\/wp-json\/wp\/v2\/product_brand?post=34166"},{"taxonomy":"product_cat","embeddable":true,"href":"https:\/\/www.jak-s.com\/fr\/wp-json\/wp\/v2\/product_cat?post=34166"},{"taxonomy":"product_tag","embeddable":true,"href":"https:\/\/www.jak-s.com\/fr\/wp-json\/wp\/v2\/product_tag?post=34166"}],"curies":[{"name":"wp","href":"https:\/\/api.w.org\/{rel}","templated":true}]}}