{"id":34096,"date":"2023-12-19T09:40:47","date_gmt":"2023-12-19T14:40:47","guid":{"rendered":"https:\/\/www.jak-s.com\/?post_type=product&#038;p=34096"},"modified":"2026-04-29T09:20:07","modified_gmt":"2026-04-29T13:20:07","slug":"tourbillon","status":"publish","type":"product","link":"https:\/\/www.jak-s.com\/fr\/produits\/printemps-2024\/sac-a-bandouliere-6\/tourbillon\/","title":{"rendered":"Tourbillon"},"content":{"rendered":"","protected":false},"excerpt":{"rendered":"<p>Ce sac \u00e0 bandouli\u00e8re\u00a0 offre une grande capacit\u00e9 de rangement gr\u00e2ce \u00e0 son format. Ces jolies fleurs peintes agr\u00e9mentent bien ce sac. Ses multiples pochettes dont sa pochette avant directe avec un organisateur permettent un rangement efficace.<\/p>\n<ul>\n<li>Bandouli\u00e8re ajustable<\/li>\n<li>Pochette organisatrice avec fermoir \u00e0 l\u2019avant<\/li>\n<li>Pochette ext\u00e9rieure avec fermoir \u00e0 l\u2019arri\u00e8re<\/li>\n<li>Pochette int\u00e9rieure avec fermoir<\/li>\n<li>Pochette int\u00e9rieure avec \u00e9lastique<\/li>\n<li>Attache-cl\u00e9s<\/li>\n<li>Lavable \u00e0 la machine<\/li>\n<\/ul>\n","protected":false},"featured_media":33456,"comment_status":"open","ping_status":"closed","template":"","meta":[],"product_brand":[],"product_cat":[1196,1004,1198,111],"product_tag":[],"class_list":{"0":"post-34096","1":"product","2":"type-product","3":"status-publish","4":"has-post-thumbnail","6":"product_cat-printemps-2024","7":"product_cat-sac-a-bandouliere-2","8":"product_cat-sac-a-bandouliere-6","9":"product_cat-soldes","11":"first","12":"instock","13":"sale","14":"taxable","15":"shipping-taxable","16":"purchasable","17":"product-type-variable"},"yoast_head":"<!-- This site is optimized with the Yoast SEO plugin v27.3 - https:\/\/yoast.com\/product\/yoast-seo-wordpress\/ -->\n<title>Tourbillon - Jak&#039;s | Pr\u00eat-\u00e0-oser | Sacs \u00e0 mains | Boutique en ligne<\/title>\n<meta name=\"robots\" content=\"index, follow, max-snippet:-1, max-image-preview:large, max-video-preview:-1\" \/>\n<link rel=\"canonical\" href=\"https:\/\/www.jak-s.com\/fr\/produits\/printemps-2024\/sac-a-bandouliere-6\/tourbillon\/\" \/>\n<meta property=\"og:locale\" content=\"fr_FR\" \/>\n<meta property=\"og:type\" content=\"article\" \/>\n<meta property=\"og:title\" content=\"Tourbillon - Jak&#039;s | Pr\u00eat-\u00e0-oser | Sacs \u00e0 mains | Boutique en ligne\" \/>\n<meta property=\"og:description\" content=\"Ce sac \u00e0 bandouli\u00e8re\u00a0 offre une grande capacit\u00e9 de rangement gr\u00e2ce \u00e0 son format. Ces jolies fleurs peintes agr\u00e9mentent bien ce sac. Ses multiples pochettes dont sa pochette avant directe avec un organisateur permettent un rangement efficace.   Bandouli\u00e8re ajustable  Pochette organisatrice avec fermoir \u00e0 l\u2019avant  Pochette ext\u00e9rieure avec fermoir \u00e0 l\u2019arri\u00e8re  Pochette int\u00e9rieure avec fermoir  Pochette int\u00e9rieure avec \u00e9lastique  Attache-cl\u00e9s  Lavable \u00e0 la machine\" \/>\n<meta property=\"og:url\" content=\"https:\/\/www.jak-s.com\/fr\/produits\/printemps-2024\/sac-a-bandouliere-6\/tourbillon\/\" \/>\n<meta property=\"og:site_name\" content=\"Jak&#039;s | Pr\u00eat-\u00e0-oser | Sacs \u00e0 mains | Boutique en ligne\" \/>\n<meta property=\"article:publisher\" content=\"https:\/\/www.facebook.com\/jaks.concours\" \/>\n<meta property=\"article:modified_time\" content=\"2026-04-29T13:20:07+00:00\" \/>\n<meta property=\"og:image\" content=\"https:\/\/www.jak-s.com\/wp-content\/uploads\/2023\/11\/JAK-348-NOI.jpg\" \/>\n\t<meta property=\"og:image:width\" content=\"2048\" \/>\n\t<meta property=\"og:image:height\" content=\"2048\" \/>\n\t<meta property=\"og:image:type\" content=\"image\/jpeg\" \/>\n<meta name=\"twitter:card\" content=\"summary_large_image\" \/>\n<meta name=\"twitter:label1\" content=\"Dur\u00e9e de lecture estim\u00e9e\" \/>\n\t<meta name=\"twitter:data1\" content=\"1 minute\" \/>\n<script type=\"application\/ld+json\" class=\"yoast-schema-graph\">{\"@context\":\"https:\\\/\\\/schema.org\",\"@graph\":[{\"@type\":\"WebPage\",\"@id\":\"https:\\\/\\\/www.jak-s.com\\\/fr\\\/produits\\\/printemps-2024\\\/sac-a-bandouliere-6\\\/tourbillon\\\/\",\"url\":\"https:\\\/\\\/www.jak-s.com\\\/fr\\\/produits\\\/printemps-2024\\\/sac-a-bandouliere-6\\\/tourbillon\\\/\",\"name\":\"Tourbillon - Jak&#039;s | Pr\u00eat-\u00e0-oser | Sacs \u00e0 mains | Boutique en ligne\",\"isPartOf\":{\"@id\":\"https:\\\/\\\/www.jak-s.com\\\/fr\\\/#website\"},\"primaryImageOfPage\":{\"@id\":\"https:\\\/\\\/www.jak-s.com\\\/fr\\\/produits\\\/printemps-2024\\\/sac-a-bandouliere-6\\\/tourbillon\\\/#primaryimage\"},\"image\":{\"@id\":\"https:\\\/\\\/www.jak-s.com\\\/fr\\\/produits\\\/printemps-2024\\\/sac-a-bandouliere-6\\\/tourbillon\\\/#primaryimage\"},\"thumbnailUrl\":\"https:\\\/\\\/www.jak-s.com\\\/wp-content\\\/uploads\\\/2023\\\/11\\\/JAK-348-NOI.jpg\",\"datePublished\":\"2023-12-19T14:40:47+00:00\",\"dateModified\":\"2026-04-29T13:20:07+00:00\",\"breadcrumb\":{\"@id\":\"https:\\\/\\\/www.jak-s.com\\\/fr\\\/produits\\\/printemps-2024\\\/sac-a-bandouliere-6\\\/tourbillon\\\/#breadcrumb\"},\"inLanguage\":\"fr-FR\",\"potentialAction\":[{\"@type\":\"ReadAction\",\"target\":[\"https:\\\/\\\/www.jak-s.com\\\/fr\\\/produits\\\/printemps-2024\\\/sac-a-bandouliere-6\\\/tourbillon\\\/\"]}]},{\"@type\":\"ImageObject\",\"inLanguage\":\"fr-FR\",\"@id\":\"https:\\\/\\\/www.jak-s.com\\\/fr\\\/produits\\\/printemps-2024\\\/sac-a-bandouliere-6\\\/tourbillon\\\/#primaryimage\",\"url\":\"https:\\\/\\\/www.jak-s.com\\\/wp-content\\\/uploads\\\/2023\\\/11\\\/JAK-348-NOI.jpg\",\"contentUrl\":\"https:\\\/\\\/www.jak-s.com\\\/wp-content\\\/uploads\\\/2023\\\/11\\\/JAK-348-NOI.jpg\",\"width\":2048,\"height\":2048},{\"@type\":\"BreadcrumbList\",\"@id\":\"https:\\\/\\\/www.jak-s.com\\\/fr\\\/produits\\\/printemps-2024\\\/sac-a-bandouliere-6\\\/tourbillon\\\/#breadcrumb\",\"itemListElement\":[{\"@type\":\"ListItem\",\"position\":1,\"name\":\"Boutique\",\"item\":\"https:\\\/\\\/www.jak-s.com\\\/fr\\\/boutique\\\/\"},{\"@type\":\"ListItem\",\"position\":2,\"name\":\"Printemps 2024\",\"item\":\"https:\\\/\\\/www.jak-s.com\\\/fr\\\/collections\\\/printemps-2024\\\/\"},{\"@type\":\"ListItem\",\"position\":3,\"name\":\"Tourbillon\"}]},{\"@type\":\"WebSite\",\"@id\":\"https:\\\/\\\/www.jak-s.com\\\/fr\\\/#website\",\"url\":\"https:\\\/\\\/www.jak-s.com\\\/fr\\\/\",\"name\":\"Jak&#039;s | Pr\u00eat-\u00e0-oser | Sacs \u00e0 mains | Boutique en ligne\",\"description\":\"\",\"publisher\":{\"@id\":\"https:\\\/\\\/www.jak-s.com\\\/fr\\\/#organization\"},\"potentialAction\":[{\"@type\":\"SearchAction\",\"target\":{\"@type\":\"EntryPoint\",\"urlTemplate\":\"https:\\\/\\\/www.jak-s.com\\\/fr\\\/?s={search_term_string}\"},\"query-input\":{\"@type\":\"PropertyValueSpecification\",\"valueRequired\":true,\"valueName\":\"search_term_string\"}}],\"inLanguage\":\"fr-FR\"},{\"@type\":\"Organization\",\"@id\":\"https:\\\/\\\/www.jak-s.com\\\/fr\\\/#organization\",\"name\":\"Jak's\",\"url\":\"https:\\\/\\\/www.jak-s.com\\\/fr\\\/\",\"logo\":{\"@type\":\"ImageObject\",\"inLanguage\":\"fr-FR\",\"@id\":\"https:\\\/\\\/www.jak-s.com\\\/fr\\\/#\\\/schema\\\/logo\\\/image\\\/\",\"url\":\"https:\\\/\\\/www.jak-s.com\\\/wp-content\\\/uploads\\\/2020\\\/10\\\/logo-jaks-fr.png\",\"contentUrl\":\"https:\\\/\\\/www.jak-s.com\\\/wp-content\\\/uploads\\\/2020\\\/10\\\/logo-jaks-fr.png\",\"width\":134,\"height\":134,\"caption\":\"Jak's\"},\"image\":{\"@id\":\"https:\\\/\\\/www.jak-s.com\\\/fr\\\/#\\\/schema\\\/logo\\\/image\\\/\"},\"sameAs\":[\"https:\\\/\\\/www.facebook.com\\\/jaks.concours\",\"https:\\\/\\\/www.instagram.com\\\/jaks_sacs_a_mains\\\/\"]}]}<\/script>\n<!-- \/ Yoast SEO plugin. -->","yoast_head_json":{"title":"Tourbillon - Jak&#039;s | Pr\u00eat-\u00e0-oser | Sacs \u00e0 mains | Boutique en ligne","robots":{"index":"index","follow":"follow","max-snippet":"max-snippet:-1","max-image-preview":"max-image-preview:large","max-video-preview":"max-video-preview:-1"},"canonical":"https:\/\/www.jak-s.com\/fr\/produits\/printemps-2024\/sac-a-bandouliere-6\/tourbillon\/","og_locale":"fr_FR","og_type":"article","og_title":"Tourbillon - Jak&#039;s | Pr\u00eat-\u00e0-oser | Sacs \u00e0 mains | Boutique en ligne","og_description":"Ce sac \u00e0 bandouli\u00e8re\u00a0 offre une grande capacit\u00e9 de rangement gr\u00e2ce \u00e0 son format. Ces jolies fleurs peintes agr\u00e9mentent bien ce sac. Ses multiples pochettes dont sa pochette avant directe avec un organisateur permettent un rangement efficace.   Bandouli\u00e8re ajustable  Pochette organisatrice avec fermoir \u00e0 l\u2019avant  Pochette ext\u00e9rieure avec fermoir \u00e0 l\u2019arri\u00e8re  Pochette int\u00e9rieure avec fermoir  Pochette int\u00e9rieure avec \u00e9lastique  Attache-cl\u00e9s  Lavable \u00e0 la machine","og_url":"https:\/\/www.jak-s.com\/fr\/produits\/printemps-2024\/sac-a-bandouliere-6\/tourbillon\/","og_site_name":"Jak&#039;s | Pr\u00eat-\u00e0-oser | Sacs \u00e0 mains | Boutique en ligne","article_publisher":"https:\/\/www.facebook.com\/jaks.concours","article_modified_time":"2026-04-29T13:20:07+00:00","og_image":[{"width":2048,"height":2048,"url":"https:\/\/www.jak-s.com\/wp-content\/uploads\/2023\/11\/JAK-348-NOI.jpg","type":"image\/jpeg"}],"twitter_card":"summary_large_image","twitter_misc":{"Dur\u00e9e de lecture estim\u00e9e":"1 minute"},"schema":{"@context":"https:\/\/schema.org","@graph":[{"@type":"WebPage","@id":"https:\/\/www.jak-s.com\/fr\/produits\/printemps-2024\/sac-a-bandouliere-6\/tourbillon\/","url":"https:\/\/www.jak-s.com\/fr\/produits\/printemps-2024\/sac-a-bandouliere-6\/tourbillon\/","name":"Tourbillon - Jak&#039;s | Pr\u00eat-\u00e0-oser | Sacs \u00e0 mains | Boutique en ligne","isPartOf":{"@id":"https:\/\/www.jak-s.com\/fr\/#website"},"primaryImageOfPage":{"@id":"https:\/\/www.jak-s.com\/fr\/produits\/printemps-2024\/sac-a-bandouliere-6\/tourbillon\/#primaryimage"},"image":{"@id":"https:\/\/www.jak-s.com\/fr\/produits\/printemps-2024\/sac-a-bandouliere-6\/tourbillon\/#primaryimage"},"thumbnailUrl":"https:\/\/www.jak-s.com\/wp-content\/uploads\/2023\/11\/JAK-348-NOI.jpg","datePublished":"2023-12-19T14:40:47+00:00","dateModified":"2026-04-29T13:20:07+00:00","breadcrumb":{"@id":"https:\/\/www.jak-s.com\/fr\/produits\/printemps-2024\/sac-a-bandouliere-6\/tourbillon\/#breadcrumb"},"inLanguage":"fr-FR","potentialAction":[{"@type":"ReadAction","target":["https:\/\/www.jak-s.com\/fr\/produits\/printemps-2024\/sac-a-bandouliere-6\/tourbillon\/"]}]},{"@type":"ImageObject","inLanguage":"fr-FR","@id":"https:\/\/www.jak-s.com\/fr\/produits\/printemps-2024\/sac-a-bandouliere-6\/tourbillon\/#primaryimage","url":"https:\/\/www.jak-s.com\/wp-content\/uploads\/2023\/11\/JAK-348-NOI.jpg","contentUrl":"https:\/\/www.jak-s.com\/wp-content\/uploads\/2023\/11\/JAK-348-NOI.jpg","width":2048,"height":2048},{"@type":"BreadcrumbList","@id":"https:\/\/www.jak-s.com\/fr\/produits\/printemps-2024\/sac-a-bandouliere-6\/tourbillon\/#breadcrumb","itemListElement":[{"@type":"ListItem","position":1,"name":"Boutique","item":"https:\/\/www.jak-s.com\/fr\/boutique\/"},{"@type":"ListItem","position":2,"name":"Printemps 2024","item":"https:\/\/www.jak-s.com\/fr\/collections\/printemps-2024\/"},{"@type":"ListItem","position":3,"name":"Tourbillon"}]},{"@type":"WebSite","@id":"https:\/\/www.jak-s.com\/fr\/#website","url":"https:\/\/www.jak-s.com\/fr\/","name":"Jak&#039;s | Pr\u00eat-\u00e0-oser | Sacs \u00e0 mains | Boutique en ligne","description":"","publisher":{"@id":"https:\/\/www.jak-s.com\/fr\/#organization"},"potentialAction":[{"@type":"SearchAction","target":{"@type":"EntryPoint","urlTemplate":"https:\/\/www.jak-s.com\/fr\/?s={search_term_string}"},"query-input":{"@type":"PropertyValueSpecification","valueRequired":true,"valueName":"search_term_string"}}],"inLanguage":"fr-FR"},{"@type":"Organization","@id":"https:\/\/www.jak-s.com\/fr\/#organization","name":"Jak's","url":"https:\/\/www.jak-s.com\/fr\/","logo":{"@type":"ImageObject","inLanguage":"fr-FR","@id":"https:\/\/www.jak-s.com\/fr\/#\/schema\/logo\/image\/","url":"https:\/\/www.jak-s.com\/wp-content\/uploads\/2020\/10\/logo-jaks-fr.png","contentUrl":"https:\/\/www.jak-s.com\/wp-content\/uploads\/2020\/10\/logo-jaks-fr.png","width":134,"height":134,"caption":"Jak's"},"image":{"@id":"https:\/\/www.jak-s.com\/fr\/#\/schema\/logo\/image\/"},"sameAs":["https:\/\/www.facebook.com\/jaks.concours","https:\/\/www.instagram.com\/jaks_sacs_a_mains\/"]}]}},"_links":{"self":[{"href":"https:\/\/www.jak-s.com\/fr\/wp-json\/wp\/v2\/product\/34096","targetHints":{"allow":["GET"]}}],"collection":[{"href":"https:\/\/www.jak-s.com\/fr\/wp-json\/wp\/v2\/product"}],"about":[{"href":"https:\/\/www.jak-s.com\/fr\/wp-json\/wp\/v2\/types\/product"}],"replies":[{"embeddable":true,"href":"https:\/\/www.jak-s.com\/fr\/wp-json\/wp\/v2\/comments?post=34096"}],"wp:featuredmedia":[{"embeddable":true,"href":"https:\/\/www.jak-s.com\/fr\/wp-json\/wp\/v2\/media\/33456"}],"wp:attachment":[{"href":"https:\/\/www.jak-s.com\/fr\/wp-json\/wp\/v2\/media?parent=34096"}],"wp:term":[{"taxonomy":"product_brand","embeddable":true,"href":"https:\/\/www.jak-s.com\/fr\/wp-json\/wp\/v2\/product_brand?post=34096"},{"taxonomy":"product_cat","embeddable":true,"href":"https:\/\/www.jak-s.com\/fr\/wp-json\/wp\/v2\/product_cat?post=34096"},{"taxonomy":"product_tag","embeddable":true,"href":"https:\/\/www.jak-s.com\/fr\/wp-json\/wp\/v2\/product_tag?post=34096"}],"curies":[{"name":"wp","href":"https:\/\/api.w.org\/{rel}","templated":true}]}}