{"id":21429,"date":"2021-04-16T14:48:06","date_gmt":"2021-04-16T18:48:06","guid":{"rendered":"https:\/\/www.jak-s.com\/?page_id=21429"},"modified":"2025-02-26T14:34:00","modified_gmt":"2025-02-26T19:34:00","slug":"politique-de-retour","status":"publish","type":"page","link":"https:\/\/www.jak-s.com\/fr\/politique-de-retour\/","title":{"rendered":"Politique de retour"},"content":{"rendered":"\n<h2 class=\"has-1-top-margin\">Livraison<\/h2>\n\n\n\n<ul class=\"wp-block-list\">\n<li>Livraison gratuite sur tout achat de 100$ et plus \u00e0 l\u2019int\u00e9rieur du Canada.<\/li>\n\n\n\n<li>Allouez entre 3 \u00e0 5 jours ouvrables pour les d\u00e9lais de livraison au Qu\u00e9bec et l\u2019Ontario et de 5 \u00e0 7 jours pour les provinces de l\u2019ouest canadien.<\/li>\n\n\n\n<li>Toutes les livraisons sont faites via Poste Canada<\/li>\n\n\n\n<li>Les commandes dont la valeur est inf\u00e9rieure \u00e0 100$ seront exp\u00e9di\u00e9es avec un frais de transport de 12$.<\/li>\n<\/ul>\n\n\n\n<h2 class=\"has-1-top-margin\">Politique de retour<\/h2>\n\n\n\n<ul class=\"wp-block-list\">\n<li>Retour dans les 30 jours apr\u00e8s la date de r\u00e9ception.<\/li>\n\n\n\n<li>L\u2019\u00e9tiquette doit \u00eatre intacte et encore sur le produit.<\/li>\n\n\n\n<li>Pour l&rsquo;\u00e9change ou le remboursement d&rsquo;un article achet\u00e9 \u00e0 prix r\u00e9gulier, les frais de retour sont pay\u00e9s par JAK\u2019S. De plus, vous n&rsquo;avez pas \u00e0 payer les frais de livraison de l&rsquo;article demand\u00e9 en \u00e9change.<\/li>\n\n\n\n<li>L&rsquo;\u00e9change ou le remboursement sera effectu\u00e9 lors de la &nbsp;r\u00e9ception du produit \u00e0 notre entrep\u00f4t.&nbsp;<\/li>\n\n\n\n<li>Lorsque articles sont en promotion avec 40% d\u2019escompte et plus,&nbsp; les sacs ne peuvent \u00eatre ni retourn\u00e9s, ni \u00e9chang\u00e9s. &nbsp;<\/li>\n<\/ul>\n\n\n\n<h2 class=\"has-1-top-margin\">Vous d\u00e9sirez faire r\u00e9parer ?<\/h2>\n\n\n\n<ul class=\"wp-block-list\">\n<li>Si un article est endommag\u00e9 apr\u00e8s avoir \u00e9t\u00e9 port\u00e9, JAK\u2019S propose un service de r\u00e9paration gratuit disponible jusqu\u2019\u00e0 6 mois apr\u00e8s la date d\u2019achat.<\/li>\n\n\n\n<li>Pour retourner l\u2019article \u00e0 r\u00e9parer, c\u2019est facile ! Placez votre article dans une enveloppe en nous indiquant sur une feuille les informations suivantes&nbsp;: Votre nom, adresse, # de commande ainsi que la raison du retour ou de la r\u00e9paration.<\/li>\n<\/ul>\n\n\n\n<p>Envoyez-nous le tout \u00e0 l&rsquo;adresse suivante : JAK\u2019S&nbsp;, 2680-D, boul Wilfrid-Hamel, Qc, G1P2J1<\/p>\n\n\n\n<p>Contactez-nous ici : <a href=\"mailto:info@jak-s.com\">info@jak-s.com<\/a><\/p>\n","protected":false},"excerpt":{"rendered":"<p>Livraison Politique de retour Vous d\u00e9sirez faire r\u00e9parer ? Envoyez-nous le tout \u00e0 l&rsquo;adresse suivante : JAK\u2019S&nbsp;, 2680-D, boul Wilfrid-Hamel, Qc, G1P2J1 Contactez-nous ici : info@jak-s.com<\/p>\n","protected":false},"author":1,"featured_media":0,"parent":0,"menu_order":0,"comment_status":"closed","ping_status":"closed","template":"","meta":{"footnotes":""},"class_list":["post-21429","page","type-page","status-publish","hentry"],"yoast_head":"<!-- This site is optimized with the Yoast SEO plugin v27.3 - https:\/\/yoast.com\/product\/yoast-seo-wordpress\/ -->\n<title>Politique de retour - Jak&#039;s | Pr\u00eat-\u00e0-oser | Sacs \u00e0 mains | Boutique en ligne<\/title>\n<meta name=\"robots\" content=\"index, follow, max-snippet:-1, max-image-preview:large, max-video-preview:-1\" \/>\n<link rel=\"canonical\" href=\"https:\/\/www.jak-s.com\/fr\/politique-de-retour\/\" \/>\n<meta property=\"og:locale\" content=\"fr_FR\" \/>\n<meta property=\"og:type\" content=\"article\" \/>\n<meta property=\"og:title\" content=\"Politique de retour - Jak&#039;s | Pr\u00eat-\u00e0-oser | Sacs \u00e0 mains | Boutique en ligne\" \/>\n<meta property=\"og:description\" content=\"Livraison Politique de retour Vous d\u00e9sirez faire r\u00e9parer ? Envoyez-nous le tout \u00e0 l&rsquo;adresse suivante : JAK\u2019S&nbsp;, 2680-D, boul Wilfrid-Hamel, Qc, G1P2J1 Contactez-nous ici : info@jak-s.com\" \/>\n<meta property=\"og:url\" content=\"https:\/\/www.jak-s.com\/fr\/politique-de-retour\/\" \/>\n<meta property=\"og:site_name\" content=\"Jak&#039;s | Pr\u00eat-\u00e0-oser | Sacs \u00e0 mains | Boutique en ligne\" \/>\n<meta property=\"article:publisher\" content=\"https:\/\/www.facebook.com\/jaks.concours\" \/>\n<meta property=\"article:modified_time\" content=\"2025-02-26T19:34:00+00:00\" \/>\n<meta name=\"twitter:card\" content=\"summary_large_image\" \/>\n<meta name=\"twitter:label1\" content=\"Dur\u00e9e de lecture estim\u00e9e\" \/>\n\t<meta name=\"twitter:data1\" content=\"2 minutes\" \/>\n<script type=\"application\/ld+json\" class=\"yoast-schema-graph\">{\"@context\":\"https:\\\/\\\/schema.org\",\"@graph\":[{\"@type\":\"WebPage\",\"@id\":\"https:\\\/\\\/www.jak-s.com\\\/fr\\\/politique-de-retour\\\/\",\"url\":\"https:\\\/\\\/www.jak-s.com\\\/fr\\\/politique-de-retour\\\/\",\"name\":\"Politique de retour - Jak&#039;s | Pr\u00eat-\u00e0-oser | Sacs \u00e0 mains | Boutique en ligne\",\"isPartOf\":{\"@id\":\"https:\\\/\\\/www.jak-s.com\\\/fr\\\/#website\"},\"datePublished\":\"2021-04-16T18:48:06+00:00\",\"dateModified\":\"2025-02-26T19:34:00+00:00\",\"inLanguage\":\"fr-FR\",\"potentialAction\":[{\"@type\":\"ReadAction\",\"target\":[\"https:\\\/\\\/www.jak-s.com\\\/fr\\\/politique-de-retour\\\/\"]}]},{\"@type\":\"WebSite\",\"@id\":\"https:\\\/\\\/www.jak-s.com\\\/fr\\\/#website\",\"url\":\"https:\\\/\\\/www.jak-s.com\\\/fr\\\/\",\"name\":\"Jak&#039;s | Pr\u00eat-\u00e0-oser | Sacs \u00e0 mains | Boutique en ligne\",\"description\":\"\",\"publisher\":{\"@id\":\"https:\\\/\\\/www.jak-s.com\\\/fr\\\/#organization\"},\"potentialAction\":[{\"@type\":\"SearchAction\",\"target\":{\"@type\":\"EntryPoint\",\"urlTemplate\":\"https:\\\/\\\/www.jak-s.com\\\/fr\\\/?s={search_term_string}\"},\"query-input\":{\"@type\":\"PropertyValueSpecification\",\"valueRequired\":true,\"valueName\":\"search_term_string\"}}],\"inLanguage\":\"fr-FR\"},{\"@type\":\"Organization\",\"@id\":\"https:\\\/\\\/www.jak-s.com\\\/fr\\\/#organization\",\"name\":\"Jak's\",\"url\":\"https:\\\/\\\/www.jak-s.com\\\/fr\\\/\",\"logo\":{\"@type\":\"ImageObject\",\"inLanguage\":\"fr-FR\",\"@id\":\"https:\\\/\\\/www.jak-s.com\\\/fr\\\/#\\\/schema\\\/logo\\\/image\\\/\",\"url\":\"https:\\\/\\\/www.jak-s.com\\\/wp-content\\\/uploads\\\/2020\\\/10\\\/logo-jaks-fr.png\",\"contentUrl\":\"https:\\\/\\\/www.jak-s.com\\\/wp-content\\\/uploads\\\/2020\\\/10\\\/logo-jaks-fr.png\",\"width\":134,\"height\":134,\"caption\":\"Jak's\"},\"image\":{\"@id\":\"https:\\\/\\\/www.jak-s.com\\\/fr\\\/#\\\/schema\\\/logo\\\/image\\\/\"},\"sameAs\":[\"https:\\\/\\\/www.facebook.com\\\/jaks.concours\",\"https:\\\/\\\/www.instagram.com\\\/jaks_sacs_a_mains\\\/\"]}]}<\/script>\n<!-- \/ Yoast SEO plugin. -->","yoast_head_json":{"title":"Politique de retour - Jak&#039;s | Pr\u00eat-\u00e0-oser | Sacs \u00e0 mains | Boutique en ligne","robots":{"index":"index","follow":"follow","max-snippet":"max-snippet:-1","max-image-preview":"max-image-preview:large","max-video-preview":"max-video-preview:-1"},"canonical":"https:\/\/www.jak-s.com\/fr\/politique-de-retour\/","og_locale":"fr_FR","og_type":"article","og_title":"Politique de retour - Jak&#039;s | Pr\u00eat-\u00e0-oser | Sacs \u00e0 mains | Boutique en ligne","og_description":"Livraison Politique de retour Vous d\u00e9sirez faire r\u00e9parer ? Envoyez-nous le tout \u00e0 l&rsquo;adresse suivante : JAK\u2019S&nbsp;, 2680-D, boul Wilfrid-Hamel, Qc, G1P2J1 Contactez-nous ici : info@jak-s.com","og_url":"https:\/\/www.jak-s.com\/fr\/politique-de-retour\/","og_site_name":"Jak&#039;s | Pr\u00eat-\u00e0-oser | Sacs \u00e0 mains | Boutique en ligne","article_publisher":"https:\/\/www.facebook.com\/jaks.concours","article_modified_time":"2025-02-26T19:34:00+00:00","twitter_card":"summary_large_image","twitter_misc":{"Dur\u00e9e de lecture estim\u00e9e":"2 minutes"},"schema":{"@context":"https:\/\/schema.org","@graph":[{"@type":"WebPage","@id":"https:\/\/www.jak-s.com\/fr\/politique-de-retour\/","url":"https:\/\/www.jak-s.com\/fr\/politique-de-retour\/","name":"Politique de retour - Jak&#039;s | Pr\u00eat-\u00e0-oser | Sacs \u00e0 mains | Boutique en ligne","isPartOf":{"@id":"https:\/\/www.jak-s.com\/fr\/#website"},"datePublished":"2021-04-16T18:48:06+00:00","dateModified":"2025-02-26T19:34:00+00:00","inLanguage":"fr-FR","potentialAction":[{"@type":"ReadAction","target":["https:\/\/www.jak-s.com\/fr\/politique-de-retour\/"]}]},{"@type":"WebSite","@id":"https:\/\/www.jak-s.com\/fr\/#website","url":"https:\/\/www.jak-s.com\/fr\/","name":"Jak&#039;s | Pr\u00eat-\u00e0-oser | Sacs \u00e0 mains | Boutique en ligne","description":"","publisher":{"@id":"https:\/\/www.jak-s.com\/fr\/#organization"},"potentialAction":[{"@type":"SearchAction","target":{"@type":"EntryPoint","urlTemplate":"https:\/\/www.jak-s.com\/fr\/?s={search_term_string}"},"query-input":{"@type":"PropertyValueSpecification","valueRequired":true,"valueName":"search_term_string"}}],"inLanguage":"fr-FR"},{"@type":"Organization","@id":"https:\/\/www.jak-s.com\/fr\/#organization","name":"Jak's","url":"https:\/\/www.jak-s.com\/fr\/","logo":{"@type":"ImageObject","inLanguage":"fr-FR","@id":"https:\/\/www.jak-s.com\/fr\/#\/schema\/logo\/image\/","url":"https:\/\/www.jak-s.com\/wp-content\/uploads\/2020\/10\/logo-jaks-fr.png","contentUrl":"https:\/\/www.jak-s.com\/wp-content\/uploads\/2020\/10\/logo-jaks-fr.png","width":134,"height":134,"caption":"Jak's"},"image":{"@id":"https:\/\/www.jak-s.com\/fr\/#\/schema\/logo\/image\/"},"sameAs":["https:\/\/www.facebook.com\/jaks.concours","https:\/\/www.instagram.com\/jaks_sacs_a_mains\/"]}]}},"_links":{"self":[{"href":"https:\/\/www.jak-s.com\/fr\/wp-json\/wp\/v2\/pages\/21429","targetHints":{"allow":["GET"]}}],"collection":[{"href":"https:\/\/www.jak-s.com\/fr\/wp-json\/wp\/v2\/pages"}],"about":[{"href":"https:\/\/www.jak-s.com\/fr\/wp-json\/wp\/v2\/types\/page"}],"author":[{"embeddable":true,"href":"https:\/\/www.jak-s.com\/fr\/wp-json\/wp\/v2\/users\/1"}],"replies":[{"embeddable":true,"href":"https:\/\/www.jak-s.com\/fr\/wp-json\/wp\/v2\/comments?post=21429"}],"version-history":[{"count":2,"href":"https:\/\/www.jak-s.com\/fr\/wp-json\/wp\/v2\/pages\/21429\/revisions"}],"predecessor-version":[{"id":37980,"href":"https:\/\/www.jak-s.com\/fr\/wp-json\/wp\/v2\/pages\/21429\/revisions\/37980"}],"wp:attachment":[{"href":"https:\/\/www.jak-s.com\/fr\/wp-json\/wp\/v2\/media?parent=21429"}],"curies":[{"name":"wp","href":"https:\/\/api.w.org\/{rel}","templated":true}]}}