{"id":112,"date":"2020-10-20T13:12:09","date_gmt":"2020-10-20T11:12:09","guid":{"rendered":"https:\/\/jakswc.espacedev2.com\/?page_id=112"},"modified":"2023-01-31T13:48:28","modified_gmt":"2023-01-31T18:48:28","slug":"a-propos","status":"publish","type":"page","link":"https:\/\/www.jak-s.com\/fr\/a-propos\/","title":{"rendered":"\u00c0 propos"},"content":{"rendered":"\n<p class=\"has-2-top-margin\">JAK&rsquo;S, c&rsquo;est l&rsquo;aventure de deux s\u0153urs qui partagent depuis toujours une v\u00e9ritable passion pour la mode. Apr\u00e8s avoir d\u00e9laiss\u00e9 des carri\u00e8res en ing\u00e9nierie et en management international pour se consacrer \u00e0 leur vraie passion, elles adoptent d\u00e8s 2002 une attitude Pr\u00eat-\u00e0-oser. Leur sens des affaires, mais aussi leur talent et leur audace, ont permis \u00e0 Karine et \u00e0 Sophie Dionne de devenir rapidement de v\u00e9ritables cr\u00e9atrices de mode.<\/p>\n\n\n\n<div class=\"wp-block-columns has-no-gap is-layout-flex wp-container-core-columns-is-layout-28f84493 wp-block-columns-is-layout-flex\">\n<div class=\"wp-block-column is-layout-flow wp-block-column-is-layout-flow\" style=\"flex-basis:65%\">\n<figure class=\"wp-block-image size-full is-full-width\"><img decoding=\"async\" src=\"https:\/\/www.jak-s.com\/wp-content\/uploads\/2023\/01\/about.jpg\" alt=\"\" class=\"wp-image-8154\"\/><\/figure>\n<\/div>\n\n\n\n<div class=\"wp-block-column is-layout-flow wp-block-column-is-layout-flow\" style=\"flex-basis:35%\">\n<div class=\"floating-content has-blue-bg\">\n\t\t\t\t<div class=\"floating-content-inner\">\n\t\t\t\t\t<div class=\"floating-content-paragraph\"><p>Aujourd&rsquo;hui, JAK&rsquo;S est une marque recherch\u00e9e, synonyme de cr\u00e9ations originales alliant style, \u00e9l\u00e9gance et fonctionnalit\u00e9. Gr\u00e2ce \u00e0 la pers\u00e9v\u00e9rance des s\u0153urs Dionne et de leur \u00e9quipe, les produits JAK&rsquo;S se trouvent aujourd&rsquo;hui dans plus de 200 magasins \u00e0 travers le pays.<\/p>\n<\/div>\n\t\t\t\t<\/div>\n\t\t\t<\/div>\n<\/div>\n<\/div>\n\n\n\n<p class=\"has-1-top-margin\">Authenticit\u00e9, passion et simplicit\u00e9 sont pr\u00e9sents dans chaque sac con\u00e7u par JAK&rsquo;S. Ces valeurs distinctives, au c\u0153ur du succ\u00e8s de l&rsquo;entreprise, guident l&rsquo;esprit de la marque depuis son premier jour.<\/p>\n\n\n\n<h1 class=\"wp-block-heading\">Fabrication unique<\/h1>\n\n\n\n<div class=\"wp-block-columns has-1-top-margin is-layout-flex wp-container-core-columns-is-layout-28f84493 wp-block-columns-is-layout-flex\">\n<div class=\"wp-block-column is-layout-flow wp-block-column-is-layout-flow\" style=\"flex-basis:65%\">\n<p>C&rsquo;est en 2002, lors d&rsquo;un voyage exploratoire au Vietnam, que Karine et Sophie Dionne ont rencontr\u00e9 Madame Phuong. La chimie a \u00e9t\u00e9 instantan\u00e9e. Le partage des m\u00eames valeurs, le souci de la qualit\u00e9 et la passion du travail sont au c\u0153ur de leur relation.<\/p>\n\n\n\n<p>La d\u00e9termination de madame Phuong, son int\u00e9grit\u00e9 et le plaisir de son m\u00e9tier demeurent une source d&rsquo;inspiration pour JAK&rsquo;S. Ces valeurs fondamentales ont unie cette femme hors du commun \u00e0 la destin\u00e9e de JAK&rsquo;S.<\/p>\n\n\n\n<figure class=\"wp-block-image size-large\"><img decoding=\"async\" src=\"https:\/\/jakswc.espacedev2.com\/wp-content\/uploads\/2020\/11\/IMG_7003_0.jpeg\" alt=\"\" class=\"wp-image-8157\"\/><\/figure>\n<\/div>\n\n\n\n<div class=\"wp-block-column is-vertically-aligned-top is-layout-flow wp-block-column-is-layout-flow\" style=\"flex-basis:35%\">\n<figure class=\"wp-block-gallery has-nested-images columns-2 is-cropped wp-block-gallery-1 is-layout-flex wp-block-gallery-is-layout-flex\">\n<figure class=\"wp-block-image size-full\"><a href=\"https:\/\/www.jak-s.com\/wp-content\/uploads\/2020\/11\/IMG_6942_0.jpeg\"><img decoding=\"async\" data-id=\"8159\" src=\"https:\/\/www.jak-s.com\/wp-content\/uploads\/2020\/11\/IMG_6942_0.jpeg\" alt=\"\" class=\"wp-image-8159\"\/><\/a><\/figure>\n\n\n\n<figure class=\"wp-block-image size-full\"><a href=\"https:\/\/www.jak-s.com\/wp-content\/uploads\/2020\/11\/IMG_6957_0.jpeg\"><img decoding=\"async\" data-id=\"8161\" src=\"https:\/\/www.jak-s.com\/wp-content\/uploads\/2020\/11\/IMG_6957_0.jpeg\" alt=\"\" class=\"wp-image-8161\"\/><\/a><\/figure>\n\n\n\n<figure class=\"wp-block-image size-full\"><a href=\"https:\/\/www.jak-s.com\/wp-content\/uploads\/2020\/11\/IMG_6965.jpeg\"><img decoding=\"async\" data-id=\"8163\" src=\"https:\/\/www.jak-s.com\/wp-content\/uploads\/2020\/11\/IMG_6965.jpeg\" alt=\"\" class=\"wp-image-8163\"\/><\/a><\/figure>\n\n\n\n<figure class=\"wp-block-image size-full\"><a href=\"https:\/\/www.jak-s.com\/wp-content\/uploads\/2020\/11\/IMG_6987.jpeg\"><img decoding=\"async\" data-id=\"8165\" src=\"https:\/\/www.jak-s.com\/wp-content\/uploads\/2020\/11\/IMG_6987.jpeg\" alt=\"\" class=\"wp-image-8165\"\/><\/a><\/figure>\n\n\n\n<figure class=\"wp-block-image size-full\"><a href=\"https:\/\/www.jak-s.com\/wp-content\/uploads\/2020\/11\/IMG_7012_0.jpeg\"><img decoding=\"async\" data-id=\"8167\" src=\"https:\/\/www.jak-s.com\/wp-content\/uploads\/2020\/11\/IMG_7012_0.jpeg\" alt=\"\" class=\"wp-image-8167\"\/><\/a><\/figure>\n<\/figure>\n\n\n\n<p>L&rsquo;atelier de madame Phuong compte 45 employ\u00e9s, dont plusieurs membres de sa famille, qui fabriquent en exclusivit\u00e9 les sacs JAK&rsquo;S. La fabrication artisanale conf\u00e8re \u00e0 chaque sac une touche personnelle, propre \u00e0 l&rsquo;artisan qui l&rsquo;a minutieusement confectionn\u00e9.<\/p>\n<\/div>\n<\/div>\n","protected":false},"excerpt":{"rendered":"<p>JAK&rsquo;S, c&rsquo;est l&rsquo;aventure de deux s\u0153urs qui partagent depuis toujours une v\u00e9ritable passion pour la mode. Apr\u00e8s avoir d\u00e9laiss\u00e9 des carri\u00e8res en ing\u00e9nierie et en management international pour se consacrer \u00e0 leur vraie passion, elles adoptent d\u00e8s 2002 une attitude Pr\u00eat-\u00e0-oser. Leur sens des affaires, mais aussi leur talent et leur audace, ont permis \u00e0 [&hellip;]<\/p>\n","protected":false},"author":1,"featured_media":0,"parent":0,"menu_order":0,"comment_status":"closed","ping_status":"closed","template":"","meta":{"footnotes":""},"class_list":["post-112","page","type-page","status-publish","hentry"],"yoast_head":"<!-- This site is optimized with the Yoast SEO plugin v27.3 - https:\/\/yoast.com\/product\/yoast-seo-wordpress\/ -->\n<title>\u00c0 propos - Jak&#039;s | Pr\u00eat-\u00e0-oser | Sacs \u00e0 mains | Boutique en ligne<\/title>\n<meta name=\"robots\" content=\"index, follow, max-snippet:-1, max-image-preview:large, max-video-preview:-1\" \/>\n<link rel=\"canonical\" href=\"https:\/\/www.jak-s.com\/fr\/a-propos\/\" \/>\n<meta property=\"og:locale\" content=\"fr_FR\" \/>\n<meta property=\"og:type\" content=\"article\" \/>\n<meta property=\"og:title\" content=\"\u00c0 propos - Jak&#039;s | Pr\u00eat-\u00e0-oser | Sacs \u00e0 mains | Boutique en ligne\" \/>\n<meta property=\"og:description\" content=\"JAK&rsquo;S, c&rsquo;est l&rsquo;aventure de deux s\u0153urs qui partagent depuis toujours une v\u00e9ritable passion pour la mode. Apr\u00e8s avoir d\u00e9laiss\u00e9 des carri\u00e8res en ing\u00e9nierie et en management international pour se consacrer \u00e0 leur vraie passion, elles adoptent d\u00e8s 2002 une attitude Pr\u00eat-\u00e0-oser. Leur sens des affaires, mais aussi leur talent et leur audace, ont permis \u00e0 [&hellip;]\" \/>\n<meta property=\"og:url\" content=\"https:\/\/www.jak-s.com\/fr\/a-propos\/\" \/>\n<meta property=\"og:site_name\" content=\"Jak&#039;s | Pr\u00eat-\u00e0-oser | Sacs \u00e0 mains | Boutique en ligne\" \/>\n<meta property=\"article:publisher\" content=\"https:\/\/www.facebook.com\/jaks.concours\" \/>\n<meta property=\"article:modified_time\" content=\"2023-01-31T18:48:28+00:00\" \/>\n<meta property=\"og:image\" content=\"https:\/\/www.jak-s.com\/wp-content\/uploads\/2023\/01\/about.jpg\" \/>\n<meta name=\"twitter:card\" content=\"summary_large_image\" \/>\n<meta name=\"twitter:label1\" content=\"Dur\u00e9e de lecture estim\u00e9e\" \/>\n\t<meta name=\"twitter:data1\" content=\"3 minutes\" \/>\n<script type=\"application\/ld+json\" class=\"yoast-schema-graph\">{\"@context\":\"https:\\\/\\\/schema.org\",\"@graph\":[{\"@type\":\"WebPage\",\"@id\":\"https:\\\/\\\/www.jak-s.com\\\/fr\\\/a-propos\\\/\",\"url\":\"https:\\\/\\\/www.jak-s.com\\\/fr\\\/a-propos\\\/\",\"name\":\"\u00c0 propos - Jak&#039;s | Pr\u00eat-\u00e0-oser | Sacs \u00e0 mains | Boutique en ligne\",\"isPartOf\":{\"@id\":\"https:\\\/\\\/www.jak-s.com\\\/fr\\\/#website\"},\"primaryImageOfPage\":{\"@id\":\"https:\\\/\\\/www.jak-s.com\\\/fr\\\/a-propos\\\/#primaryimage\"},\"image\":{\"@id\":\"https:\\\/\\\/www.jak-s.com\\\/fr\\\/a-propos\\\/#primaryimage\"},\"thumbnailUrl\":\"https:\\\/\\\/www.jak-s.com\\\/wp-content\\\/uploads\\\/2023\\\/01\\\/about.jpg\",\"datePublished\":\"2020-10-20T11:12:09+00:00\",\"dateModified\":\"2023-01-31T18:48:28+00:00\",\"inLanguage\":\"fr-FR\",\"potentialAction\":[{\"@type\":\"ReadAction\",\"target\":[\"https:\\\/\\\/www.jak-s.com\\\/fr\\\/a-propos\\\/\"]}]},{\"@type\":\"ImageObject\",\"inLanguage\":\"fr-FR\",\"@id\":\"https:\\\/\\\/www.jak-s.com\\\/fr\\\/a-propos\\\/#primaryimage\",\"url\":\"https:\\\/\\\/www.jak-s.com\\\/wp-content\\\/uploads\\\/2023\\\/01\\\/about.jpg\",\"contentUrl\":\"https:\\\/\\\/www.jak-s.com\\\/wp-content\\\/uploads\\\/2023\\\/01\\\/about.jpg\"},{\"@type\":\"WebSite\",\"@id\":\"https:\\\/\\\/www.jak-s.com\\\/fr\\\/#website\",\"url\":\"https:\\\/\\\/www.jak-s.com\\\/fr\\\/\",\"name\":\"Jak&#039;s | Pr\u00eat-\u00e0-oser | Sacs \u00e0 mains | Boutique en ligne\",\"description\":\"\",\"publisher\":{\"@id\":\"https:\\\/\\\/www.jak-s.com\\\/fr\\\/#organization\"},\"potentialAction\":[{\"@type\":\"SearchAction\",\"target\":{\"@type\":\"EntryPoint\",\"urlTemplate\":\"https:\\\/\\\/www.jak-s.com\\\/fr\\\/?s={search_term_string}\"},\"query-input\":{\"@type\":\"PropertyValueSpecification\",\"valueRequired\":true,\"valueName\":\"search_term_string\"}}],\"inLanguage\":\"fr-FR\"},{\"@type\":\"Organization\",\"@id\":\"https:\\\/\\\/www.jak-s.com\\\/fr\\\/#organization\",\"name\":\"Jak's\",\"url\":\"https:\\\/\\\/www.jak-s.com\\\/fr\\\/\",\"logo\":{\"@type\":\"ImageObject\",\"inLanguage\":\"fr-FR\",\"@id\":\"https:\\\/\\\/www.jak-s.com\\\/fr\\\/#\\\/schema\\\/logo\\\/image\\\/\",\"url\":\"https:\\\/\\\/www.jak-s.com\\\/wp-content\\\/uploads\\\/2020\\\/10\\\/logo-jaks-fr.png\",\"contentUrl\":\"https:\\\/\\\/www.jak-s.com\\\/wp-content\\\/uploads\\\/2020\\\/10\\\/logo-jaks-fr.png\",\"width\":134,\"height\":134,\"caption\":\"Jak's\"},\"image\":{\"@id\":\"https:\\\/\\\/www.jak-s.com\\\/fr\\\/#\\\/schema\\\/logo\\\/image\\\/\"},\"sameAs\":[\"https:\\\/\\\/www.facebook.com\\\/jaks.concours\",\"https:\\\/\\\/www.instagram.com\\\/jaks_sacs_a_mains\\\/\"]}]}<\/script>\n<!-- \/ Yoast SEO plugin. -->","yoast_head_json":{"title":"\u00c0 propos - Jak&#039;s | Pr\u00eat-\u00e0-oser | Sacs \u00e0 mains | Boutique en ligne","robots":{"index":"index","follow":"follow","max-snippet":"max-snippet:-1","max-image-preview":"max-image-preview:large","max-video-preview":"max-video-preview:-1"},"canonical":"https:\/\/www.jak-s.com\/fr\/a-propos\/","og_locale":"fr_FR","og_type":"article","og_title":"\u00c0 propos - Jak&#039;s | Pr\u00eat-\u00e0-oser | Sacs \u00e0 mains | Boutique en ligne","og_description":"JAK&rsquo;S, c&rsquo;est l&rsquo;aventure de deux s\u0153urs qui partagent depuis toujours une v\u00e9ritable passion pour la mode. Apr\u00e8s avoir d\u00e9laiss\u00e9 des carri\u00e8res en ing\u00e9nierie et en management international pour se consacrer \u00e0 leur vraie passion, elles adoptent d\u00e8s 2002 une attitude Pr\u00eat-\u00e0-oser. Leur sens des affaires, mais aussi leur talent et leur audace, ont permis \u00e0 [&hellip;]","og_url":"https:\/\/www.jak-s.com\/fr\/a-propos\/","og_site_name":"Jak&#039;s | Pr\u00eat-\u00e0-oser | Sacs \u00e0 mains | Boutique en ligne","article_publisher":"https:\/\/www.facebook.com\/jaks.concours","article_modified_time":"2023-01-31T18:48:28+00:00","og_image":[{"url":"https:\/\/www.jak-s.com\/wp-content\/uploads\/2023\/01\/about.jpg","type":"","width":"","height":""}],"twitter_card":"summary_large_image","twitter_misc":{"Dur\u00e9e de lecture estim\u00e9e":"3 minutes"},"schema":{"@context":"https:\/\/schema.org","@graph":[{"@type":"WebPage","@id":"https:\/\/www.jak-s.com\/fr\/a-propos\/","url":"https:\/\/www.jak-s.com\/fr\/a-propos\/","name":"\u00c0 propos - Jak&#039;s | Pr\u00eat-\u00e0-oser | Sacs \u00e0 mains | Boutique en ligne","isPartOf":{"@id":"https:\/\/www.jak-s.com\/fr\/#website"},"primaryImageOfPage":{"@id":"https:\/\/www.jak-s.com\/fr\/a-propos\/#primaryimage"},"image":{"@id":"https:\/\/www.jak-s.com\/fr\/a-propos\/#primaryimage"},"thumbnailUrl":"https:\/\/www.jak-s.com\/wp-content\/uploads\/2023\/01\/about.jpg","datePublished":"2020-10-20T11:12:09+00:00","dateModified":"2023-01-31T18:48:28+00:00","inLanguage":"fr-FR","potentialAction":[{"@type":"ReadAction","target":["https:\/\/www.jak-s.com\/fr\/a-propos\/"]}]},{"@type":"ImageObject","inLanguage":"fr-FR","@id":"https:\/\/www.jak-s.com\/fr\/a-propos\/#primaryimage","url":"https:\/\/www.jak-s.com\/wp-content\/uploads\/2023\/01\/about.jpg","contentUrl":"https:\/\/www.jak-s.com\/wp-content\/uploads\/2023\/01\/about.jpg"},{"@type":"WebSite","@id":"https:\/\/www.jak-s.com\/fr\/#website","url":"https:\/\/www.jak-s.com\/fr\/","name":"Jak&#039;s | Pr\u00eat-\u00e0-oser | Sacs \u00e0 mains | Boutique en ligne","description":"","publisher":{"@id":"https:\/\/www.jak-s.com\/fr\/#organization"},"potentialAction":[{"@type":"SearchAction","target":{"@type":"EntryPoint","urlTemplate":"https:\/\/www.jak-s.com\/fr\/?s={search_term_string}"},"query-input":{"@type":"PropertyValueSpecification","valueRequired":true,"valueName":"search_term_string"}}],"inLanguage":"fr-FR"},{"@type":"Organization","@id":"https:\/\/www.jak-s.com\/fr\/#organization","name":"Jak's","url":"https:\/\/www.jak-s.com\/fr\/","logo":{"@type":"ImageObject","inLanguage":"fr-FR","@id":"https:\/\/www.jak-s.com\/fr\/#\/schema\/logo\/image\/","url":"https:\/\/www.jak-s.com\/wp-content\/uploads\/2020\/10\/logo-jaks-fr.png","contentUrl":"https:\/\/www.jak-s.com\/wp-content\/uploads\/2020\/10\/logo-jaks-fr.png","width":134,"height":134,"caption":"Jak's"},"image":{"@id":"https:\/\/www.jak-s.com\/fr\/#\/schema\/logo\/image\/"},"sameAs":["https:\/\/www.facebook.com\/jaks.concours","https:\/\/www.instagram.com\/jaks_sacs_a_mains\/"]}]}},"_links":{"self":[{"href":"https:\/\/www.jak-s.com\/fr\/wp-json\/wp\/v2\/pages\/112","targetHints":{"allow":["GET"]}}],"collection":[{"href":"https:\/\/www.jak-s.com\/fr\/wp-json\/wp\/v2\/pages"}],"about":[{"href":"https:\/\/www.jak-s.com\/fr\/wp-json\/wp\/v2\/types\/page"}],"author":[{"embeddable":true,"href":"https:\/\/www.jak-s.com\/fr\/wp-json\/wp\/v2\/users\/1"}],"replies":[{"embeddable":true,"href":"https:\/\/www.jak-s.com\/fr\/wp-json\/wp\/v2\/comments?post=112"}],"version-history":[{"count":1,"href":"https:\/\/www.jak-s.com\/fr\/wp-json\/wp\/v2\/pages\/112\/revisions"}],"predecessor-version":[{"id":28813,"href":"https:\/\/www.jak-s.com\/fr\/wp-json\/wp\/v2\/pages\/112\/revisions\/28813"}],"wp:attachment":[{"href":"https:\/\/www.jak-s.com\/fr\/wp-json\/wp\/v2\/media?parent=112"}],"curies":[{"name":"wp","href":"https:\/\/api.w.org\/{rel}","templated":true}]}}