{"id":41024,"date":"2026-01-15T13:25:14","date_gmt":"2026-01-15T18:25:14","guid":{"rendered":"https:\/\/www.jak-s.com\/produits\/uncategorized\/guadeloupe\/"},"modified":"2026-02-23T10:41:49","modified_gmt":"2026-02-23T15:41:49","slug":"guadeloupe","status":"publish","type":"product","link":"https:\/\/www.jak-s.com\/en\/produits\/spring-2026\/cross-body-bag-spring-2026\/guadeloupe\/","title":{"rendered":"Guadeloupe"},"content":{"rendered":"","protected":false},"excerpt":{"rendered":"<p>This charming little shoulder bag, adorned with a beautiful illustration that is both nautical and floral, is sure to win you over! Despite its compact size, this bag offers enough space to perfectly accommodate your essentials.<\/p>\n<ul>\n<li>Adjustable shoulder strap<\/li>\n<li>Exterior zippered pocket at the back<\/li>\n<li>Interior zippered pocket<\/li>\n<li>Key clip<\/li>\n<li>Machine washable<\/li>\n<\/ul>\n<p>&nbsp;<\/p>\n","protected":false},"featured_media":40401,"comment_status":"closed","ping_status":"closed","template":"","meta":[],"product_brand":[],"product_cat":[1337,1334],"product_tag":[],"class_list":{"0":"post-41024","1":"product","2":"type-product","3":"status-publish","4":"has-post-thumbnail","6":"product_cat-cross-body-bag-spring-2026","7":"product_cat-spring-2026","9":"first","10":"instock","11":"taxable","12":"shipping-taxable","13":"purchasable","14":"product-type-variable"},"yoast_head":"<!-- This site is optimized with the Yoast SEO plugin v27.3 - https:\/\/yoast.com\/product\/yoast-seo-wordpress\/ -->\n<title>Guadeloupe - Jak&#039;s | Pr\u00eat-\u00e0-oser | Sacs \u00e0 mains | Boutique en ligne<\/title>\n<meta name=\"robots\" content=\"index, follow, max-snippet:-1, max-image-preview:large, max-video-preview:-1\" \/>\n<link rel=\"canonical\" href=\"https:\/\/www.jak-s.com\/en\/produits\/spring-2026\/cross-body-bag-spring-2026\/guadeloupe\/\" \/>\n<meta property=\"og:locale\" content=\"en_US\" \/>\n<meta property=\"og:type\" content=\"article\" \/>\n<meta property=\"og:title\" content=\"Guadeloupe - Jak&#039;s | Pr\u00eat-\u00e0-oser | Sacs \u00e0 mains | Boutique en ligne\" \/>\n<meta property=\"og:description\" content=\"This charming little shoulder bag, adorned with a beautiful illustration that is both nautical and floral, is sure to win you over! Despite its compact size, this bag offers enough space to perfectly accommodate your essentials.  Adjustable shoulder strap  Exterior zippered pocket at the back  Interior zippered pocket  Key clip  Machine washable &nbsp;\" \/>\n<meta property=\"og:url\" content=\"https:\/\/www.jak-s.com\/en\/produits\/spring-2026\/cross-body-bag-spring-2026\/guadeloupe\/\" \/>\n<meta property=\"og:site_name\" content=\"Jak&#039;s | Pr\u00eat-\u00e0-oser | Sacs \u00e0 mains | Boutique en ligne\" \/>\n<meta property=\"article:publisher\" content=\"https:\/\/www.facebook.com\/jaks.concours\" \/>\n<meta property=\"article:modified_time\" content=\"2026-02-23T15:41:49+00:00\" \/>\n<meta property=\"og:image\" content=\"https:\/\/www.jak-s.com\/wp-content\/uploads\/2026\/01\/251016_Jaks-S2026-6817HR-scaled.jpg\" \/>\n\t<meta property=\"og:image:width\" content=\"1708\" \/>\n\t<meta property=\"og:image:height\" content=\"2560\" \/>\n\t<meta property=\"og:image:type\" content=\"image\/jpeg\" \/>\n<meta name=\"twitter:card\" content=\"summary_large_image\" \/>\n<script type=\"application\/ld+json\" class=\"yoast-schema-graph\">{\"@context\":\"https:\\\/\\\/schema.org\",\"@graph\":[{\"@type\":\"WebPage\",\"@id\":\"https:\\\/\\\/www.jak-s.com\\\/en\\\/produits\\\/spring-2026\\\/cross-body-bag-spring-2026\\\/guadeloupe\\\/\",\"url\":\"https:\\\/\\\/www.jak-s.com\\\/en\\\/produits\\\/spring-2026\\\/cross-body-bag-spring-2026\\\/guadeloupe\\\/\",\"name\":\"Guadeloupe - Jak&#039;s | Pr\u00eat-\u00e0-oser | Sacs \u00e0 mains | Boutique en ligne\",\"isPartOf\":{\"@id\":\"https:\\\/\\\/www.jak-s.com\\\/en\\\/#website\"},\"primaryImageOfPage\":{\"@id\":\"https:\\\/\\\/www.jak-s.com\\\/en\\\/produits\\\/spring-2026\\\/cross-body-bag-spring-2026\\\/guadeloupe\\\/#primaryimage\"},\"image\":{\"@id\":\"https:\\\/\\\/www.jak-s.com\\\/en\\\/produits\\\/spring-2026\\\/cross-body-bag-spring-2026\\\/guadeloupe\\\/#primaryimage\"},\"thumbnailUrl\":\"https:\\\/\\\/www.jak-s.com\\\/wp-content\\\/uploads\\\/2026\\\/01\\\/251016_Jaks-S2026-6817HR-scaled.jpg\",\"datePublished\":\"2026-01-15T18:25:14+00:00\",\"dateModified\":\"2026-02-23T15:41:49+00:00\",\"breadcrumb\":{\"@id\":\"https:\\\/\\\/www.jak-s.com\\\/en\\\/produits\\\/spring-2026\\\/cross-body-bag-spring-2026\\\/guadeloupe\\\/#breadcrumb\"},\"inLanguage\":\"en-US\",\"potentialAction\":[{\"@type\":\"ReadAction\",\"target\":[\"https:\\\/\\\/www.jak-s.com\\\/en\\\/produits\\\/spring-2026\\\/cross-body-bag-spring-2026\\\/guadeloupe\\\/\"]}]},{\"@type\":\"ImageObject\",\"inLanguage\":\"en-US\",\"@id\":\"https:\\\/\\\/www.jak-s.com\\\/en\\\/produits\\\/spring-2026\\\/cross-body-bag-spring-2026\\\/guadeloupe\\\/#primaryimage\",\"url\":\"https:\\\/\\\/www.jak-s.com\\\/wp-content\\\/uploads\\\/2026\\\/01\\\/251016_Jaks-S2026-6817HR-scaled.jpg\",\"contentUrl\":\"https:\\\/\\\/www.jak-s.com\\\/wp-content\\\/uploads\\\/2026\\\/01\\\/251016_Jaks-S2026-6817HR-scaled.jpg\",\"width\":1708,\"height\":2560},{\"@type\":\"BreadcrumbList\",\"@id\":\"https:\\\/\\\/www.jak-s.com\\\/en\\\/produits\\\/spring-2026\\\/cross-body-bag-spring-2026\\\/guadeloupe\\\/#breadcrumb\",\"itemListElement\":[{\"@type\":\"ListItem\",\"position\":1,\"name\":\"Shop\",\"item\":\"https:\\\/\\\/www.jak-s.com\\\/en\\\/shop\\\/\"},{\"@type\":\"ListItem\",\"position\":2,\"name\":\"Guadeloupe\"}]},{\"@type\":\"WebSite\",\"@id\":\"https:\\\/\\\/www.jak-s.com\\\/en\\\/#website\",\"url\":\"https:\\\/\\\/www.jak-s.com\\\/en\\\/\",\"name\":\"Jak&#039;s | Pr\u00eat-\u00e0-oser | Sacs \u00e0 mains | Boutique en ligne\",\"description\":\"\",\"publisher\":{\"@id\":\"https:\\\/\\\/www.jak-s.com\\\/en\\\/#organization\"},\"potentialAction\":[{\"@type\":\"SearchAction\",\"target\":{\"@type\":\"EntryPoint\",\"urlTemplate\":\"https:\\\/\\\/www.jak-s.com\\\/en\\\/?s={search_term_string}\"},\"query-input\":{\"@type\":\"PropertyValueSpecification\",\"valueRequired\":true,\"valueName\":\"search_term_string\"}}],\"inLanguage\":\"en-US\"},{\"@type\":\"Organization\",\"@id\":\"https:\\\/\\\/www.jak-s.com\\\/en\\\/#organization\",\"name\":\"Jak's\",\"url\":\"https:\\\/\\\/www.jak-s.com\\\/en\\\/\",\"logo\":{\"@type\":\"ImageObject\",\"inLanguage\":\"en-US\",\"@id\":\"https:\\\/\\\/www.jak-s.com\\\/en\\\/#\\\/schema\\\/logo\\\/image\\\/\",\"url\":\"https:\\\/\\\/www.jak-s.com\\\/wp-content\\\/uploads\\\/2020\\\/10\\\/logo-jaks-fr.png\",\"contentUrl\":\"https:\\\/\\\/www.jak-s.com\\\/wp-content\\\/uploads\\\/2020\\\/10\\\/logo-jaks-fr.png\",\"width\":134,\"height\":134,\"caption\":\"Jak's\"},\"image\":{\"@id\":\"https:\\\/\\\/www.jak-s.com\\\/en\\\/#\\\/schema\\\/logo\\\/image\\\/\"},\"sameAs\":[\"https:\\\/\\\/www.facebook.com\\\/jaks.concours\",\"https:\\\/\\\/www.instagram.com\\\/jaks_sacs_a_mains\\\/\"]}]}<\/script>\n<!-- \/ Yoast SEO plugin. -->","yoast_head_json":{"title":"Guadeloupe - Jak&#039;s | Pr\u00eat-\u00e0-oser | Sacs \u00e0 mains | Boutique en ligne","robots":{"index":"index","follow":"follow","max-snippet":"max-snippet:-1","max-image-preview":"max-image-preview:large","max-video-preview":"max-video-preview:-1"},"canonical":"https:\/\/www.jak-s.com\/en\/produits\/spring-2026\/cross-body-bag-spring-2026\/guadeloupe\/","og_locale":"en_US","og_type":"article","og_title":"Guadeloupe - Jak&#039;s | Pr\u00eat-\u00e0-oser | Sacs \u00e0 mains | Boutique en ligne","og_description":"This charming little shoulder bag, adorned with a beautiful illustration that is both nautical and floral, is sure to win you over! Despite its compact size, this bag offers enough space to perfectly accommodate your essentials.  Adjustable shoulder strap  Exterior zippered pocket at the back  Interior zippered pocket  Key clip  Machine washable &nbsp;","og_url":"https:\/\/www.jak-s.com\/en\/produits\/spring-2026\/cross-body-bag-spring-2026\/guadeloupe\/","og_site_name":"Jak&#039;s | Pr\u00eat-\u00e0-oser | Sacs \u00e0 mains | Boutique en ligne","article_publisher":"https:\/\/www.facebook.com\/jaks.concours","article_modified_time":"2026-02-23T15:41:49+00:00","og_image":[{"width":1708,"height":2560,"url":"https:\/\/www.jak-s.com\/wp-content\/uploads\/2026\/01\/251016_Jaks-S2026-6817HR-scaled.jpg","type":"image\/jpeg"}],"twitter_card":"summary_large_image","schema":{"@context":"https:\/\/schema.org","@graph":[{"@type":"WebPage","@id":"https:\/\/www.jak-s.com\/en\/produits\/spring-2026\/cross-body-bag-spring-2026\/guadeloupe\/","url":"https:\/\/www.jak-s.com\/en\/produits\/spring-2026\/cross-body-bag-spring-2026\/guadeloupe\/","name":"Guadeloupe - Jak&#039;s | Pr\u00eat-\u00e0-oser | Sacs \u00e0 mains | Boutique en ligne","isPartOf":{"@id":"https:\/\/www.jak-s.com\/en\/#website"},"primaryImageOfPage":{"@id":"https:\/\/www.jak-s.com\/en\/produits\/spring-2026\/cross-body-bag-spring-2026\/guadeloupe\/#primaryimage"},"image":{"@id":"https:\/\/www.jak-s.com\/en\/produits\/spring-2026\/cross-body-bag-spring-2026\/guadeloupe\/#primaryimage"},"thumbnailUrl":"https:\/\/www.jak-s.com\/wp-content\/uploads\/2026\/01\/251016_Jaks-S2026-6817HR-scaled.jpg","datePublished":"2026-01-15T18:25:14+00:00","dateModified":"2026-02-23T15:41:49+00:00","breadcrumb":{"@id":"https:\/\/www.jak-s.com\/en\/produits\/spring-2026\/cross-body-bag-spring-2026\/guadeloupe\/#breadcrumb"},"inLanguage":"en-US","potentialAction":[{"@type":"ReadAction","target":["https:\/\/www.jak-s.com\/en\/produits\/spring-2026\/cross-body-bag-spring-2026\/guadeloupe\/"]}]},{"@type":"ImageObject","inLanguage":"en-US","@id":"https:\/\/www.jak-s.com\/en\/produits\/spring-2026\/cross-body-bag-spring-2026\/guadeloupe\/#primaryimage","url":"https:\/\/www.jak-s.com\/wp-content\/uploads\/2026\/01\/251016_Jaks-S2026-6817HR-scaled.jpg","contentUrl":"https:\/\/www.jak-s.com\/wp-content\/uploads\/2026\/01\/251016_Jaks-S2026-6817HR-scaled.jpg","width":1708,"height":2560},{"@type":"BreadcrumbList","@id":"https:\/\/www.jak-s.com\/en\/produits\/spring-2026\/cross-body-bag-spring-2026\/guadeloupe\/#breadcrumb","itemListElement":[{"@type":"ListItem","position":1,"name":"Shop","item":"https:\/\/www.jak-s.com\/en\/shop\/"},{"@type":"ListItem","position":2,"name":"Guadeloupe"}]},{"@type":"WebSite","@id":"https:\/\/www.jak-s.com\/en\/#website","url":"https:\/\/www.jak-s.com\/en\/","name":"Jak&#039;s | Pr\u00eat-\u00e0-oser | Sacs \u00e0 mains | Boutique en ligne","description":"","publisher":{"@id":"https:\/\/www.jak-s.com\/en\/#organization"},"potentialAction":[{"@type":"SearchAction","target":{"@type":"EntryPoint","urlTemplate":"https:\/\/www.jak-s.com\/en\/?s={search_term_string}"},"query-input":{"@type":"PropertyValueSpecification","valueRequired":true,"valueName":"search_term_string"}}],"inLanguage":"en-US"},{"@type":"Organization","@id":"https:\/\/www.jak-s.com\/en\/#organization","name":"Jak's","url":"https:\/\/www.jak-s.com\/en\/","logo":{"@type":"ImageObject","inLanguage":"en-US","@id":"https:\/\/www.jak-s.com\/en\/#\/schema\/logo\/image\/","url":"https:\/\/www.jak-s.com\/wp-content\/uploads\/2020\/10\/logo-jaks-fr.png","contentUrl":"https:\/\/www.jak-s.com\/wp-content\/uploads\/2020\/10\/logo-jaks-fr.png","width":134,"height":134,"caption":"Jak's"},"image":{"@id":"https:\/\/www.jak-s.com\/en\/#\/schema\/logo\/image\/"},"sameAs":["https:\/\/www.facebook.com\/jaks.concours","https:\/\/www.instagram.com\/jaks_sacs_a_mains\/"]}]}},"_links":{"self":[{"href":"https:\/\/www.jak-s.com\/en\/wp-json\/wp\/v2\/product\/41024","targetHints":{"allow":["GET"]}}],"collection":[{"href":"https:\/\/www.jak-s.com\/en\/wp-json\/wp\/v2\/product"}],"about":[{"href":"https:\/\/www.jak-s.com\/en\/wp-json\/wp\/v2\/types\/product"}],"replies":[{"embeddable":true,"href":"https:\/\/www.jak-s.com\/en\/wp-json\/wp\/v2\/comments?post=41024"}],"wp:featuredmedia":[{"embeddable":true,"href":"https:\/\/www.jak-s.com\/en\/wp-json\/wp\/v2\/media\/40401"}],"wp:attachment":[{"href":"https:\/\/www.jak-s.com\/en\/wp-json\/wp\/v2\/media?parent=41024"}],"wp:term":[{"taxonomy":"product_brand","embeddable":true,"href":"https:\/\/www.jak-s.com\/en\/wp-json\/wp\/v2\/product_brand?post=41024"},{"taxonomy":"product_cat","embeddable":true,"href":"https:\/\/www.jak-s.com\/en\/wp-json\/wp\/v2\/product_cat?post=41024"},{"taxonomy":"product_tag","embeddable":true,"href":"https:\/\/www.jak-s.com\/en\/wp-json\/wp\/v2\/product_tag?post=41024"}],"curies":[{"name":"wp","href":"https:\/\/api.w.org\/{rel}","templated":true}]}}