{"id":40984,"date":"2026-01-12T13:27:58","date_gmt":"2026-01-12T18:27:58","guid":{"rendered":"https:\/\/www.jak-s.com\/produits\/uncategorized\/fidji\/"},"modified":"2026-02-23T09:56:24","modified_gmt":"2026-02-23T14:56:24","slug":"fidji","status":"publish","type":"product","link":"https:\/\/www.jak-s.com\/en\/produits\/spring-2026\/cross-body-bag-spring-2026\/fidji\/","title":{"rendered":"Fidji"},"content":{"rendered":"","protected":false},"excerpt":{"rendered":"<p>This charming little shoulder bag will win you over with its clean lines and delicate touch of shine. Its organizer pocket on the back is ideal for storing your cards, change and personal effects. Despite its compact size, this bag offers enough space to perfectly and elegantly hold your essentials.<\/p>\n<ul>\n<li>Adjustable shoulder strap<\/li>\n<li>Organizer zippered pocket at the back<\/li>\n<li>Exterior zippered pocket at the front<\/li>\n<li>Interior zippered pocket<\/li>\n<li>Interior pocket with elastic<\/li>\n<li>Key clip<\/li>\n<li>Machine washable<\/li>\n<\/ul>\n<p>&nbsp;<\/p>\n","protected":false},"featured_media":40277,"comment_status":"closed","ping_status":"closed","template":"","meta":[],"product_brand":[],"product_cat":[1337,1334],"product_tag":[],"class_list":{"0":"post-40984","1":"product","2":"type-product","3":"status-publish","4":"has-post-thumbnail","6":"product_cat-cross-body-bag-spring-2026","7":"product_cat-spring-2026","9":"first","10":"instock","11":"taxable","12":"shipping-taxable","13":"purchasable","14":"product-type-variable"},"yoast_head":"<!-- This site is optimized with the Yoast SEO plugin v27.3 - https:\/\/yoast.com\/product\/yoast-seo-wordpress\/ -->\n<title>Fidji - Jak&#039;s | Pr\u00eat-\u00e0-oser | Sacs \u00e0 mains | Boutique en ligne<\/title>\n<meta name=\"robots\" content=\"index, follow, max-snippet:-1, max-image-preview:large, max-video-preview:-1\" \/>\n<link rel=\"canonical\" href=\"https:\/\/www.jak-s.com\/en\/produits\/spring-2026\/cross-body-bag-spring-2026\/fidji\/\" \/>\n<meta property=\"og:locale\" content=\"en_US\" \/>\n<meta property=\"og:type\" content=\"article\" \/>\n<meta property=\"og:title\" content=\"Fidji - Jak&#039;s | Pr\u00eat-\u00e0-oser | Sacs \u00e0 mains | Boutique en ligne\" \/>\n<meta property=\"og:description\" content=\"This charming little shoulder bag will win you over with its clean lines and delicate touch of shine. Its organizer pocket on the back is ideal for storing your cards, change and personal effects. Despite its compact size, this bag offers enough space to perfectly and elegantly hold your essentials.  Adjustable shoulder strap  Organizer zippered pocket at the back  Exterior zippered pocket at the front  Interior zippered pocket  Interior pocket with elastic  Key clip  Machine washable &nbsp;\" \/>\n<meta property=\"og:url\" content=\"https:\/\/www.jak-s.com\/en\/produits\/spring-2026\/cross-body-bag-spring-2026\/fidji\/\" \/>\n<meta property=\"og:site_name\" content=\"Jak&#039;s | Pr\u00eat-\u00e0-oser | Sacs \u00e0 mains | Boutique en ligne\" \/>\n<meta property=\"article:publisher\" content=\"https:\/\/www.facebook.com\/jaks.concours\" \/>\n<meta property=\"article:modified_time\" content=\"2026-02-23T14:56:24+00:00\" \/>\n<meta property=\"og:image\" content=\"https:\/\/www.jak-s.com\/wp-content\/uploads\/2026\/01\/JAK-441-bei.jpg\" \/>\n\t<meta property=\"og:image:width\" content=\"2250\" \/>\n\t<meta property=\"og:image:height\" content=\"2250\" \/>\n\t<meta property=\"og:image:type\" content=\"image\/jpeg\" \/>\n<meta name=\"twitter:card\" content=\"summary_large_image\" \/>\n<script type=\"application\/ld+json\" class=\"yoast-schema-graph\">{\"@context\":\"https:\\\/\\\/schema.org\",\"@graph\":[{\"@type\":\"WebPage\",\"@id\":\"https:\\\/\\\/www.jak-s.com\\\/en\\\/produits\\\/spring-2026\\\/cross-body-bag-spring-2026\\\/fidji\\\/\",\"url\":\"https:\\\/\\\/www.jak-s.com\\\/en\\\/produits\\\/spring-2026\\\/cross-body-bag-spring-2026\\\/fidji\\\/\",\"name\":\"Fidji - Jak&#039;s | Pr\u00eat-\u00e0-oser | Sacs \u00e0 mains | Boutique en ligne\",\"isPartOf\":{\"@id\":\"https:\\\/\\\/www.jak-s.com\\\/en\\\/#website\"},\"primaryImageOfPage\":{\"@id\":\"https:\\\/\\\/www.jak-s.com\\\/en\\\/produits\\\/spring-2026\\\/cross-body-bag-spring-2026\\\/fidji\\\/#primaryimage\"},\"image\":{\"@id\":\"https:\\\/\\\/www.jak-s.com\\\/en\\\/produits\\\/spring-2026\\\/cross-body-bag-spring-2026\\\/fidji\\\/#primaryimage\"},\"thumbnailUrl\":\"https:\\\/\\\/www.jak-s.com\\\/wp-content\\\/uploads\\\/2026\\\/01\\\/JAK-441-bei.jpg\",\"datePublished\":\"2026-01-12T18:27:58+00:00\",\"dateModified\":\"2026-02-23T14:56:24+00:00\",\"breadcrumb\":{\"@id\":\"https:\\\/\\\/www.jak-s.com\\\/en\\\/produits\\\/spring-2026\\\/cross-body-bag-spring-2026\\\/fidji\\\/#breadcrumb\"},\"inLanguage\":\"en-US\",\"potentialAction\":[{\"@type\":\"ReadAction\",\"target\":[\"https:\\\/\\\/www.jak-s.com\\\/en\\\/produits\\\/spring-2026\\\/cross-body-bag-spring-2026\\\/fidji\\\/\"]}]},{\"@type\":\"ImageObject\",\"inLanguage\":\"en-US\",\"@id\":\"https:\\\/\\\/www.jak-s.com\\\/en\\\/produits\\\/spring-2026\\\/cross-body-bag-spring-2026\\\/fidji\\\/#primaryimage\",\"url\":\"https:\\\/\\\/www.jak-s.com\\\/wp-content\\\/uploads\\\/2026\\\/01\\\/JAK-441-bei.jpg\",\"contentUrl\":\"https:\\\/\\\/www.jak-s.com\\\/wp-content\\\/uploads\\\/2026\\\/01\\\/JAK-441-bei.jpg\",\"width\":2250,\"height\":2250},{\"@type\":\"BreadcrumbList\",\"@id\":\"https:\\\/\\\/www.jak-s.com\\\/en\\\/produits\\\/spring-2026\\\/cross-body-bag-spring-2026\\\/fidji\\\/#breadcrumb\",\"itemListElement\":[{\"@type\":\"ListItem\",\"position\":1,\"name\":\"Shop\",\"item\":\"https:\\\/\\\/www.jak-s.com\\\/en\\\/shop\\\/\"},{\"@type\":\"ListItem\",\"position\":2,\"name\":\"Fidji\"}]},{\"@type\":\"WebSite\",\"@id\":\"https:\\\/\\\/www.jak-s.com\\\/en\\\/#website\",\"url\":\"https:\\\/\\\/www.jak-s.com\\\/en\\\/\",\"name\":\"Jak&#039;s | Pr\u00eat-\u00e0-oser | Sacs \u00e0 mains | Boutique en ligne\",\"description\":\"\",\"publisher\":{\"@id\":\"https:\\\/\\\/www.jak-s.com\\\/en\\\/#organization\"},\"potentialAction\":[{\"@type\":\"SearchAction\",\"target\":{\"@type\":\"EntryPoint\",\"urlTemplate\":\"https:\\\/\\\/www.jak-s.com\\\/en\\\/?s={search_term_string}\"},\"query-input\":{\"@type\":\"PropertyValueSpecification\",\"valueRequired\":true,\"valueName\":\"search_term_string\"}}],\"inLanguage\":\"en-US\"},{\"@type\":\"Organization\",\"@id\":\"https:\\\/\\\/www.jak-s.com\\\/en\\\/#organization\",\"name\":\"Jak's\",\"url\":\"https:\\\/\\\/www.jak-s.com\\\/en\\\/\",\"logo\":{\"@type\":\"ImageObject\",\"inLanguage\":\"en-US\",\"@id\":\"https:\\\/\\\/www.jak-s.com\\\/en\\\/#\\\/schema\\\/logo\\\/image\\\/\",\"url\":\"https:\\\/\\\/www.jak-s.com\\\/wp-content\\\/uploads\\\/2020\\\/10\\\/logo-jaks-fr.png\",\"contentUrl\":\"https:\\\/\\\/www.jak-s.com\\\/wp-content\\\/uploads\\\/2020\\\/10\\\/logo-jaks-fr.png\",\"width\":134,\"height\":134,\"caption\":\"Jak's\"},\"image\":{\"@id\":\"https:\\\/\\\/www.jak-s.com\\\/en\\\/#\\\/schema\\\/logo\\\/image\\\/\"},\"sameAs\":[\"https:\\\/\\\/www.facebook.com\\\/jaks.concours\",\"https:\\\/\\\/www.instagram.com\\\/jaks_sacs_a_mains\\\/\"]}]}<\/script>\n<!-- \/ Yoast SEO plugin. -->","yoast_head_json":{"title":"Fidji - Jak&#039;s | Pr\u00eat-\u00e0-oser | Sacs \u00e0 mains | Boutique en ligne","robots":{"index":"index","follow":"follow","max-snippet":"max-snippet:-1","max-image-preview":"max-image-preview:large","max-video-preview":"max-video-preview:-1"},"canonical":"https:\/\/www.jak-s.com\/en\/produits\/spring-2026\/cross-body-bag-spring-2026\/fidji\/","og_locale":"en_US","og_type":"article","og_title":"Fidji - Jak&#039;s | Pr\u00eat-\u00e0-oser | Sacs \u00e0 mains | Boutique en ligne","og_description":"This charming little shoulder bag will win you over with its clean lines and delicate touch of shine. Its organizer pocket on the back is ideal for storing your cards, change and personal effects. Despite its compact size, this bag offers enough space to perfectly and elegantly hold your essentials.  Adjustable shoulder strap  Organizer zippered pocket at the back  Exterior zippered pocket at the front  Interior zippered pocket  Interior pocket with elastic  Key clip  Machine washable &nbsp;","og_url":"https:\/\/www.jak-s.com\/en\/produits\/spring-2026\/cross-body-bag-spring-2026\/fidji\/","og_site_name":"Jak&#039;s | Pr\u00eat-\u00e0-oser | Sacs \u00e0 mains | Boutique en ligne","article_publisher":"https:\/\/www.facebook.com\/jaks.concours","article_modified_time":"2026-02-23T14:56:24+00:00","og_image":[{"width":2250,"height":2250,"url":"https:\/\/www.jak-s.com\/wp-content\/uploads\/2026\/01\/JAK-441-bei.jpg","type":"image\/jpeg"}],"twitter_card":"summary_large_image","schema":{"@context":"https:\/\/schema.org","@graph":[{"@type":"WebPage","@id":"https:\/\/www.jak-s.com\/en\/produits\/spring-2026\/cross-body-bag-spring-2026\/fidji\/","url":"https:\/\/www.jak-s.com\/en\/produits\/spring-2026\/cross-body-bag-spring-2026\/fidji\/","name":"Fidji - Jak&#039;s | Pr\u00eat-\u00e0-oser | Sacs \u00e0 mains | Boutique en ligne","isPartOf":{"@id":"https:\/\/www.jak-s.com\/en\/#website"},"primaryImageOfPage":{"@id":"https:\/\/www.jak-s.com\/en\/produits\/spring-2026\/cross-body-bag-spring-2026\/fidji\/#primaryimage"},"image":{"@id":"https:\/\/www.jak-s.com\/en\/produits\/spring-2026\/cross-body-bag-spring-2026\/fidji\/#primaryimage"},"thumbnailUrl":"https:\/\/www.jak-s.com\/wp-content\/uploads\/2026\/01\/JAK-441-bei.jpg","datePublished":"2026-01-12T18:27:58+00:00","dateModified":"2026-02-23T14:56:24+00:00","breadcrumb":{"@id":"https:\/\/www.jak-s.com\/en\/produits\/spring-2026\/cross-body-bag-spring-2026\/fidji\/#breadcrumb"},"inLanguage":"en-US","potentialAction":[{"@type":"ReadAction","target":["https:\/\/www.jak-s.com\/en\/produits\/spring-2026\/cross-body-bag-spring-2026\/fidji\/"]}]},{"@type":"ImageObject","inLanguage":"en-US","@id":"https:\/\/www.jak-s.com\/en\/produits\/spring-2026\/cross-body-bag-spring-2026\/fidji\/#primaryimage","url":"https:\/\/www.jak-s.com\/wp-content\/uploads\/2026\/01\/JAK-441-bei.jpg","contentUrl":"https:\/\/www.jak-s.com\/wp-content\/uploads\/2026\/01\/JAK-441-bei.jpg","width":2250,"height":2250},{"@type":"BreadcrumbList","@id":"https:\/\/www.jak-s.com\/en\/produits\/spring-2026\/cross-body-bag-spring-2026\/fidji\/#breadcrumb","itemListElement":[{"@type":"ListItem","position":1,"name":"Shop","item":"https:\/\/www.jak-s.com\/en\/shop\/"},{"@type":"ListItem","position":2,"name":"Fidji"}]},{"@type":"WebSite","@id":"https:\/\/www.jak-s.com\/en\/#website","url":"https:\/\/www.jak-s.com\/en\/","name":"Jak&#039;s | Pr\u00eat-\u00e0-oser | Sacs \u00e0 mains | Boutique en ligne","description":"","publisher":{"@id":"https:\/\/www.jak-s.com\/en\/#organization"},"potentialAction":[{"@type":"SearchAction","target":{"@type":"EntryPoint","urlTemplate":"https:\/\/www.jak-s.com\/en\/?s={search_term_string}"},"query-input":{"@type":"PropertyValueSpecification","valueRequired":true,"valueName":"search_term_string"}}],"inLanguage":"en-US"},{"@type":"Organization","@id":"https:\/\/www.jak-s.com\/en\/#organization","name":"Jak's","url":"https:\/\/www.jak-s.com\/en\/","logo":{"@type":"ImageObject","inLanguage":"en-US","@id":"https:\/\/www.jak-s.com\/en\/#\/schema\/logo\/image\/","url":"https:\/\/www.jak-s.com\/wp-content\/uploads\/2020\/10\/logo-jaks-fr.png","contentUrl":"https:\/\/www.jak-s.com\/wp-content\/uploads\/2020\/10\/logo-jaks-fr.png","width":134,"height":134,"caption":"Jak's"},"image":{"@id":"https:\/\/www.jak-s.com\/en\/#\/schema\/logo\/image\/"},"sameAs":["https:\/\/www.facebook.com\/jaks.concours","https:\/\/www.instagram.com\/jaks_sacs_a_mains\/"]}]}},"_links":{"self":[{"href":"https:\/\/www.jak-s.com\/en\/wp-json\/wp\/v2\/product\/40984","targetHints":{"allow":["GET"]}}],"collection":[{"href":"https:\/\/www.jak-s.com\/en\/wp-json\/wp\/v2\/product"}],"about":[{"href":"https:\/\/www.jak-s.com\/en\/wp-json\/wp\/v2\/types\/product"}],"replies":[{"embeddable":true,"href":"https:\/\/www.jak-s.com\/en\/wp-json\/wp\/v2\/comments?post=40984"}],"wp:featuredmedia":[{"embeddable":true,"href":"https:\/\/www.jak-s.com\/en\/wp-json\/wp\/v2\/media\/40277"}],"wp:attachment":[{"href":"https:\/\/www.jak-s.com\/en\/wp-json\/wp\/v2\/media?parent=40984"}],"wp:term":[{"taxonomy":"product_brand","embeddable":true,"href":"https:\/\/www.jak-s.com\/en\/wp-json\/wp\/v2\/product_brand?post=40984"},{"taxonomy":"product_cat","embeddable":true,"href":"https:\/\/www.jak-s.com\/en\/wp-json\/wp\/v2\/product_cat?post=40984"},{"taxonomy":"product_tag","embeddable":true,"href":"https:\/\/www.jak-s.com\/en\/wp-json\/wp\/v2\/product_tag?post=40984"}],"curies":[{"name":"wp","href":"https:\/\/api.w.org\/{rel}","templated":true}]}}