{"id":39493,"date":"2025-06-18T13:36:52","date_gmt":"2025-06-18T17:36:52","guid":{"rendered":"https:\/\/www.jak-s.com\/?post_type=product&p=39493"},"modified":"2025-11-28T15:01:04","modified_gmt":"2025-11-28T20:01:04","slug":"small-cross-body-bag-3","status":"publish","type":"product","link":"https:\/\/www.jak-s.com\/en\/produits\/fall-2025\/accessories-fall-2025\/small-cross-body-bag-3\/","title":{"rendered":"Small cross body bag"},"content":{"rendered":"","protected":false},"excerpt":{"rendered":"<p>This small shoulder bag with a boreal illustration will be suitable for all your trips. You will love its many compartments for storing cards, money, telephone and personal effects.<\/p>\n<ul>\n<li>Many compartments for cards and money<\/li>\n<li>Adjustable shoulder strap<\/li>\n<li>Exterior zippered pocket at the back<\/li>\n<li>Machine washable<\/li>\n<\/ul>\n<p>&nbsp;<\/p>\n<p>&nbsp;<\/p>\n<p>&nbsp;<\/p>\n<p>&nbsp;<\/p>\n","protected":false},"featured_media":38810,"comment_status":"closed","ping_status":"closed","template":"","meta":[],"product_brand":[],"product_cat":[911,1311,1310,204],"product_tag":[],"class_list":{"0":"post-39493","1":"product","2":"type-product","3":"status-publish","4":"has-post-thumbnail","6":"product_cat-accessories","7":"product_cat-accessories-fall-2025","8":"product_cat-fall-2025","9":"product_cat-sales","11":"first","12":"instock","13":"sale","14":"taxable","15":"shipping-taxable","16":"purchasable","17":"product-type-variable"},"yoast_head":"<!-- This site is optimized with the Yoast SEO plugin v27.3 - https:\/\/yoast.com\/product\/yoast-seo-wordpress\/ -->\n<title>Small cross body bag - Jak&#039;s | Pr\u00eat-\u00e0-oser | Sacs \u00e0 mains | Boutique en ligne<\/title>\n<meta name=\"robots\" content=\"index, follow, max-snippet:-1, max-image-preview:large, max-video-preview:-1\" \/>\n<link rel=\"canonical\" href=\"https:\/\/www.jak-s.com\/en\/produits\/fall-2025\/accessories-fall-2025\/small-cross-body-bag-3\/\" \/>\n<meta property=\"og:locale\" content=\"en_US\" \/>\n<meta property=\"og:type\" content=\"article\" \/>\n<meta property=\"og:title\" content=\"Small cross body bag - Jak&#039;s | Pr\u00eat-\u00e0-oser | Sacs \u00e0 mains | Boutique en ligne\" \/>\n<meta property=\"og:description\" content=\"This small shoulder bag with a boreal illustration will be suitable for all your trips. You will love its many compartments for storing cards, money, telephone and personal effects.  Many compartments for cards and money  Adjustable shoulder strap  Exterior zippered pocket at the back  Machine washable &nbsp; &nbsp; &nbsp; &nbsp;\" \/>\n<meta property=\"og:url\" content=\"https:\/\/www.jak-s.com\/en\/produits\/fall-2025\/accessories-fall-2025\/small-cross-body-bag-3\/\" \/>\n<meta property=\"og:site_name\" content=\"Jak&#039;s | Pr\u00eat-\u00e0-oser | Sacs \u00e0 mains | Boutique en ligne\" \/>\n<meta property=\"article:publisher\" content=\"https:\/\/www.facebook.com\/jaks.concours\" \/>\n<meta property=\"article:modified_time\" content=\"2025-11-28T20:01:04+00:00\" \/>\n<meta property=\"og:image\" content=\"https:\/\/www.jak-s.com\/wp-content\/uploads\/2025\/06\/ACC198-bordeau.jpg\" \/>\n\t<meta property=\"og:image:width\" content=\"1500\" \/>\n\t<meta property=\"og:image:height\" content=\"1500\" \/>\n\t<meta property=\"og:image:type\" content=\"image\/jpeg\" \/>\n<meta name=\"twitter:card\" content=\"summary_large_image\" \/>\n<script type=\"application\/ld+json\" class=\"yoast-schema-graph\">{\"@context\":\"https:\\\/\\\/schema.org\",\"@graph\":[{\"@type\":\"WebPage\",\"@id\":\"https:\\\/\\\/www.jak-s.com\\\/en\\\/produits\\\/fall-2025\\\/accessories-fall-2025\\\/small-cross-body-bag-3\\\/\",\"url\":\"https:\\\/\\\/www.jak-s.com\\\/en\\\/produits\\\/fall-2025\\\/accessories-fall-2025\\\/small-cross-body-bag-3\\\/\",\"name\":\"Small cross body bag - Jak&#039;s | Pr\u00eat-\u00e0-oser | Sacs \u00e0 mains | Boutique en ligne\",\"isPartOf\":{\"@id\":\"https:\\\/\\\/www.jak-s.com\\\/en\\\/#website\"},\"primaryImageOfPage\":{\"@id\":\"https:\\\/\\\/www.jak-s.com\\\/en\\\/produits\\\/fall-2025\\\/accessories-fall-2025\\\/small-cross-body-bag-3\\\/#primaryimage\"},\"image\":{\"@id\":\"https:\\\/\\\/www.jak-s.com\\\/en\\\/produits\\\/fall-2025\\\/accessories-fall-2025\\\/small-cross-body-bag-3\\\/#primaryimage\"},\"thumbnailUrl\":\"https:\\\/\\\/www.jak-s.com\\\/wp-content\\\/uploads\\\/2025\\\/06\\\/ACC198-bordeau.jpg\",\"datePublished\":\"2025-06-18T17:36:52+00:00\",\"dateModified\":\"2025-11-28T20:01:04+00:00\",\"breadcrumb\":{\"@id\":\"https:\\\/\\\/www.jak-s.com\\\/en\\\/produits\\\/fall-2025\\\/accessories-fall-2025\\\/small-cross-body-bag-3\\\/#breadcrumb\"},\"inLanguage\":\"en-US\",\"potentialAction\":[{\"@type\":\"ReadAction\",\"target\":[\"https:\\\/\\\/www.jak-s.com\\\/en\\\/produits\\\/fall-2025\\\/accessories-fall-2025\\\/small-cross-body-bag-3\\\/\"]}]},{\"@type\":\"ImageObject\",\"inLanguage\":\"en-US\",\"@id\":\"https:\\\/\\\/www.jak-s.com\\\/en\\\/produits\\\/fall-2025\\\/accessories-fall-2025\\\/small-cross-body-bag-3\\\/#primaryimage\",\"url\":\"https:\\\/\\\/www.jak-s.com\\\/wp-content\\\/uploads\\\/2025\\\/06\\\/ACC198-bordeau.jpg\",\"contentUrl\":\"https:\\\/\\\/www.jak-s.com\\\/wp-content\\\/uploads\\\/2025\\\/06\\\/ACC198-bordeau.jpg\",\"width\":1500,\"height\":1500},{\"@type\":\"BreadcrumbList\",\"@id\":\"https:\\\/\\\/www.jak-s.com\\\/en\\\/produits\\\/fall-2025\\\/accessories-fall-2025\\\/small-cross-body-bag-3\\\/#breadcrumb\",\"itemListElement\":[{\"@type\":\"ListItem\",\"position\":1,\"name\":\"Shop\",\"item\":\"https:\\\/\\\/www.jak-s.com\\\/en\\\/shop\\\/\"},{\"@type\":\"ListItem\",\"position\":2,\"name\":\"Priv\u00e9\u00a0: Small cross body bag\"}]},{\"@type\":\"WebSite\",\"@id\":\"https:\\\/\\\/www.jak-s.com\\\/en\\\/#website\",\"url\":\"https:\\\/\\\/www.jak-s.com\\\/en\\\/\",\"name\":\"Jak&#039;s | Pr\u00eat-\u00e0-oser | Sacs \u00e0 mains | Boutique en ligne\",\"description\":\"\",\"publisher\":{\"@id\":\"https:\\\/\\\/www.jak-s.com\\\/en\\\/#organization\"},\"potentialAction\":[{\"@type\":\"SearchAction\",\"target\":{\"@type\":\"EntryPoint\",\"urlTemplate\":\"https:\\\/\\\/www.jak-s.com\\\/en\\\/?s={search_term_string}\"},\"query-input\":{\"@type\":\"PropertyValueSpecification\",\"valueRequired\":true,\"valueName\":\"search_term_string\"}}],\"inLanguage\":\"en-US\"},{\"@type\":\"Organization\",\"@id\":\"https:\\\/\\\/www.jak-s.com\\\/en\\\/#organization\",\"name\":\"Jak's\",\"url\":\"https:\\\/\\\/www.jak-s.com\\\/en\\\/\",\"logo\":{\"@type\":\"ImageObject\",\"inLanguage\":\"en-US\",\"@id\":\"https:\\\/\\\/www.jak-s.com\\\/en\\\/#\\\/schema\\\/logo\\\/image\\\/\",\"url\":\"https:\\\/\\\/www.jak-s.com\\\/wp-content\\\/uploads\\\/2020\\\/10\\\/logo-jaks-fr.png\",\"contentUrl\":\"https:\\\/\\\/www.jak-s.com\\\/wp-content\\\/uploads\\\/2020\\\/10\\\/logo-jaks-fr.png\",\"width\":134,\"height\":134,\"caption\":\"Jak's\"},\"image\":{\"@id\":\"https:\\\/\\\/www.jak-s.com\\\/en\\\/#\\\/schema\\\/logo\\\/image\\\/\"},\"sameAs\":[\"https:\\\/\\\/www.facebook.com\\\/jaks.concours\",\"https:\\\/\\\/www.instagram.com\\\/jaks_sacs_a_mains\\\/\"]}]}<\/script>\n<!-- \/ Yoast SEO plugin. -->","yoast_head_json":{"title":"Small cross body bag - Jak&#039;s | Pr\u00eat-\u00e0-oser | Sacs \u00e0 mains | Boutique en ligne","robots":{"index":"index","follow":"follow","max-snippet":"max-snippet:-1","max-image-preview":"max-image-preview:large","max-video-preview":"max-video-preview:-1"},"canonical":"https:\/\/www.jak-s.com\/en\/produits\/fall-2025\/accessories-fall-2025\/small-cross-body-bag-3\/","og_locale":"en_US","og_type":"article","og_title":"Small cross body bag - Jak&#039;s | Pr\u00eat-\u00e0-oser | Sacs \u00e0 mains | Boutique en ligne","og_description":"This small shoulder bag with a boreal illustration will be suitable for all your trips. You will love its many compartments for storing cards, money, telephone and personal effects.  Many compartments for cards and money  Adjustable shoulder strap  Exterior zippered pocket at the back  Machine washable &nbsp; &nbsp; &nbsp; &nbsp;","og_url":"https:\/\/www.jak-s.com\/en\/produits\/fall-2025\/accessories-fall-2025\/small-cross-body-bag-3\/","og_site_name":"Jak&#039;s | Pr\u00eat-\u00e0-oser | Sacs \u00e0 mains | Boutique en ligne","article_publisher":"https:\/\/www.facebook.com\/jaks.concours","article_modified_time":"2025-11-28T20:01:04+00:00","og_image":[{"width":1500,"height":1500,"url":"https:\/\/www.jak-s.com\/wp-content\/uploads\/2025\/06\/ACC198-bordeau.jpg","type":"image\/jpeg"}],"twitter_card":"summary_large_image","schema":{"@context":"https:\/\/schema.org","@graph":[{"@type":"WebPage","@id":"https:\/\/www.jak-s.com\/en\/produits\/fall-2025\/accessories-fall-2025\/small-cross-body-bag-3\/","url":"https:\/\/www.jak-s.com\/en\/produits\/fall-2025\/accessories-fall-2025\/small-cross-body-bag-3\/","name":"Small cross body bag - Jak&#039;s | Pr\u00eat-\u00e0-oser | Sacs \u00e0 mains | Boutique en ligne","isPartOf":{"@id":"https:\/\/www.jak-s.com\/en\/#website"},"primaryImageOfPage":{"@id":"https:\/\/www.jak-s.com\/en\/produits\/fall-2025\/accessories-fall-2025\/small-cross-body-bag-3\/#primaryimage"},"image":{"@id":"https:\/\/www.jak-s.com\/en\/produits\/fall-2025\/accessories-fall-2025\/small-cross-body-bag-3\/#primaryimage"},"thumbnailUrl":"https:\/\/www.jak-s.com\/wp-content\/uploads\/2025\/06\/ACC198-bordeau.jpg","datePublished":"2025-06-18T17:36:52+00:00","dateModified":"2025-11-28T20:01:04+00:00","breadcrumb":{"@id":"https:\/\/www.jak-s.com\/en\/produits\/fall-2025\/accessories-fall-2025\/small-cross-body-bag-3\/#breadcrumb"},"inLanguage":"en-US","potentialAction":[{"@type":"ReadAction","target":["https:\/\/www.jak-s.com\/en\/produits\/fall-2025\/accessories-fall-2025\/small-cross-body-bag-3\/"]}]},{"@type":"ImageObject","inLanguage":"en-US","@id":"https:\/\/www.jak-s.com\/en\/produits\/fall-2025\/accessories-fall-2025\/small-cross-body-bag-3\/#primaryimage","url":"https:\/\/www.jak-s.com\/wp-content\/uploads\/2025\/06\/ACC198-bordeau.jpg","contentUrl":"https:\/\/www.jak-s.com\/wp-content\/uploads\/2025\/06\/ACC198-bordeau.jpg","width":1500,"height":1500},{"@type":"BreadcrumbList","@id":"https:\/\/www.jak-s.com\/en\/produits\/fall-2025\/accessories-fall-2025\/small-cross-body-bag-3\/#breadcrumb","itemListElement":[{"@type":"ListItem","position":1,"name":"Shop","item":"https:\/\/www.jak-s.com\/en\/shop\/"},{"@type":"ListItem","position":2,"name":"Priv\u00e9\u00a0: Small cross body bag"}]},{"@type":"WebSite","@id":"https:\/\/www.jak-s.com\/en\/#website","url":"https:\/\/www.jak-s.com\/en\/","name":"Jak&#039;s | Pr\u00eat-\u00e0-oser | Sacs \u00e0 mains | Boutique en ligne","description":"","publisher":{"@id":"https:\/\/www.jak-s.com\/en\/#organization"},"potentialAction":[{"@type":"SearchAction","target":{"@type":"EntryPoint","urlTemplate":"https:\/\/www.jak-s.com\/en\/?s={search_term_string}"},"query-input":{"@type":"PropertyValueSpecification","valueRequired":true,"valueName":"search_term_string"}}],"inLanguage":"en-US"},{"@type":"Organization","@id":"https:\/\/www.jak-s.com\/en\/#organization","name":"Jak's","url":"https:\/\/www.jak-s.com\/en\/","logo":{"@type":"ImageObject","inLanguage":"en-US","@id":"https:\/\/www.jak-s.com\/en\/#\/schema\/logo\/image\/","url":"https:\/\/www.jak-s.com\/wp-content\/uploads\/2020\/10\/logo-jaks-fr.png","contentUrl":"https:\/\/www.jak-s.com\/wp-content\/uploads\/2020\/10\/logo-jaks-fr.png","width":134,"height":134,"caption":"Jak's"},"image":{"@id":"https:\/\/www.jak-s.com\/en\/#\/schema\/logo\/image\/"},"sameAs":["https:\/\/www.facebook.com\/jaks.concours","https:\/\/www.instagram.com\/jaks_sacs_a_mains\/"]}]}},"_links":{"self":[{"href":"https:\/\/www.jak-s.com\/en\/wp-json\/wp\/v2\/product\/39493","targetHints":{"allow":["GET"]}}],"collection":[{"href":"https:\/\/www.jak-s.com\/en\/wp-json\/wp\/v2\/product"}],"about":[{"href":"https:\/\/www.jak-s.com\/en\/wp-json\/wp\/v2\/types\/product"}],"replies":[{"embeddable":true,"href":"https:\/\/www.jak-s.com\/en\/wp-json\/wp\/v2\/comments?post=39493"}],"wp:featuredmedia":[{"embeddable":true,"href":"https:\/\/www.jak-s.com\/en\/wp-json\/wp\/v2\/media\/38810"}],"wp:attachment":[{"href":"https:\/\/www.jak-s.com\/en\/wp-json\/wp\/v2\/media?parent=39493"}],"wp:term":[{"taxonomy":"product_brand","embeddable":true,"href":"https:\/\/www.jak-s.com\/en\/wp-json\/wp\/v2\/product_brand?post=39493"},{"taxonomy":"product_cat","embeddable":true,"href":"https:\/\/www.jak-s.com\/en\/wp-json\/wp\/v2\/product_cat?post=39493"},{"taxonomy":"product_tag","embeddable":true,"href":"https:\/\/www.jak-s.com\/en\/wp-json\/wp\/v2\/product_tag?post=39493"}],"curies":[{"name":"wp","href":"https:\/\/api.w.org\/{rel}","templated":true}]}}