{"id":39305,"date":"2025-06-17T11:32:23","date_gmt":"2025-06-17T15:32:23","guid":{"rendered":"https:\/\/www.jak-s.com\/?post_type=product&p=39305"},"modified":"2026-04-14T11:24:55","modified_gmt":"2026-04-14T15:24:55","slug":"epinette","status":"publish","type":"product","link":"https:\/\/www.jak-s.com\/en\/produits\/fall-2025\/convertible-bag-fall-2025\/epinette\/","title":{"rendered":"Epinette"},"content":{"rendered":"","protected":false},"excerpt":{"rendered":"<p>This convertible backpack with clean lines combines functionality and femininity. To transform it into a backpack, simply pull on the 2 straps at the back of the bag. This bag can be worn in 3 ways: as a backpack, across the body or over the shoulder.   In addition to perfectly housing your essentials, we love its very practical handle when it comes time to take it.<\/p>\n<ul>\n<li>Adjustables shoulder straps (2)<\/li>\n<li>Exterior zippered pocket at the front<\/li>\n<li>Exterior zippered pocket at the back<\/li>\n<li>Interior zippered pocket<\/li>\n<li>Key clip<\/li>\n<li>Machine washable<\/li>\n<\/ul>\n","protected":false},"featured_media":40241,"comment_status":"closed","ping_status":"closed","template":"","meta":[],"product_brand":[],"product_cat":[1312,1013,1310,204],"product_tag":[],"class_list":{"0":"post-39305","1":"product","2":"type-product","3":"status-publish","4":"has-post-thumbnail","6":"product_cat-convertible-bag-fall-2025","7":"product_cat-convertible-bag-en","8":"product_cat-fall-2025","9":"product_cat-sales","11":"first","12":"instock","13":"sale","14":"taxable","15":"shipping-taxable","16":"purchasable","17":"product-type-variable"},"yoast_head":"<!-- This site is optimized with the Yoast SEO plugin v27.3 - https:\/\/yoast.com\/product\/yoast-seo-wordpress\/ -->\n<title>Epinette - Jak&#039;s | Pr\u00eat-\u00e0-oser | Sacs \u00e0 mains | Boutique en ligne<\/title>\n<meta name=\"robots\" content=\"index, follow, max-snippet:-1, max-image-preview:large, max-video-preview:-1\" \/>\n<link rel=\"canonical\" href=\"https:\/\/www.jak-s.com\/en\/produits\/fall-2025\/convertible-bag-fall-2025\/epinette\/\" \/>\n<meta property=\"og:locale\" content=\"en_US\" \/>\n<meta property=\"og:type\" content=\"article\" \/>\n<meta property=\"og:title\" content=\"Epinette - Jak&#039;s | Pr\u00eat-\u00e0-oser | Sacs \u00e0 mains | Boutique en ligne\" \/>\n<meta property=\"og:description\" content=\"This convertible backpack with clean lines combines functionality and femininity. To transform it into a backpack, simply pull on the 2 straps at the back of the bag. This bag can be worn in 3 ways: as a backpack, across the body or over the shoulder.  In addition to perfectly housing your essentials, we love its very practical handle when it comes time to take it.  Adjustables shoulder straps (2)  Exterior zippered pocket at the front  Exterior zippered pocket at the back  Interior zippered pocket  Key clip  Machine washable\" \/>\n<meta property=\"og:url\" content=\"https:\/\/www.jak-s.com\/en\/produits\/fall-2025\/convertible-bag-fall-2025\/epinette\/\" \/>\n<meta property=\"og:site_name\" content=\"Jak&#039;s | Pr\u00eat-\u00e0-oser | Sacs \u00e0 mains | Boutique en ligne\" \/>\n<meta property=\"article:publisher\" content=\"https:\/\/www.facebook.com\/jaks.concours\" \/>\n<meta property=\"article:modified_time\" content=\"2026-04-14T15:24:55+00:00\" \/>\n<meta property=\"og:image\" content=\"https:\/\/www.jak-s.com\/wp-content\/uploads\/2025\/06\/Photoroom_20251028_122216.jpeg\" \/>\n\t<meta property=\"og:image:width\" content=\"1179\" \/>\n\t<meta property=\"og:image:height\" content=\"1567\" \/>\n\t<meta property=\"og:image:type\" content=\"image\/jpeg\" \/>\n<meta name=\"twitter:card\" content=\"summary_large_image\" \/>\n<script type=\"application\/ld+json\" class=\"yoast-schema-graph\">{\"@context\":\"https:\\\/\\\/schema.org\",\"@graph\":[{\"@type\":\"WebPage\",\"@id\":\"https:\\\/\\\/www.jak-s.com\\\/en\\\/produits\\\/fall-2025\\\/convertible-bag-fall-2025\\\/epinette\\\/\",\"url\":\"https:\\\/\\\/www.jak-s.com\\\/en\\\/produits\\\/fall-2025\\\/convertible-bag-fall-2025\\\/epinette\\\/\",\"name\":\"Epinette - Jak&#039;s | Pr\u00eat-\u00e0-oser | Sacs \u00e0 mains | Boutique en ligne\",\"isPartOf\":{\"@id\":\"https:\\\/\\\/www.jak-s.com\\\/en\\\/#website\"},\"primaryImageOfPage\":{\"@id\":\"https:\\\/\\\/www.jak-s.com\\\/en\\\/produits\\\/fall-2025\\\/convertible-bag-fall-2025\\\/epinette\\\/#primaryimage\"},\"image\":{\"@id\":\"https:\\\/\\\/www.jak-s.com\\\/en\\\/produits\\\/fall-2025\\\/convertible-bag-fall-2025\\\/epinette\\\/#primaryimage\"},\"thumbnailUrl\":\"https:\\\/\\\/www.jak-s.com\\\/wp-content\\\/uploads\\\/2025\\\/06\\\/Photoroom_20251028_122216.jpeg\",\"datePublished\":\"2025-06-17T15:32:23+00:00\",\"dateModified\":\"2026-04-14T15:24:55+00:00\",\"breadcrumb\":{\"@id\":\"https:\\\/\\\/www.jak-s.com\\\/en\\\/produits\\\/fall-2025\\\/convertible-bag-fall-2025\\\/epinette\\\/#breadcrumb\"},\"inLanguage\":\"en-US\",\"potentialAction\":[{\"@type\":\"ReadAction\",\"target\":[\"https:\\\/\\\/www.jak-s.com\\\/en\\\/produits\\\/fall-2025\\\/convertible-bag-fall-2025\\\/epinette\\\/\"]}]},{\"@type\":\"ImageObject\",\"inLanguage\":\"en-US\",\"@id\":\"https:\\\/\\\/www.jak-s.com\\\/en\\\/produits\\\/fall-2025\\\/convertible-bag-fall-2025\\\/epinette\\\/#primaryimage\",\"url\":\"https:\\\/\\\/www.jak-s.com\\\/wp-content\\\/uploads\\\/2025\\\/06\\\/Photoroom_20251028_122216.jpeg\",\"contentUrl\":\"https:\\\/\\\/www.jak-s.com\\\/wp-content\\\/uploads\\\/2025\\\/06\\\/Photoroom_20251028_122216.jpeg\",\"width\":1179,\"height\":1567},{\"@type\":\"BreadcrumbList\",\"@id\":\"https:\\\/\\\/www.jak-s.com\\\/en\\\/produits\\\/fall-2025\\\/convertible-bag-fall-2025\\\/epinette\\\/#breadcrumb\",\"itemListElement\":[{\"@type\":\"ListItem\",\"position\":1,\"name\":\"Shop\",\"item\":\"https:\\\/\\\/www.jak-s.com\\\/en\\\/shop\\\/\"},{\"@type\":\"ListItem\",\"position\":2,\"name\":\"Fall 2025\",\"item\":\"https:\\\/\\\/www.jak-s.com\\\/en\\\/collections\\\/fall-2025\\\/\"},{\"@type\":\"ListItem\",\"position\":3,\"name\":\"Convertible bag\",\"item\":\"https:\\\/\\\/www.jak-s.com\\\/en\\\/collections\\\/fall-2025\\\/convertible-bag-fall-2025\\\/\"},{\"@type\":\"ListItem\",\"position\":4,\"name\":\"Epinette\"}]},{\"@type\":\"WebSite\",\"@id\":\"https:\\\/\\\/www.jak-s.com\\\/en\\\/#website\",\"url\":\"https:\\\/\\\/www.jak-s.com\\\/en\\\/\",\"name\":\"Jak&#039;s | Pr\u00eat-\u00e0-oser | Sacs \u00e0 mains | Boutique en ligne\",\"description\":\"\",\"publisher\":{\"@id\":\"https:\\\/\\\/www.jak-s.com\\\/en\\\/#organization\"},\"potentialAction\":[{\"@type\":\"SearchAction\",\"target\":{\"@type\":\"EntryPoint\",\"urlTemplate\":\"https:\\\/\\\/www.jak-s.com\\\/en\\\/?s={search_term_string}\"},\"query-input\":{\"@type\":\"PropertyValueSpecification\",\"valueRequired\":true,\"valueName\":\"search_term_string\"}}],\"inLanguage\":\"en-US\"},{\"@type\":\"Organization\",\"@id\":\"https:\\\/\\\/www.jak-s.com\\\/en\\\/#organization\",\"name\":\"Jak's\",\"url\":\"https:\\\/\\\/www.jak-s.com\\\/en\\\/\",\"logo\":{\"@type\":\"ImageObject\",\"inLanguage\":\"en-US\",\"@id\":\"https:\\\/\\\/www.jak-s.com\\\/en\\\/#\\\/schema\\\/logo\\\/image\\\/\",\"url\":\"https:\\\/\\\/www.jak-s.com\\\/wp-content\\\/uploads\\\/2020\\\/10\\\/logo-jaks-fr.png\",\"contentUrl\":\"https:\\\/\\\/www.jak-s.com\\\/wp-content\\\/uploads\\\/2020\\\/10\\\/logo-jaks-fr.png\",\"width\":134,\"height\":134,\"caption\":\"Jak's\"},\"image\":{\"@id\":\"https:\\\/\\\/www.jak-s.com\\\/en\\\/#\\\/schema\\\/logo\\\/image\\\/\"},\"sameAs\":[\"https:\\\/\\\/www.facebook.com\\\/jaks.concours\",\"https:\\\/\\\/www.instagram.com\\\/jaks_sacs_a_mains\\\/\"]}]}<\/script>\n<!-- \/ Yoast SEO plugin. -->","yoast_head_json":{"title":"Epinette - Jak&#039;s | Pr\u00eat-\u00e0-oser | Sacs \u00e0 mains | Boutique en ligne","robots":{"index":"index","follow":"follow","max-snippet":"max-snippet:-1","max-image-preview":"max-image-preview:large","max-video-preview":"max-video-preview:-1"},"canonical":"https:\/\/www.jak-s.com\/en\/produits\/fall-2025\/convertible-bag-fall-2025\/epinette\/","og_locale":"en_US","og_type":"article","og_title":"Epinette - Jak&#039;s | Pr\u00eat-\u00e0-oser | Sacs \u00e0 mains | Boutique en ligne","og_description":"This convertible backpack with clean lines combines functionality and femininity. To transform it into a backpack, simply pull on the 2 straps at the back of the bag. This bag can be worn in 3 ways: as a backpack, across the body or over the shoulder.  In addition to perfectly housing your essentials, we love its very practical handle when it comes time to take it.  Adjustables shoulder straps (2)  Exterior zippered pocket at the front  Exterior zippered pocket at the back  Interior zippered pocket  Key clip  Machine washable","og_url":"https:\/\/www.jak-s.com\/en\/produits\/fall-2025\/convertible-bag-fall-2025\/epinette\/","og_site_name":"Jak&#039;s | Pr\u00eat-\u00e0-oser | Sacs \u00e0 mains | Boutique en ligne","article_publisher":"https:\/\/www.facebook.com\/jaks.concours","article_modified_time":"2026-04-14T15:24:55+00:00","og_image":[{"width":1179,"height":1567,"url":"https:\/\/www.jak-s.com\/wp-content\/uploads\/2025\/06\/Photoroom_20251028_122216.jpeg","type":"image\/jpeg"}],"twitter_card":"summary_large_image","schema":{"@context":"https:\/\/schema.org","@graph":[{"@type":"WebPage","@id":"https:\/\/www.jak-s.com\/en\/produits\/fall-2025\/convertible-bag-fall-2025\/epinette\/","url":"https:\/\/www.jak-s.com\/en\/produits\/fall-2025\/convertible-bag-fall-2025\/epinette\/","name":"Epinette - Jak&#039;s | Pr\u00eat-\u00e0-oser | Sacs \u00e0 mains | Boutique en ligne","isPartOf":{"@id":"https:\/\/www.jak-s.com\/en\/#website"},"primaryImageOfPage":{"@id":"https:\/\/www.jak-s.com\/en\/produits\/fall-2025\/convertible-bag-fall-2025\/epinette\/#primaryimage"},"image":{"@id":"https:\/\/www.jak-s.com\/en\/produits\/fall-2025\/convertible-bag-fall-2025\/epinette\/#primaryimage"},"thumbnailUrl":"https:\/\/www.jak-s.com\/wp-content\/uploads\/2025\/06\/Photoroom_20251028_122216.jpeg","datePublished":"2025-06-17T15:32:23+00:00","dateModified":"2026-04-14T15:24:55+00:00","breadcrumb":{"@id":"https:\/\/www.jak-s.com\/en\/produits\/fall-2025\/convertible-bag-fall-2025\/epinette\/#breadcrumb"},"inLanguage":"en-US","potentialAction":[{"@type":"ReadAction","target":["https:\/\/www.jak-s.com\/en\/produits\/fall-2025\/convertible-bag-fall-2025\/epinette\/"]}]},{"@type":"ImageObject","inLanguage":"en-US","@id":"https:\/\/www.jak-s.com\/en\/produits\/fall-2025\/convertible-bag-fall-2025\/epinette\/#primaryimage","url":"https:\/\/www.jak-s.com\/wp-content\/uploads\/2025\/06\/Photoroom_20251028_122216.jpeg","contentUrl":"https:\/\/www.jak-s.com\/wp-content\/uploads\/2025\/06\/Photoroom_20251028_122216.jpeg","width":1179,"height":1567},{"@type":"BreadcrumbList","@id":"https:\/\/www.jak-s.com\/en\/produits\/fall-2025\/convertible-bag-fall-2025\/epinette\/#breadcrumb","itemListElement":[{"@type":"ListItem","position":1,"name":"Shop","item":"https:\/\/www.jak-s.com\/en\/shop\/"},{"@type":"ListItem","position":2,"name":"Fall 2025","item":"https:\/\/www.jak-s.com\/en\/collections\/fall-2025\/"},{"@type":"ListItem","position":3,"name":"Convertible bag","item":"https:\/\/www.jak-s.com\/en\/collections\/fall-2025\/convertible-bag-fall-2025\/"},{"@type":"ListItem","position":4,"name":"Epinette"}]},{"@type":"WebSite","@id":"https:\/\/www.jak-s.com\/en\/#website","url":"https:\/\/www.jak-s.com\/en\/","name":"Jak&#039;s | Pr\u00eat-\u00e0-oser | Sacs \u00e0 mains | Boutique en ligne","description":"","publisher":{"@id":"https:\/\/www.jak-s.com\/en\/#organization"},"potentialAction":[{"@type":"SearchAction","target":{"@type":"EntryPoint","urlTemplate":"https:\/\/www.jak-s.com\/en\/?s={search_term_string}"},"query-input":{"@type":"PropertyValueSpecification","valueRequired":true,"valueName":"search_term_string"}}],"inLanguage":"en-US"},{"@type":"Organization","@id":"https:\/\/www.jak-s.com\/en\/#organization","name":"Jak's","url":"https:\/\/www.jak-s.com\/en\/","logo":{"@type":"ImageObject","inLanguage":"en-US","@id":"https:\/\/www.jak-s.com\/en\/#\/schema\/logo\/image\/","url":"https:\/\/www.jak-s.com\/wp-content\/uploads\/2020\/10\/logo-jaks-fr.png","contentUrl":"https:\/\/www.jak-s.com\/wp-content\/uploads\/2020\/10\/logo-jaks-fr.png","width":134,"height":134,"caption":"Jak's"},"image":{"@id":"https:\/\/www.jak-s.com\/en\/#\/schema\/logo\/image\/"},"sameAs":["https:\/\/www.facebook.com\/jaks.concours","https:\/\/www.instagram.com\/jaks_sacs_a_mains\/"]}]}},"_links":{"self":[{"href":"https:\/\/www.jak-s.com\/en\/wp-json\/wp\/v2\/product\/39305","targetHints":{"allow":["GET"]}}],"collection":[{"href":"https:\/\/www.jak-s.com\/en\/wp-json\/wp\/v2\/product"}],"about":[{"href":"https:\/\/www.jak-s.com\/en\/wp-json\/wp\/v2\/types\/product"}],"replies":[{"embeddable":true,"href":"https:\/\/www.jak-s.com\/en\/wp-json\/wp\/v2\/comments?post=39305"}],"wp:featuredmedia":[{"embeddable":true,"href":"https:\/\/www.jak-s.com\/en\/wp-json\/wp\/v2\/media\/40241"}],"wp:attachment":[{"href":"https:\/\/www.jak-s.com\/en\/wp-json\/wp\/v2\/media?parent=39305"}],"wp:term":[{"taxonomy":"product_brand","embeddable":true,"href":"https:\/\/www.jak-s.com\/en\/wp-json\/wp\/v2\/product_brand?post=39305"},{"taxonomy":"product_cat","embeddable":true,"href":"https:\/\/www.jak-s.com\/en\/wp-json\/wp\/v2\/product_cat?post=39305"},{"taxonomy":"product_tag","embeddable":true,"href":"https:\/\/www.jak-s.com\/en\/wp-json\/wp\/v2\/product_tag?post=39305"}],"curies":[{"name":"wp","href":"https:\/\/api.w.org\/{rel}","templated":true}]}}