{"id":37185,"date":"2024-09-25T11:48:10","date_gmt":"2024-09-25T15:48:10","guid":{"rendered":"https:\/\/www.jak-s.com\/produits\/uncategorized\/flowery-scarf\/"},"modified":"2024-09-30T13:28:43","modified_gmt":"2024-09-30T17:28:43","slug":"flowery-scarf","status":"publish","type":"product","link":"https:\/\/www.jak-s.com\/en\/produits\/fall-2024\/accessories-en-5\/flowery-scarf\/","title":{"rendered":"Flowery scarf"},"content":{"rendered":"","protected":false},"excerpt":{"rendered":"<p>Easy to wear, this flowery scarf\u00a0 is distinguished by its soft and warm fabric for the Fall season.<\/p>\n<p>Description : 20% cashmere and 80% acrylic<\/p>\n<p>Cleaning:<br \/>\n&#8211; Hand washing<br \/>\n-Press gently and do not twist<br \/>\n&#8211; Dry flat<\/p>\n","protected":false},"featured_media":39975,"comment_status":"open","ping_status":"closed","template":"","meta":[],"product_brand":[],"product_cat":[911,1230,1229,204,1155],"product_tag":[],"class_list":{"0":"post-37185","1":"product","2":"type-product","3":"status-publish","4":"has-post-thumbnail","6":"product_cat-accessories","7":"product_cat-accessories-en-5","8":"product_cat-fall-2024","9":"product_cat-sales","10":"product_cat-scarves","12":"first","13":"instock","14":"sale","15":"taxable","16":"shipping-taxable","17":"purchasable","18":"product-type-variable"},"yoast_head":"<!-- This site is optimized with the Yoast SEO plugin v27.3 - https:\/\/yoast.com\/product\/yoast-seo-wordpress\/ -->\n<title>Flowery scarf - Jak&#039;s | Pr\u00eat-\u00e0-oser | Sacs \u00e0 mains | Boutique en ligne<\/title>\n<meta name=\"robots\" content=\"index, follow, max-snippet:-1, max-image-preview:large, max-video-preview:-1\" \/>\n<link rel=\"canonical\" href=\"https:\/\/www.jak-s.com\/en\/produits\/fall-2024\/accessories-en-5\/flowery-scarf\/\" \/>\n<meta property=\"og:locale\" content=\"en_US\" \/>\n<meta property=\"og:type\" content=\"article\" \/>\n<meta property=\"og:title\" content=\"Flowery scarf - Jak&#039;s | Pr\u00eat-\u00e0-oser | Sacs \u00e0 mains | Boutique en ligne\" \/>\n<meta property=\"og:description\" content=\"Easy to wear, this flowery scarf\u00a0 is distinguished by its soft and warm fabric for the Fall season.  Description : 20% cashmere and 80% acrylic  Cleaning: - Hand washing -Press gently and do not twist - Dry flat\" \/>\n<meta property=\"og:url\" content=\"https:\/\/www.jak-s.com\/en\/produits\/fall-2024\/accessories-en-5\/flowery-scarf\/\" \/>\n<meta property=\"og:site_name\" content=\"Jak&#039;s | Pr\u00eat-\u00e0-oser | Sacs \u00e0 mains | Boutique en ligne\" \/>\n<meta property=\"article:publisher\" content=\"https:\/\/www.facebook.com\/jaks.concours\" \/>\n<meta property=\"article:modified_time\" content=\"2024-09-30T17:28:43+00:00\" \/>\n<meta property=\"og:image\" content=\"https:\/\/www.jak-s.com\/wp-content\/uploads\/2024\/09\/IMG_7588.jpg\" \/>\n\t<meta property=\"og:image:width\" content=\"1800\" \/>\n\t<meta property=\"og:image:height\" content=\"2400\" \/>\n\t<meta property=\"og:image:type\" content=\"image\/jpeg\" \/>\n<meta name=\"twitter:card\" content=\"summary_large_image\" \/>\n<script type=\"application\/ld+json\" class=\"yoast-schema-graph\">{\"@context\":\"https:\\\/\\\/schema.org\",\"@graph\":[{\"@type\":\"WebPage\",\"@id\":\"https:\\\/\\\/www.jak-s.com\\\/en\\\/produits\\\/fall-2024\\\/accessories-en-5\\\/flowery-scarf\\\/\",\"url\":\"https:\\\/\\\/www.jak-s.com\\\/en\\\/produits\\\/fall-2024\\\/accessories-en-5\\\/flowery-scarf\\\/\",\"name\":\"Flowery scarf - Jak&#039;s | Pr\u00eat-\u00e0-oser | Sacs \u00e0 mains | Boutique en ligne\",\"isPartOf\":{\"@id\":\"https:\\\/\\\/www.jak-s.com\\\/en\\\/#website\"},\"primaryImageOfPage\":{\"@id\":\"https:\\\/\\\/www.jak-s.com\\\/en\\\/produits\\\/fall-2024\\\/accessories-en-5\\\/flowery-scarf\\\/#primaryimage\"},\"image\":{\"@id\":\"https:\\\/\\\/www.jak-s.com\\\/en\\\/produits\\\/fall-2024\\\/accessories-en-5\\\/flowery-scarf\\\/#primaryimage\"},\"thumbnailUrl\":\"https:\\\/\\\/www.jak-s.com\\\/wp-content\\\/uploads\\\/2024\\\/09\\\/Photoroom_20251126_145455.jpeg\",\"datePublished\":\"2024-09-25T15:48:10+00:00\",\"dateModified\":\"2024-09-30T17:28:43+00:00\",\"breadcrumb\":{\"@id\":\"https:\\\/\\\/www.jak-s.com\\\/en\\\/produits\\\/fall-2024\\\/accessories-en-5\\\/flowery-scarf\\\/#breadcrumb\"},\"inLanguage\":\"en-US\",\"potentialAction\":[{\"@type\":\"ReadAction\",\"target\":[\"https:\\\/\\\/www.jak-s.com\\\/en\\\/produits\\\/fall-2024\\\/accessories-en-5\\\/flowery-scarf\\\/\"]}]},{\"@type\":\"ImageObject\",\"inLanguage\":\"en-US\",\"@id\":\"https:\\\/\\\/www.jak-s.com\\\/en\\\/produits\\\/fall-2024\\\/accessories-en-5\\\/flowery-scarf\\\/#primaryimage\",\"url\":\"https:\\\/\\\/www.jak-s.com\\\/wp-content\\\/uploads\\\/2024\\\/09\\\/Photoroom_20251126_145455.jpeg\",\"contentUrl\":\"https:\\\/\\\/www.jak-s.com\\\/wp-content\\\/uploads\\\/2024\\\/09\\\/Photoroom_20251126_145455.jpeg\",\"width\":864,\"height\":621},{\"@type\":\"BreadcrumbList\",\"@id\":\"https:\\\/\\\/www.jak-s.com\\\/en\\\/produits\\\/fall-2024\\\/accessories-en-5\\\/flowery-scarf\\\/#breadcrumb\",\"itemListElement\":[{\"@type\":\"ListItem\",\"position\":1,\"name\":\"Shop\",\"item\":\"https:\\\/\\\/www.jak-s.com\\\/en\\\/shop\\\/\"},{\"@type\":\"ListItem\",\"position\":2,\"name\":\"Fall 2024\",\"item\":\"https:\\\/\\\/www.jak-s.com\\\/en\\\/collections\\\/fall-2024\\\/\"},{\"@type\":\"ListItem\",\"position\":3,\"name\":\"Flowery scarf\"}]},{\"@type\":\"WebSite\",\"@id\":\"https:\\\/\\\/www.jak-s.com\\\/en\\\/#website\",\"url\":\"https:\\\/\\\/www.jak-s.com\\\/en\\\/\",\"name\":\"Jak&#039;s | Pr\u00eat-\u00e0-oser | Sacs \u00e0 mains | Boutique en ligne\",\"description\":\"\",\"publisher\":{\"@id\":\"https:\\\/\\\/www.jak-s.com\\\/en\\\/#organization\"},\"potentialAction\":[{\"@type\":\"SearchAction\",\"target\":{\"@type\":\"EntryPoint\",\"urlTemplate\":\"https:\\\/\\\/www.jak-s.com\\\/en\\\/?s={search_term_string}\"},\"query-input\":{\"@type\":\"PropertyValueSpecification\",\"valueRequired\":true,\"valueName\":\"search_term_string\"}}],\"inLanguage\":\"en-US\"},{\"@type\":\"Organization\",\"@id\":\"https:\\\/\\\/www.jak-s.com\\\/en\\\/#organization\",\"name\":\"Jak's\",\"url\":\"https:\\\/\\\/www.jak-s.com\\\/en\\\/\",\"logo\":{\"@type\":\"ImageObject\",\"inLanguage\":\"en-US\",\"@id\":\"https:\\\/\\\/www.jak-s.com\\\/en\\\/#\\\/schema\\\/logo\\\/image\\\/\",\"url\":\"https:\\\/\\\/www.jak-s.com\\\/wp-content\\\/uploads\\\/2020\\\/10\\\/logo-jaks-fr.png\",\"contentUrl\":\"https:\\\/\\\/www.jak-s.com\\\/wp-content\\\/uploads\\\/2020\\\/10\\\/logo-jaks-fr.png\",\"width\":134,\"height\":134,\"caption\":\"Jak's\"},\"image\":{\"@id\":\"https:\\\/\\\/www.jak-s.com\\\/en\\\/#\\\/schema\\\/logo\\\/image\\\/\"},\"sameAs\":[\"https:\\\/\\\/www.facebook.com\\\/jaks.concours\",\"https:\\\/\\\/www.instagram.com\\\/jaks_sacs_a_mains\\\/\"]}]}<\/script>\n<!-- \/ Yoast SEO plugin. -->","yoast_head_json":{"title":"Flowery scarf - Jak&#039;s | Pr\u00eat-\u00e0-oser | Sacs \u00e0 mains | Boutique en ligne","robots":{"index":"index","follow":"follow","max-snippet":"max-snippet:-1","max-image-preview":"max-image-preview:large","max-video-preview":"max-video-preview:-1"},"canonical":"https:\/\/www.jak-s.com\/en\/produits\/fall-2024\/accessories-en-5\/flowery-scarf\/","og_locale":"en_US","og_type":"article","og_title":"Flowery scarf - Jak&#039;s | Pr\u00eat-\u00e0-oser | Sacs \u00e0 mains | Boutique en ligne","og_description":"Easy to wear, this flowery scarf\u00a0 is distinguished by its soft and warm fabric for the Fall season.  Description : 20% cashmere and 80% acrylic  Cleaning: - Hand washing -Press gently and do not twist - Dry flat","og_url":"https:\/\/www.jak-s.com\/en\/produits\/fall-2024\/accessories-en-5\/flowery-scarf\/","og_site_name":"Jak&#039;s | Pr\u00eat-\u00e0-oser | Sacs \u00e0 mains | Boutique en ligne","article_publisher":"https:\/\/www.facebook.com\/jaks.concours","article_modified_time":"2024-09-30T17:28:43+00:00","og_image":[{"width":1800,"height":2400,"url":"https:\/\/www.jak-s.com\/wp-content\/uploads\/2024\/09\/IMG_7588.jpg","type":"image\/jpeg"}],"twitter_card":"summary_large_image","schema":{"@context":"https:\/\/schema.org","@graph":[{"@type":"WebPage","@id":"https:\/\/www.jak-s.com\/en\/produits\/fall-2024\/accessories-en-5\/flowery-scarf\/","url":"https:\/\/www.jak-s.com\/en\/produits\/fall-2024\/accessories-en-5\/flowery-scarf\/","name":"Flowery scarf - Jak&#039;s | Pr\u00eat-\u00e0-oser | Sacs \u00e0 mains | Boutique en ligne","isPartOf":{"@id":"https:\/\/www.jak-s.com\/en\/#website"},"primaryImageOfPage":{"@id":"https:\/\/www.jak-s.com\/en\/produits\/fall-2024\/accessories-en-5\/flowery-scarf\/#primaryimage"},"image":{"@id":"https:\/\/www.jak-s.com\/en\/produits\/fall-2024\/accessories-en-5\/flowery-scarf\/#primaryimage"},"thumbnailUrl":"https:\/\/www.jak-s.com\/wp-content\/uploads\/2024\/09\/Photoroom_20251126_145455.jpeg","datePublished":"2024-09-25T15:48:10+00:00","dateModified":"2024-09-30T17:28:43+00:00","breadcrumb":{"@id":"https:\/\/www.jak-s.com\/en\/produits\/fall-2024\/accessories-en-5\/flowery-scarf\/#breadcrumb"},"inLanguage":"en-US","potentialAction":[{"@type":"ReadAction","target":["https:\/\/www.jak-s.com\/en\/produits\/fall-2024\/accessories-en-5\/flowery-scarf\/"]}]},{"@type":"ImageObject","inLanguage":"en-US","@id":"https:\/\/www.jak-s.com\/en\/produits\/fall-2024\/accessories-en-5\/flowery-scarf\/#primaryimage","url":"https:\/\/www.jak-s.com\/wp-content\/uploads\/2024\/09\/Photoroom_20251126_145455.jpeg","contentUrl":"https:\/\/www.jak-s.com\/wp-content\/uploads\/2024\/09\/Photoroom_20251126_145455.jpeg","width":864,"height":621},{"@type":"BreadcrumbList","@id":"https:\/\/www.jak-s.com\/en\/produits\/fall-2024\/accessories-en-5\/flowery-scarf\/#breadcrumb","itemListElement":[{"@type":"ListItem","position":1,"name":"Shop","item":"https:\/\/www.jak-s.com\/en\/shop\/"},{"@type":"ListItem","position":2,"name":"Fall 2024","item":"https:\/\/www.jak-s.com\/en\/collections\/fall-2024\/"},{"@type":"ListItem","position":3,"name":"Flowery scarf"}]},{"@type":"WebSite","@id":"https:\/\/www.jak-s.com\/en\/#website","url":"https:\/\/www.jak-s.com\/en\/","name":"Jak&#039;s | Pr\u00eat-\u00e0-oser | Sacs \u00e0 mains | Boutique en ligne","description":"","publisher":{"@id":"https:\/\/www.jak-s.com\/en\/#organization"},"potentialAction":[{"@type":"SearchAction","target":{"@type":"EntryPoint","urlTemplate":"https:\/\/www.jak-s.com\/en\/?s={search_term_string}"},"query-input":{"@type":"PropertyValueSpecification","valueRequired":true,"valueName":"search_term_string"}}],"inLanguage":"en-US"},{"@type":"Organization","@id":"https:\/\/www.jak-s.com\/en\/#organization","name":"Jak's","url":"https:\/\/www.jak-s.com\/en\/","logo":{"@type":"ImageObject","inLanguage":"en-US","@id":"https:\/\/www.jak-s.com\/en\/#\/schema\/logo\/image\/","url":"https:\/\/www.jak-s.com\/wp-content\/uploads\/2020\/10\/logo-jaks-fr.png","contentUrl":"https:\/\/www.jak-s.com\/wp-content\/uploads\/2020\/10\/logo-jaks-fr.png","width":134,"height":134,"caption":"Jak's"},"image":{"@id":"https:\/\/www.jak-s.com\/en\/#\/schema\/logo\/image\/"},"sameAs":["https:\/\/www.facebook.com\/jaks.concours","https:\/\/www.instagram.com\/jaks_sacs_a_mains\/"]}]}},"_links":{"self":[{"href":"https:\/\/www.jak-s.com\/en\/wp-json\/wp\/v2\/product\/37185","targetHints":{"allow":["GET"]}}],"collection":[{"href":"https:\/\/www.jak-s.com\/en\/wp-json\/wp\/v2\/product"}],"about":[{"href":"https:\/\/www.jak-s.com\/en\/wp-json\/wp\/v2\/types\/product"}],"replies":[{"embeddable":true,"href":"https:\/\/www.jak-s.com\/en\/wp-json\/wp\/v2\/comments?post=37185"}],"wp:featuredmedia":[{"embeddable":true,"href":"https:\/\/www.jak-s.com\/en\/wp-json\/wp\/v2\/media\/39975"}],"wp:attachment":[{"href":"https:\/\/www.jak-s.com\/en\/wp-json\/wp\/v2\/media?parent=37185"}],"wp:term":[{"taxonomy":"product_brand","embeddable":true,"href":"https:\/\/www.jak-s.com\/en\/wp-json\/wp\/v2\/product_brand?post=37185"},{"taxonomy":"product_cat","embeddable":true,"href":"https:\/\/www.jak-s.com\/en\/wp-json\/wp\/v2\/product_cat?post=37185"},{"taxonomy":"product_tag","embeddable":true,"href":"https:\/\/www.jak-s.com\/en\/wp-json\/wp\/v2\/product_tag?post=37185"}],"curies":[{"name":"wp","href":"https:\/\/api.w.org\/{rel}","templated":true}]}}