{"id":34213,"date":"2023-12-19T12:36:49","date_gmt":"2023-12-19T17:36:49","guid":{"rendered":"https:\/\/www.jak-s.com\/produits\/uncategorized\/burle\/"},"modified":"2025-07-03T15:00:16","modified_gmt":"2025-07-03T19:00:16","slug":"burle","status":"publish","type":"product","link":"https:\/\/www.jak-s.com\/en\/produits\/spring-2024\/cross-body-bag-en-6\/burle\/","title":{"rendered":"Burle"},"content":{"rendered":"","protected":false},"excerpt":{"rendered":"<p>This pretty painted shoulder bag is perfect to follow you every day with style and originality.<\/p>\n<ul>\n<li>Adjustable shoulder strap<\/li>\n<li>Exterior zippered pocket at the back<\/li>\n<li>Interior zippered pocket<\/li>\n<li>Interior pocket with elastic<\/li>\n<li>Key clip<\/li>\n<li>Machine washable<\/li>\n<\/ul>\n","protected":false},"featured_media":38647,"comment_status":"open","ping_status":"closed","template":"","meta":[],"product_brand":[],"product_cat":[1204,1014,204,1202],"product_tag":[],"class_list":{"0":"post-34213","1":"product","2":"type-product","3":"status-publish","4":"has-post-thumbnail","6":"product_cat-cross-body-bag-en-6","7":"product_cat-cross-body-bag","8":"product_cat-sales","9":"product_cat-spring-2024","11":"first","12":"instock","13":"taxable","14":"shipping-taxable","15":"product-type-variable"},"yoast_head":"<!-- This site is optimized with the Yoast SEO plugin v27.3 - https:\/\/yoast.com\/product\/yoast-seo-wordpress\/ -->\n<title>Burle - Jak&#039;s | Pr\u00eat-\u00e0-oser | Sacs \u00e0 mains | Boutique en ligne<\/title>\n<meta name=\"robots\" content=\"index, follow, max-snippet:-1, max-image-preview:large, max-video-preview:-1\" \/>\n<link rel=\"canonical\" href=\"https:\/\/www.jak-s.com\/en\/produits\/spring-2024\/cross-body-bag-en-6\/burle\/\" \/>\n<meta property=\"og:locale\" content=\"en_US\" \/>\n<meta property=\"og:type\" content=\"article\" \/>\n<meta property=\"og:title\" content=\"Burle - Jak&#039;s | Pr\u00eat-\u00e0-oser | Sacs \u00e0 mains | Boutique en ligne\" \/>\n<meta property=\"og:description\" content=\"This pretty painted shoulder bag is perfect to follow you every day with style and originality.  Adjustable shoulder strap  Exterior zippered pocket at the back  Interior zippered pocket  Interior pocket with elastic  Key clip  Machine washable\" \/>\n<meta property=\"og:url\" content=\"https:\/\/www.jak-s.com\/en\/produits\/spring-2024\/cross-body-bag-en-6\/burle\/\" \/>\n<meta property=\"og:site_name\" content=\"Jak&#039;s | Pr\u00eat-\u00e0-oser | Sacs \u00e0 mains | Boutique en ligne\" \/>\n<meta property=\"article:publisher\" content=\"https:\/\/www.facebook.com\/jaks.concours\" \/>\n<meta property=\"article:modified_time\" content=\"2025-07-03T19:00:16+00:00\" \/>\n<meta property=\"og:image\" content=\"https:\/\/www.jak-s.com\/wp-content\/uploads\/2023\/12\/JAK-356-scaled.jpg\" \/>\n\t<meta property=\"og:image:width\" content=\"1709\" \/>\n\t<meta property=\"og:image:height\" content=\"2560\" \/>\n\t<meta property=\"og:image:type\" content=\"image\/jpeg\" \/>\n<meta name=\"twitter:card\" content=\"summary_large_image\" \/>\n<script type=\"application\/ld+json\" class=\"yoast-schema-graph\">{\"@context\":\"https:\\\/\\\/schema.org\",\"@graph\":[{\"@type\":\"WebPage\",\"@id\":\"https:\\\/\\\/www.jak-s.com\\\/en\\\/produits\\\/spring-2024\\\/cross-body-bag-en-6\\\/burle\\\/\",\"url\":\"https:\\\/\\\/www.jak-s.com\\\/en\\\/produits\\\/spring-2024\\\/cross-body-bag-en-6\\\/burle\\\/\",\"name\":\"Burle - Jak&#039;s | Pr\u00eat-\u00e0-oser | Sacs \u00e0 mains | Boutique en ligne\",\"isPartOf\":{\"@id\":\"https:\\\/\\\/www.jak-s.com\\\/en\\\/#website\"},\"primaryImageOfPage\":{\"@id\":\"https:\\\/\\\/www.jak-s.com\\\/en\\\/produits\\\/spring-2024\\\/cross-body-bag-en-6\\\/burle\\\/#primaryimage\"},\"image\":{\"@id\":\"https:\\\/\\\/www.jak-s.com\\\/en\\\/produits\\\/spring-2024\\\/cross-body-bag-en-6\\\/burle\\\/#primaryimage\"},\"thumbnailUrl\":\"https:\\\/\\\/www.jak-s.com\\\/wp-content\\\/uploads\\\/2023\\\/12\\\/JAK-356-scaled.jpg\",\"datePublished\":\"2023-12-19T17:36:49+00:00\",\"dateModified\":\"2025-07-03T19:00:16+00:00\",\"breadcrumb\":{\"@id\":\"https:\\\/\\\/www.jak-s.com\\\/en\\\/produits\\\/spring-2024\\\/cross-body-bag-en-6\\\/burle\\\/#breadcrumb\"},\"inLanguage\":\"en-US\",\"potentialAction\":[{\"@type\":\"ReadAction\",\"target\":[\"https:\\\/\\\/www.jak-s.com\\\/en\\\/produits\\\/spring-2024\\\/cross-body-bag-en-6\\\/burle\\\/\"]}]},{\"@type\":\"ImageObject\",\"inLanguage\":\"en-US\",\"@id\":\"https:\\\/\\\/www.jak-s.com\\\/en\\\/produits\\\/spring-2024\\\/cross-body-bag-en-6\\\/burle\\\/#primaryimage\",\"url\":\"https:\\\/\\\/www.jak-s.com\\\/wp-content\\\/uploads\\\/2023\\\/12\\\/JAK-356-scaled.jpg\",\"contentUrl\":\"https:\\\/\\\/www.jak-s.com\\\/wp-content\\\/uploads\\\/2023\\\/12\\\/JAK-356-scaled.jpg\",\"width\":1709,\"height\":2560},{\"@type\":\"BreadcrumbList\",\"@id\":\"https:\\\/\\\/www.jak-s.com\\\/en\\\/produits\\\/spring-2024\\\/cross-body-bag-en-6\\\/burle\\\/#breadcrumb\",\"itemListElement\":[{\"@type\":\"ListItem\",\"position\":1,\"name\":\"Shop\",\"item\":\"https:\\\/\\\/www.jak-s.com\\\/en\\\/shop\\\/\"},{\"@type\":\"ListItem\",\"position\":2,\"name\":\"Spring 2024\",\"item\":\"https:\\\/\\\/www.jak-s.com\\\/en\\\/collections\\\/spring-2024\\\/\"},{\"@type\":\"ListItem\",\"position\":3,\"name\":\"Cross body bag\",\"item\":\"https:\\\/\\\/www.jak-s.com\\\/en\\\/collections\\\/spring-2024\\\/cross-body-bag-en-6\\\/\"},{\"@type\":\"ListItem\",\"position\":4,\"name\":\"Burle\"}]},{\"@type\":\"WebSite\",\"@id\":\"https:\\\/\\\/www.jak-s.com\\\/en\\\/#website\",\"url\":\"https:\\\/\\\/www.jak-s.com\\\/en\\\/\",\"name\":\"Jak&#039;s | Pr\u00eat-\u00e0-oser | Sacs \u00e0 mains | Boutique en ligne\",\"description\":\"\",\"publisher\":{\"@id\":\"https:\\\/\\\/www.jak-s.com\\\/en\\\/#organization\"},\"potentialAction\":[{\"@type\":\"SearchAction\",\"target\":{\"@type\":\"EntryPoint\",\"urlTemplate\":\"https:\\\/\\\/www.jak-s.com\\\/en\\\/?s={search_term_string}\"},\"query-input\":{\"@type\":\"PropertyValueSpecification\",\"valueRequired\":true,\"valueName\":\"search_term_string\"}}],\"inLanguage\":\"en-US\"},{\"@type\":\"Organization\",\"@id\":\"https:\\\/\\\/www.jak-s.com\\\/en\\\/#organization\",\"name\":\"Jak's\",\"url\":\"https:\\\/\\\/www.jak-s.com\\\/en\\\/\",\"logo\":{\"@type\":\"ImageObject\",\"inLanguage\":\"en-US\",\"@id\":\"https:\\\/\\\/www.jak-s.com\\\/en\\\/#\\\/schema\\\/logo\\\/image\\\/\",\"url\":\"https:\\\/\\\/www.jak-s.com\\\/wp-content\\\/uploads\\\/2020\\\/10\\\/logo-jaks-fr.png\",\"contentUrl\":\"https:\\\/\\\/www.jak-s.com\\\/wp-content\\\/uploads\\\/2020\\\/10\\\/logo-jaks-fr.png\",\"width\":134,\"height\":134,\"caption\":\"Jak's\"},\"image\":{\"@id\":\"https:\\\/\\\/www.jak-s.com\\\/en\\\/#\\\/schema\\\/logo\\\/image\\\/\"},\"sameAs\":[\"https:\\\/\\\/www.facebook.com\\\/jaks.concours\",\"https:\\\/\\\/www.instagram.com\\\/jaks_sacs_a_mains\\\/\"]}]}<\/script>\n<!-- \/ Yoast SEO plugin. -->","yoast_head_json":{"title":"Burle - Jak&#039;s | Pr\u00eat-\u00e0-oser | Sacs \u00e0 mains | Boutique en ligne","robots":{"index":"index","follow":"follow","max-snippet":"max-snippet:-1","max-image-preview":"max-image-preview:large","max-video-preview":"max-video-preview:-1"},"canonical":"https:\/\/www.jak-s.com\/en\/produits\/spring-2024\/cross-body-bag-en-6\/burle\/","og_locale":"en_US","og_type":"article","og_title":"Burle - Jak&#039;s | Pr\u00eat-\u00e0-oser | Sacs \u00e0 mains | Boutique en ligne","og_description":"This pretty painted shoulder bag is perfect to follow you every day with style and originality.  Adjustable shoulder strap  Exterior zippered pocket at the back  Interior zippered pocket  Interior pocket with elastic  Key clip  Machine washable","og_url":"https:\/\/www.jak-s.com\/en\/produits\/spring-2024\/cross-body-bag-en-6\/burle\/","og_site_name":"Jak&#039;s | Pr\u00eat-\u00e0-oser | Sacs \u00e0 mains | Boutique en ligne","article_publisher":"https:\/\/www.facebook.com\/jaks.concours","article_modified_time":"2025-07-03T19:00:16+00:00","og_image":[{"width":1709,"height":2560,"url":"https:\/\/www.jak-s.com\/wp-content\/uploads\/2023\/12\/JAK-356-scaled.jpg","type":"image\/jpeg"}],"twitter_card":"summary_large_image","schema":{"@context":"https:\/\/schema.org","@graph":[{"@type":"WebPage","@id":"https:\/\/www.jak-s.com\/en\/produits\/spring-2024\/cross-body-bag-en-6\/burle\/","url":"https:\/\/www.jak-s.com\/en\/produits\/spring-2024\/cross-body-bag-en-6\/burle\/","name":"Burle - Jak&#039;s | Pr\u00eat-\u00e0-oser | Sacs \u00e0 mains | Boutique en ligne","isPartOf":{"@id":"https:\/\/www.jak-s.com\/en\/#website"},"primaryImageOfPage":{"@id":"https:\/\/www.jak-s.com\/en\/produits\/spring-2024\/cross-body-bag-en-6\/burle\/#primaryimage"},"image":{"@id":"https:\/\/www.jak-s.com\/en\/produits\/spring-2024\/cross-body-bag-en-6\/burle\/#primaryimage"},"thumbnailUrl":"https:\/\/www.jak-s.com\/wp-content\/uploads\/2023\/12\/JAK-356-scaled.jpg","datePublished":"2023-12-19T17:36:49+00:00","dateModified":"2025-07-03T19:00:16+00:00","breadcrumb":{"@id":"https:\/\/www.jak-s.com\/en\/produits\/spring-2024\/cross-body-bag-en-6\/burle\/#breadcrumb"},"inLanguage":"en-US","potentialAction":[{"@type":"ReadAction","target":["https:\/\/www.jak-s.com\/en\/produits\/spring-2024\/cross-body-bag-en-6\/burle\/"]}]},{"@type":"ImageObject","inLanguage":"en-US","@id":"https:\/\/www.jak-s.com\/en\/produits\/spring-2024\/cross-body-bag-en-6\/burle\/#primaryimage","url":"https:\/\/www.jak-s.com\/wp-content\/uploads\/2023\/12\/JAK-356-scaled.jpg","contentUrl":"https:\/\/www.jak-s.com\/wp-content\/uploads\/2023\/12\/JAK-356-scaled.jpg","width":1709,"height":2560},{"@type":"BreadcrumbList","@id":"https:\/\/www.jak-s.com\/en\/produits\/spring-2024\/cross-body-bag-en-6\/burle\/#breadcrumb","itemListElement":[{"@type":"ListItem","position":1,"name":"Shop","item":"https:\/\/www.jak-s.com\/en\/shop\/"},{"@type":"ListItem","position":2,"name":"Spring 2024","item":"https:\/\/www.jak-s.com\/en\/collections\/spring-2024\/"},{"@type":"ListItem","position":3,"name":"Cross body bag","item":"https:\/\/www.jak-s.com\/en\/collections\/spring-2024\/cross-body-bag-en-6\/"},{"@type":"ListItem","position":4,"name":"Burle"}]},{"@type":"WebSite","@id":"https:\/\/www.jak-s.com\/en\/#website","url":"https:\/\/www.jak-s.com\/en\/","name":"Jak&#039;s | Pr\u00eat-\u00e0-oser | Sacs \u00e0 mains | Boutique en ligne","description":"","publisher":{"@id":"https:\/\/www.jak-s.com\/en\/#organization"},"potentialAction":[{"@type":"SearchAction","target":{"@type":"EntryPoint","urlTemplate":"https:\/\/www.jak-s.com\/en\/?s={search_term_string}"},"query-input":{"@type":"PropertyValueSpecification","valueRequired":true,"valueName":"search_term_string"}}],"inLanguage":"en-US"},{"@type":"Organization","@id":"https:\/\/www.jak-s.com\/en\/#organization","name":"Jak's","url":"https:\/\/www.jak-s.com\/en\/","logo":{"@type":"ImageObject","inLanguage":"en-US","@id":"https:\/\/www.jak-s.com\/en\/#\/schema\/logo\/image\/","url":"https:\/\/www.jak-s.com\/wp-content\/uploads\/2020\/10\/logo-jaks-fr.png","contentUrl":"https:\/\/www.jak-s.com\/wp-content\/uploads\/2020\/10\/logo-jaks-fr.png","width":134,"height":134,"caption":"Jak's"},"image":{"@id":"https:\/\/www.jak-s.com\/en\/#\/schema\/logo\/image\/"},"sameAs":["https:\/\/www.facebook.com\/jaks.concours","https:\/\/www.instagram.com\/jaks_sacs_a_mains\/"]}]}},"_links":{"self":[{"href":"https:\/\/www.jak-s.com\/en\/wp-json\/wp\/v2\/product\/34213","targetHints":{"allow":["GET"]}}],"collection":[{"href":"https:\/\/www.jak-s.com\/en\/wp-json\/wp\/v2\/product"}],"about":[{"href":"https:\/\/www.jak-s.com\/en\/wp-json\/wp\/v2\/types\/product"}],"replies":[{"embeddable":true,"href":"https:\/\/www.jak-s.com\/en\/wp-json\/wp\/v2\/comments?post=34213"}],"wp:featuredmedia":[{"embeddable":true,"href":"https:\/\/www.jak-s.com\/en\/wp-json\/wp\/v2\/media\/38647"}],"wp:attachment":[{"href":"https:\/\/www.jak-s.com\/en\/wp-json\/wp\/v2\/media?parent=34213"}],"wp:term":[{"taxonomy":"product_brand","embeddable":true,"href":"https:\/\/www.jak-s.com\/en\/wp-json\/wp\/v2\/product_brand?post=34213"},{"taxonomy":"product_cat","embeddable":true,"href":"https:\/\/www.jak-s.com\/en\/wp-json\/wp\/v2\/product_cat?post=34213"},{"taxonomy":"product_tag","embeddable":true,"href":"https:\/\/www.jak-s.com\/en\/wp-json\/wp\/v2\/product_tag?post=34213"}],"curies":[{"name":"wp","href":"https:\/\/api.w.org\/{rel}","templated":true}]}}