{"id":8181,"date":"2020-10-20T13:12:09","date_gmt":"2020-10-20T11:12:09","guid":{"rendered":"https:\/\/jakswc.espacedev2.com\/a-propos\/"},"modified":"2023-01-31T13:49:09","modified_gmt":"2023-01-31T18:49:09","slug":"a-propos","status":"publish","type":"page","link":"https:\/\/www.jak-s.com\/en\/a-propos\/","title":{"rendered":"About"},"content":{"rendered":"\n<p class=\"has-2-top-margin\">JAK\u2019S is the adventure of two sisters, Karine and Sophie Dionne, who share a passion for fashion and design. So much so that, together, they gave up careers in engineering and international business in order to pursue their dream and true calling as fashion designers, adopting a Ready-to-Dare attitude. A combination of business savvy, talent and drive helped the creative duo quickly make a name for themselves in the fashion industry.<\/p>\n\n\n\n<div class=\"wp-block-columns has-no-gap is-layout-flex wp-container-core-columns-is-layout-28f84493 wp-block-columns-is-layout-flex\">\n<div class=\"wp-block-column is-layout-flow wp-block-column-is-layout-flow\" style=\"flex-basis:65%\">\n<figure class=\"wp-block-image size-full is-full-width\"><img loading=\"lazy\" decoding=\"async\" width=\"578\" height=\"437\" src=\"https:\/\/www.jak-s.com\/wp-content\/uploads\/2023\/01\/about.jpg\" alt=\"\" class=\"wp-image-8155\"\/><\/figure>\n<\/div>\n\n\n\n<div class=\"wp-block-column is-layout-flow wp-block-column-is-layout-flow\" style=\"flex-basis:35%\">\n<div class=\"floating-content has-blue-bg\">\n\t\t\t\t<div class=\"floating-content-inner\">\n\t\t\t\t\t<div class=\"floating-content-paragraph\"><p>JAK\u2019S has since become a sought-after brand, an artful blend of originality, style, elegance and function. The perseverance and drive of the Dionne sisters and their team has placed JAK\u2019S products in over 200 stores across the country.<\/p>\n<\/div>\n\t\t\t\t<\/div>\n\t\t\t<\/div>\n<\/div>\n<\/div>\n\n\n\n<p class=\"has-1-top-margin\">Authenticity, passion and simplicity. These values have accompanied the brand since it was created and are crafted into every uniquely crafted JAK\u2019S handbag\u2026 a tribute to the very philosophy behind the company\u2019s success.<\/p>\n\n\n\n<h1 class=\"wp-block-heading\">Uniquely crafted<\/h1>\n\n\n\n<div class=\"wp-block-columns has-1-top-margin is-layout-flex wp-container-core-columns-is-layout-28f84493 wp-block-columns-is-layout-flex\">\n<div class=\"wp-block-column is-layout-flow wp-block-column-is-layout-flow\" style=\"flex-basis:65%\">\n<p>When Karine and Sophie Dionne met Madame Phuong in Vietnam in 2002, they knew it was a business match made in heaven! The three women share the same work ethics and values as well as a common passion for quality and workmanship.<\/p>\n\n\n\n<p> <\/p>\n\n\n\n<figure class=\"wp-block-image size-large\"><img loading=\"lazy\" decoding=\"async\" width=\"800\" height=\"534\" src=\"https:\/\/www.jak-s.com\/wp-content\/uploads\/2020\/11\/IMG_7003_0.jpeg\" alt=\"\" class=\"wp-image-8158\" srcset=\"https:\/\/www.jak-s.com\/wp-content\/uploads\/2020\/11\/IMG_7003_0.jpeg 800w, https:\/\/www.jak-s.com\/wp-content\/uploads\/2020\/11\/IMG_7003_0-300x200.jpeg 300w, https:\/\/www.jak-s.com\/wp-content\/uploads\/2020\/11\/IMG_7003_0-768x513.jpeg 768w, https:\/\/www.jak-s.com\/wp-content\/uploads\/2020\/11\/IMG_7003_0-457x305.jpeg 457w\" sizes=\"auto, (max-width: 800px) 100vw, 800px\" \/><\/figure>\n<\/div>\n\n\n\n<div class=\"wp-block-column is-vertically-aligned-top is-layout-flow wp-block-column-is-layout-flow\" style=\"flex-basis:35%\">\n<figure class=\"wp-block-gallery columns-2 is-cropped wp-block-gallery-1 is-layout-flex wp-block-gallery-is-layout-flex\"><ul class=\"blocks-gallery-grid\"><li class=\"blocks-gallery-item\"><figure><a href=\"https:\/\/www.jak-s.com\/wp-content\/uploads\/2020\/11\/IMG_6942_0.jpeg\"><img loading=\"lazy\" decoding=\"async\" width=\"800\" height=\"534\" src=\"https:\/\/www.jak-s.com\/wp-content\/uploads\/2020\/11\/IMG_6942_0.jpeg\" alt=\"\" data-id=\"8159\" data-link=\"https:\/\/jakswc.espacedev2.com\/a-propos\/img_6942_0\/\" class=\"wp-image-8160\" srcset=\"https:\/\/www.jak-s.com\/wp-content\/uploads\/2020\/11\/IMG_6942_0.jpeg 800w, https:\/\/www.jak-s.com\/wp-content\/uploads\/2020\/11\/IMG_6942_0-300x200.jpeg 300w, https:\/\/www.jak-s.com\/wp-content\/uploads\/2020\/11\/IMG_6942_0-768x513.jpeg 768w, https:\/\/www.jak-s.com\/wp-content\/uploads\/2020\/11\/IMG_6942_0-457x305.jpeg 457w\" sizes=\"auto, (max-width: 800px) 100vw, 800px\" \/><\/a><\/figure><\/li><li class=\"blocks-gallery-item\"><figure><a href=\"https:\/\/www.jak-s.com\/wp-content\/uploads\/2020\/11\/IMG_6957_0.jpeg\"><img loading=\"lazy\" decoding=\"async\" width=\"800\" height=\"534\" src=\"https:\/\/www.jak-s.com\/wp-content\/uploads\/2020\/11\/IMG_6957_0.jpeg\" alt=\"\" data-id=\"8161\" data-link=\"https:\/\/jakswc.espacedev2.com\/a-propos\/img_6957_0\/\" class=\"wp-image-8162\" srcset=\"https:\/\/www.jak-s.com\/wp-content\/uploads\/2020\/11\/IMG_6957_0.jpeg 800w, https:\/\/www.jak-s.com\/wp-content\/uploads\/2020\/11\/IMG_6957_0-300x200.jpeg 300w, https:\/\/www.jak-s.com\/wp-content\/uploads\/2020\/11\/IMG_6957_0-768x513.jpeg 768w, https:\/\/www.jak-s.com\/wp-content\/uploads\/2020\/11\/IMG_6957_0-457x305.jpeg 457w\" sizes=\"auto, (max-width: 800px) 100vw, 800px\" \/><\/a><\/figure><\/li><li class=\"blocks-gallery-item\"><figure><a href=\"https:\/\/www.jak-s.com\/wp-content\/uploads\/2020\/11\/IMG_6965.jpeg\"><img loading=\"lazy\" decoding=\"async\" width=\"800\" height=\"534\" src=\"https:\/\/www.jak-s.com\/wp-content\/uploads\/2020\/11\/IMG_6965.jpeg\" alt=\"\" data-id=\"8163\" data-full-url=\"https:\/\/www.jak-s.com\/wp-content\/uploads\/2020\/11\/IMG_6965.jpeg\" data-link=\"https:\/\/jakswc.espacedev2.com\/a-propos\/img_6965\/\" class=\"wp-image-8164\" srcset=\"https:\/\/www.jak-s.com\/wp-content\/uploads\/2020\/11\/IMG_6965.jpeg 800w, https:\/\/www.jak-s.com\/wp-content\/uploads\/2020\/11\/IMG_6965-300x200.jpeg 300w, https:\/\/www.jak-s.com\/wp-content\/uploads\/2020\/11\/IMG_6965-768x513.jpeg 768w, https:\/\/www.jak-s.com\/wp-content\/uploads\/2020\/11\/IMG_6965-457x305.jpeg 457w\" sizes=\"auto, (max-width: 800px) 100vw, 800px\" \/><\/a><\/figure><\/li><li class=\"blocks-gallery-item\"><figure><a href=\"https:\/\/www.jak-s.com\/wp-content\/uploads\/2020\/11\/IMG_6987.jpeg\"><img loading=\"lazy\" decoding=\"async\" width=\"800\" height=\"534\" src=\"https:\/\/www.jak-s.com\/wp-content\/uploads\/2020\/11\/IMG_6987.jpeg\" alt=\"\" data-id=\"8165\" data-full-url=\"https:\/\/www.jak-s.com\/wp-content\/uploads\/2020\/11\/IMG_6987.jpeg\" data-link=\"https:\/\/jakswc.espacedev2.com\/a-propos\/img_6987\/\" class=\"wp-image-8166\" srcset=\"https:\/\/www.jak-s.com\/wp-content\/uploads\/2020\/11\/IMG_6987.jpeg 800w, https:\/\/www.jak-s.com\/wp-content\/uploads\/2020\/11\/IMG_6987-300x200.jpeg 300w, https:\/\/www.jak-s.com\/wp-content\/uploads\/2020\/11\/IMG_6987-768x513.jpeg 768w, https:\/\/www.jak-s.com\/wp-content\/uploads\/2020\/11\/IMG_6987-457x305.jpeg 457w\" sizes=\"auto, (max-width: 800px) 100vw, 800px\" \/><\/a><\/figure><\/li><li class=\"blocks-gallery-item\"><figure><a href=\"https:\/\/www.jak-s.com\/wp-content\/uploads\/2020\/11\/IMG_7012_0.jpeg\"><img loading=\"lazy\" decoding=\"async\" width=\"800\" height=\"534\" src=\"https:\/\/www.jak-s.com\/wp-content\/uploads\/2020\/11\/IMG_7012_0.jpeg\" alt=\"\" data-id=\"8167\" data-full-url=\"https:\/\/www.jak-s.com\/wp-content\/uploads\/2020\/11\/IMG_7012_0.jpeg\" data-link=\"https:\/\/jakswc.espacedev2.com\/a-propos\/img_7012_0\/\" class=\"wp-image-8168\" srcset=\"https:\/\/www.jak-s.com\/wp-content\/uploads\/2020\/11\/IMG_7012_0.jpeg 800w, https:\/\/www.jak-s.com\/wp-content\/uploads\/2020\/11\/IMG_7012_0-300x200.jpeg 300w, https:\/\/www.jak-s.com\/wp-content\/uploads\/2020\/11\/IMG_7012_0-768x513.jpeg 768w, https:\/\/www.jak-s.com\/wp-content\/uploads\/2020\/11\/IMG_7012_0-457x305.jpeg 457w\" sizes=\"auto, (max-width: 800px) 100vw, 800px\" \/><\/a><\/figure><\/li><\/ul><\/figure>\n\n\n\n<p>Madame Phuong\u2019s drive, integrity and love for her craft have been a constant inspiration for JAK\u2019S, making this remarkable woman a central part of JAK\u2019S growth.<\/p>\n<\/div>\n<\/div>\n","protected":false},"excerpt":{"rendered":"<p>JAK\u2019S is the adventure of two sisters, Karine and Sophie Dionne, who share a passion for fashion and design. So much so that, together, they gave up careers in engineering and international business in order to pursue their dream and true calling as fashion designers, adopting a Ready-to-Dare attitude. A combination of business savvy, talent [&hellip;]<\/p>\n","protected":false},"author":1,"featured_media":0,"parent":0,"menu_order":0,"comment_status":"closed","ping_status":"closed","template":"","meta":{"footnotes":""},"class_list":["post-8181","page","type-page","status-publish","hentry"],"yoast_head":"<!-- This site is optimized with the Yoast SEO plugin v27.3 - https:\/\/yoast.com\/product\/yoast-seo-wordpress\/ -->\n<title>About - Jak&#039;s | Pr\u00eat-\u00e0-oser | Sacs \u00e0 mains | Boutique en ligne<\/title>\n<meta name=\"robots\" content=\"index, follow, max-snippet:-1, max-image-preview:large, max-video-preview:-1\" \/>\n<link rel=\"canonical\" href=\"https:\/\/www.jak-s.com\/en\/a-propos\/\" \/>\n<meta property=\"og:locale\" content=\"en_US\" \/>\n<meta property=\"og:type\" content=\"article\" \/>\n<meta property=\"og:title\" content=\"About - Jak&#039;s | Pr\u00eat-\u00e0-oser | Sacs \u00e0 mains | Boutique en ligne\" \/>\n<meta property=\"og:description\" content=\"JAK\u2019S is the adventure of two sisters, Karine and Sophie Dionne, who share a passion for fashion and design. So much so that, together, they gave up careers in engineering and international business in order to pursue their dream and true calling as fashion designers, adopting a Ready-to-Dare attitude. A combination of business savvy, talent [&hellip;]\" \/>\n<meta property=\"og:url\" content=\"https:\/\/www.jak-s.com\/en\/a-propos\/\" \/>\n<meta property=\"og:site_name\" content=\"Jak&#039;s | Pr\u00eat-\u00e0-oser | Sacs \u00e0 mains | Boutique en ligne\" \/>\n<meta property=\"article:publisher\" content=\"https:\/\/www.facebook.com\/jaks.concours\" \/>\n<meta property=\"article:modified_time\" content=\"2023-01-31T18:49:09+00:00\" \/>\n<meta property=\"og:image\" content=\"https:\/\/www.jak-s.com\/wp-content\/uploads\/2023\/01\/about.jpg\" \/>\n<meta name=\"twitter:card\" content=\"summary_large_image\" \/>\n<meta name=\"twitter:label1\" content=\"Est. reading time\" \/>\n\t<meta name=\"twitter:data1\" content=\"3 minutes\" \/>\n<script type=\"application\/ld+json\" class=\"yoast-schema-graph\">{\"@context\":\"https:\\\/\\\/schema.org\",\"@graph\":[{\"@type\":\"WebPage\",\"@id\":\"https:\\\/\\\/www.jak-s.com\\\/en\\\/a-propos\\\/\",\"url\":\"https:\\\/\\\/www.jak-s.com\\\/en\\\/a-propos\\\/\",\"name\":\"About - Jak&#039;s | Pr\u00eat-\u00e0-oser | Sacs \u00e0 mains | Boutique en ligne\",\"isPartOf\":{\"@id\":\"https:\\\/\\\/www.jak-s.com\\\/en\\\/#website\"},\"primaryImageOfPage\":{\"@id\":\"https:\\\/\\\/www.jak-s.com\\\/en\\\/a-propos\\\/#primaryimage\"},\"image\":{\"@id\":\"https:\\\/\\\/www.jak-s.com\\\/en\\\/a-propos\\\/#primaryimage\"},\"thumbnailUrl\":\"https:\\\/\\\/www.jak-s.com\\\/wp-content\\\/uploads\\\/2023\\\/01\\\/about.jpg\",\"datePublished\":\"2020-10-20T11:12:09+00:00\",\"dateModified\":\"2023-01-31T18:49:09+00:00\",\"inLanguage\":\"en-US\",\"potentialAction\":[{\"@type\":\"ReadAction\",\"target\":[\"https:\\\/\\\/www.jak-s.com\\\/en\\\/a-propos\\\/\"]}]},{\"@type\":\"ImageObject\",\"inLanguage\":\"en-US\",\"@id\":\"https:\\\/\\\/www.jak-s.com\\\/en\\\/a-propos\\\/#primaryimage\",\"url\":\"https:\\\/\\\/www.jak-s.com\\\/wp-content\\\/uploads\\\/2023\\\/01\\\/about.jpg\",\"contentUrl\":\"https:\\\/\\\/www.jak-s.com\\\/wp-content\\\/uploads\\\/2023\\\/01\\\/about.jpg\"},{\"@type\":\"WebSite\",\"@id\":\"https:\\\/\\\/www.jak-s.com\\\/en\\\/#website\",\"url\":\"https:\\\/\\\/www.jak-s.com\\\/en\\\/\",\"name\":\"Jak&#039;s | Pr\u00eat-\u00e0-oser | Sacs \u00e0 mains | Boutique en ligne\",\"description\":\"\",\"publisher\":{\"@id\":\"https:\\\/\\\/www.jak-s.com\\\/en\\\/#organization\"},\"potentialAction\":[{\"@type\":\"SearchAction\",\"target\":{\"@type\":\"EntryPoint\",\"urlTemplate\":\"https:\\\/\\\/www.jak-s.com\\\/en\\\/?s={search_term_string}\"},\"query-input\":{\"@type\":\"PropertyValueSpecification\",\"valueRequired\":true,\"valueName\":\"search_term_string\"}}],\"inLanguage\":\"en-US\"},{\"@type\":\"Organization\",\"@id\":\"https:\\\/\\\/www.jak-s.com\\\/en\\\/#organization\",\"name\":\"Jak's\",\"url\":\"https:\\\/\\\/www.jak-s.com\\\/en\\\/\",\"logo\":{\"@type\":\"ImageObject\",\"inLanguage\":\"en-US\",\"@id\":\"https:\\\/\\\/www.jak-s.com\\\/en\\\/#\\\/schema\\\/logo\\\/image\\\/\",\"url\":\"https:\\\/\\\/www.jak-s.com\\\/wp-content\\\/uploads\\\/2020\\\/10\\\/logo-jaks-fr.png\",\"contentUrl\":\"https:\\\/\\\/www.jak-s.com\\\/wp-content\\\/uploads\\\/2020\\\/10\\\/logo-jaks-fr.png\",\"width\":134,\"height\":134,\"caption\":\"Jak's\"},\"image\":{\"@id\":\"https:\\\/\\\/www.jak-s.com\\\/en\\\/#\\\/schema\\\/logo\\\/image\\\/\"},\"sameAs\":[\"https:\\\/\\\/www.facebook.com\\\/jaks.concours\",\"https:\\\/\\\/www.instagram.com\\\/jaks_sacs_a_mains\\\/\"]}]}<\/script>\n<!-- \/ Yoast SEO plugin. -->","yoast_head_json":{"title":"About - Jak&#039;s | Pr\u00eat-\u00e0-oser | Sacs \u00e0 mains | Boutique en ligne","robots":{"index":"index","follow":"follow","max-snippet":"max-snippet:-1","max-image-preview":"max-image-preview:large","max-video-preview":"max-video-preview:-1"},"canonical":"https:\/\/www.jak-s.com\/en\/a-propos\/","og_locale":"en_US","og_type":"article","og_title":"About - Jak&#039;s | Pr\u00eat-\u00e0-oser | Sacs \u00e0 mains | Boutique en ligne","og_description":"JAK\u2019S is the adventure of two sisters, Karine and Sophie Dionne, who share a passion for fashion and design. So much so that, together, they gave up careers in engineering and international business in order to pursue their dream and true calling as fashion designers, adopting a Ready-to-Dare attitude. A combination of business savvy, talent [&hellip;]","og_url":"https:\/\/www.jak-s.com\/en\/a-propos\/","og_site_name":"Jak&#039;s | Pr\u00eat-\u00e0-oser | Sacs \u00e0 mains | Boutique en ligne","article_publisher":"https:\/\/www.facebook.com\/jaks.concours","article_modified_time":"2023-01-31T18:49:09+00:00","og_image":[{"url":"https:\/\/www.jak-s.com\/wp-content\/uploads\/2023\/01\/about.jpg","type":"","width":"","height":""}],"twitter_card":"summary_large_image","twitter_misc":{"Est. reading time":"3 minutes"},"schema":{"@context":"https:\/\/schema.org","@graph":[{"@type":"WebPage","@id":"https:\/\/www.jak-s.com\/en\/a-propos\/","url":"https:\/\/www.jak-s.com\/en\/a-propos\/","name":"About - Jak&#039;s | Pr\u00eat-\u00e0-oser | Sacs \u00e0 mains | Boutique en ligne","isPartOf":{"@id":"https:\/\/www.jak-s.com\/en\/#website"},"primaryImageOfPage":{"@id":"https:\/\/www.jak-s.com\/en\/a-propos\/#primaryimage"},"image":{"@id":"https:\/\/www.jak-s.com\/en\/a-propos\/#primaryimage"},"thumbnailUrl":"https:\/\/www.jak-s.com\/wp-content\/uploads\/2023\/01\/about.jpg","datePublished":"2020-10-20T11:12:09+00:00","dateModified":"2023-01-31T18:49:09+00:00","inLanguage":"en-US","potentialAction":[{"@type":"ReadAction","target":["https:\/\/www.jak-s.com\/en\/a-propos\/"]}]},{"@type":"ImageObject","inLanguage":"en-US","@id":"https:\/\/www.jak-s.com\/en\/a-propos\/#primaryimage","url":"https:\/\/www.jak-s.com\/wp-content\/uploads\/2023\/01\/about.jpg","contentUrl":"https:\/\/www.jak-s.com\/wp-content\/uploads\/2023\/01\/about.jpg"},{"@type":"WebSite","@id":"https:\/\/www.jak-s.com\/en\/#website","url":"https:\/\/www.jak-s.com\/en\/","name":"Jak&#039;s | Pr\u00eat-\u00e0-oser | Sacs \u00e0 mains | Boutique en ligne","description":"","publisher":{"@id":"https:\/\/www.jak-s.com\/en\/#organization"},"potentialAction":[{"@type":"SearchAction","target":{"@type":"EntryPoint","urlTemplate":"https:\/\/www.jak-s.com\/en\/?s={search_term_string}"},"query-input":{"@type":"PropertyValueSpecification","valueRequired":true,"valueName":"search_term_string"}}],"inLanguage":"en-US"},{"@type":"Organization","@id":"https:\/\/www.jak-s.com\/en\/#organization","name":"Jak's","url":"https:\/\/www.jak-s.com\/en\/","logo":{"@type":"ImageObject","inLanguage":"en-US","@id":"https:\/\/www.jak-s.com\/en\/#\/schema\/logo\/image\/","url":"https:\/\/www.jak-s.com\/wp-content\/uploads\/2020\/10\/logo-jaks-fr.png","contentUrl":"https:\/\/www.jak-s.com\/wp-content\/uploads\/2020\/10\/logo-jaks-fr.png","width":134,"height":134,"caption":"Jak's"},"image":{"@id":"https:\/\/www.jak-s.com\/en\/#\/schema\/logo\/image\/"},"sameAs":["https:\/\/www.facebook.com\/jaks.concours","https:\/\/www.instagram.com\/jaks_sacs_a_mains\/"]}]}},"_links":{"self":[{"href":"https:\/\/www.jak-s.com\/en\/wp-json\/wp\/v2\/pages\/8181","targetHints":{"allow":["GET"]}}],"collection":[{"href":"https:\/\/www.jak-s.com\/en\/wp-json\/wp\/v2\/pages"}],"about":[{"href":"https:\/\/www.jak-s.com\/en\/wp-json\/wp\/v2\/types\/page"}],"author":[{"embeddable":true,"href":"https:\/\/www.jak-s.com\/en\/wp-json\/wp\/v2\/users\/1"}],"replies":[{"embeddable":true,"href":"https:\/\/www.jak-s.com\/en\/wp-json\/wp\/v2\/comments?post=8181"}],"version-history":[{"count":1,"href":"https:\/\/www.jak-s.com\/en\/wp-json\/wp\/v2\/pages\/8181\/revisions"}],"predecessor-version":[{"id":28814,"href":"https:\/\/www.jak-s.com\/en\/wp-json\/wp\/v2\/pages\/8181\/revisions\/28814"}],"wp:attachment":[{"href":"https:\/\/www.jak-s.com\/en\/wp-json\/wp\/v2\/media?parent=8181"}],"curies":[{"name":"wp","href":"https:\/\/api.w.org\/{rel}","templated":true}]}}